{"id":1337,"date":"2024-01-31T13:32:08","date_gmt":"2024-01-31T12:32:08","guid":{"rendered":"https:\/\/dentalcrnic.com\/?page_id=1337"},"modified":"2025-04-14T15:52:15","modified_gmt":"2025-04-14T13:52:15","slug":"pomladivanje-koze-krvnom-plazmom-prgf","status":"publish","type":"page","link":"https:\/\/dentalcrnic.com\/en\/pomladivanje-koze-krvnom-plazmom-prgf\/","title":{"rendered":"Skin rejuvenation with blood plasma (PRGF)"},"content":{"rendered":"<div data-elementor-type=\"wp-page\" data-elementor-id=\"1337\" class=\"elementor elementor-1337\" data-elementor-settings=\"{&quot;ha_cmc_init_switcher&quot;:&quot;no&quot;}\" data-elementor-post-type=\"page\">\n\t\t\t\t<div class=\"elementor-element elementor-element-0352043 e-flex e-con-boxed e-con e-parent\" data-id=\"0352043\" data-element_type=\"container\" data-e-type=\"container\" data-settings=\"{&quot;_ha_eqh_enable&quot;:false}\">\n\t\t\t\t\t<div class=\"e-con-inner\">\n\t\t\t\t<div class=\"elementor-element elementor-element-628d1d7 elementor-widget elementor-widget-heading\" data-id=\"628d1d7\" data-element_type=\"widget\" data-e-type=\"widget\" data-widget_type=\"heading.default\">\n\t\t\t\t<div class=\"elementor-widget-container\">\n\t\t\t\t\t<div class=\"elementor-heading-title elementor-size-default\">Service<\/div>\t\t\t\t<\/div>\n\t\t\t\t<\/div>\n\t\t\t\t<div class=\"elementor-element elementor-element-afd4819 elementor-widget elementor-widget-heading\" data-id=\"afd4819\" data-element_type=\"widget\" data-e-type=\"widget\" data-widget_type=\"heading.default\">\n\t\t\t\t<div class=\"elementor-widget-container\">\n\t\t\t\t\t<div class=\"elementor-heading-title elementor-size-default\">Skin rejuvenation with blood plasma (PRGF)<\/div>\t\t\t\t<\/div>\n\t\t\t\t<\/div>\n\t\t\t\t<div class=\"elementor-element elementor-element-b77fe8f elementor-widget elementor-widget-image\" data-id=\"b77fe8f\" data-element_type=\"widget\" data-e-type=\"widget\" data-widget_type=\"image.default\">\n\t\t\t\t<div class=\"elementor-widget-container\">\n\t\t\t\t\t\t\t\t\t\t\t\t\t\t\t<img fetchpriority=\"high\" decoding=\"async\" width=\"800\" height=\"534\" src=\"https:\/\/dentalcrnic.com\/wp-content\/uploads\/2024\/02\/shutterstock_1391758715-rsz-1024x683.jpg\" class=\"attachment-large size-large wp-image-1474\" alt=\"\" srcset=\"https:\/\/dentalcrnic.com\/wp-content\/uploads\/2024\/02\/shutterstock_1391758715-rsz-1024x683.jpg 1024w, https:\/\/dentalcrnic.com\/wp-content\/uploads\/2024\/02\/shutterstock_1391758715-rsz-300x200.jpg 300w, https:\/\/dentalcrnic.com\/wp-content\/uploads\/2024\/02\/shutterstock_1391758715-rsz-768x512.jpg 768w, https:\/\/dentalcrnic.com\/wp-content\/uploads\/2024\/02\/shutterstock_1391758715-rsz-1536x1024.jpg 1536w, https:\/\/dentalcrnic.com\/wp-content\/uploads\/2024\/02\/shutterstock_1391758715-rsz.jpg 1600w\" sizes=\"(max-width: 800px) 100vw, 800px\" title=\"\">\t\t\t\t\t\t\t\t\t\t\t\t\t\t\t<\/div>\n\t\t\t\t<\/div>\n\t\t\t\t<div class=\"elementor-element elementor-element-4608a6b elementor-widget elementor-widget-text-editor\" data-id=\"4608a6b\" data-element_type=\"widget\" data-e-type=\"widget\" data-widget_type=\"text-editor.default\">\n\t\t\t\t<div class=\"elementor-widget-container\">\n\t\t\t\t\t\t\t\t\t<strong>The latest technology <\/strong>for facial skin rejuvenation \u2013 Skin rejuvenation with blood plasma.\n\n<strong>This is a completely natural treatment<\/strong>, where plasma derived solely from the patient's own blood is applied, making PRGF <strong>the most compatible aesthetic skin treatment possible<\/strong>. After drawing the patient's blood, we separate the plasma rich in growth factors by centrifugation and immediately apply it <strong>in the form of a mesotherapy treatment<\/strong> to the skin of the face. This method <strong>has surpassed the now outdated PRP method<\/strong> and has shown <strong>much better and longer-lasting results<\/strong>.\n\n<ul>\n \t<li>PRGF plasma treatment does not include leukocytes, which typically cause inflammation, resulting in almost <strong>no side effects&nbsp;<\/strong>and better outcomes.<\/li>\n \t<li><strong>It reduces the appearance of inflammatory acne and blackheads<\/strong> thus it is also recommended for younger patients in their teenage years who have problems with inflammatory acne, blackheads, and pimples).<\/li>\n \t<li><strong>It stimulates and accelerates tissue regeneration<\/strong>, thereby reducing wrinkles.<\/li>\n \t<li><strong>It promotes collagen production<\/strong>, the levels of which rapidly decline after the age of 30.<\/li>\n \t<li><strong>It evens out skin tone.<\/strong><\/li>\n \t<li><strong>It eliminates hyperpigmentation.<\/strong><\/li>\n \t<li><strong>It is compatible with other aesthetic facial treatments.<\/strong><\/li>\n \t<li>It nourishes, moisturizes, and <strong>firms the skin.<\/strong><\/li>\n<\/ul>\n\nPRGF mesotherapy with blood plasma does not have the effect of fillers, meaning <strong>it does not change the volume<\/strong> or shape of the face but <strong>only makes the skin firmer and of better quality<\/strong>. \n\nWe recommend it as <strong>as a primary treatment before any other aesthetic procedure<\/strong>. For the best results, we advise <strong>three treatments at two-week intervals<\/strong>, and later as per the desires and needs of the patient.\n\t\t\t\t\t\t\t\t<\/div>\n\t\t\t\t<\/div>\n\t\t\t\t<div class=\"elementor-element elementor-element-5a8919b elementor-widget elementor-widget-gallery\" data-id=\"5a8919b\" data-element_type=\"widget\" data-e-type=\"widget\" data-settings=\"{&quot;columns&quot;:2,&quot;lazyload&quot;:&quot;yes&quot;,&quot;gallery_layout&quot;:&quot;grid&quot;,&quot;columns_tablet&quot;:2,&quot;columns_mobile&quot;:1,&quot;gap&quot;:{&quot;unit&quot;:&quot;px&quot;,&quot;size&quot;:10,&quot;sizes&quot;:[]},&quot;gap_tablet&quot;:{&quot;unit&quot;:&quot;px&quot;,&quot;size&quot;:10,&quot;sizes&quot;:[]},&quot;gap_mobile&quot;:{&quot;unit&quot;:&quot;px&quot;,&quot;size&quot;:10,&quot;sizes&quot;:[]},&quot;link_to&quot;:&quot;file&quot;,&quot;aspect_ratio&quot;:&quot;3:2&quot;,&quot;overlay_background&quot;:&quot;yes&quot;,&quot;content_hover_animation&quot;:&quot;fade-in&quot;}\" data-widget_type=\"gallery.default\">\n\t\t\t\t<div class=\"elementor-widget-container\">\n\t\t\t\t\t\t\t<div class=\"elementor-gallery__container\">\n\t\t\t\t\t\t\t<a class=\"e-gallery-item elementor-gallery-item elementor-animated-content\" href=\"https:\/\/dentalcrnic.com\/wp-content\/uploads\/2024\/02\/OrdinacijaCrnic138-scaled.jpg\" data-elementor-open-lightbox=\"yes\" data-elementor-lightbox-slideshow=\"5a8919b\" data-elementor-lightbox-title=\"OrdinacijaCrnic(138)\" data-e-action-hash=\"#elementor-action%3Aaction%3Dlightbox%26settings%3DeyJpZCI6MTc3MCwidXJsIjoiaHR0cHM6XC9cL2RlbnRhbGNybmljLmNvbVwvd3AtY29udGVudFwvdXBsb2Fkc1wvMjAyNFwvMDJcL09yZGluYWNpamFDcm5pYzEzOC1zY2FsZWQuanBnIiwic2xpZGVzaG93IjoiNWE4OTE5YiJ9\">\n\t\t\t\t\t<div class=\"e-gallery-image elementor-gallery-item__image\" data-thumbnail=\"https:\/\/dentalcrnic.com\/wp-content\/uploads\/2024\/02\/OrdinacijaCrnic138-scaled.jpg\" data-width=\"1067\" data-height=\"1600\" aria-label=\"\" role=\"img\" ><\/div>\n\t\t\t\t\t\t\t\t\t\t\t<div class=\"elementor-gallery-item__overlay\"><\/div>\n\t\t\t\t\t\t\t\t\t\t\t\t\t\t<\/a>\n\t\t\t\t\t\t\t<a class=\"e-gallery-item elementor-gallery-item elementor-animated-content\" href=\"https:\/\/dentalcrnic.com\/wp-content\/uploads\/2024\/02\/OrdinacijaCrnic132-scaled.jpg\" data-elementor-open-lightbox=\"yes\" data-elementor-lightbox-slideshow=\"5a8919b\" data-elementor-lightbox-title=\"OrdinacijaCrnic(132)\" data-e-action-hash=\"#elementor-action%3Aaction%3Dlightbox%26settings%3DeyJpZCI6MTc2NywidXJsIjoiaHR0cHM6XC9cL2RlbnRhbGNybmljLmNvbVwvd3AtY29udGVudFwvdXBsb2Fkc1wvMjAyNFwvMDJcL09yZGluYWNpamFDcm5pYzEzMi1zY2FsZWQuanBnIiwic2xpZGVzaG93IjoiNWE4OTE5YiJ9\">\n\t\t\t\t\t<div class=\"e-gallery-image elementor-gallery-item__image\" data-thumbnail=\"https:\/\/dentalcrnic.com\/wp-content\/uploads\/2024\/02\/OrdinacijaCrnic132-scaled.jpg\" data-width=\"1067\" data-height=\"1600\" aria-label=\"\" role=\"img\" ><\/div>\n\t\t\t\t\t\t\t\t\t\t\t<div class=\"elementor-gallery-item__overlay\"><\/div>\n\t\t\t\t\t\t\t\t\t\t\t\t\t\t<\/a>\n\t\t\t\t\t<\/div>\n\t\t\t\t\t<\/div>\n\t\t\t\t<\/div>\n\t\t\t\t\t<\/div>\n\t\t\t\t<\/div>\n\t\t\t\t<\/div>","protected":false},"excerpt":{"rendered":"<p>Usluga Najnovija tehnologija za pomla\u0111ivanje ko\u017ee lica. &#8211; Pomla\u0111ivanje ko\u017ee krvnom plazmom Potpuno je prirodan tretman, pacijentu se aplicira plazma iz isklju\u010divo njegove krvi, \u0161to \u010dini PRGF najkompatibilnijim mogu\u0107im estetskim tretmanom ko\u017ee. Nakon \u0161to izvadimo pacijentu krv, centrifugiranjem odvajamo plazmu punu faktorima rasta i odmah ju primijenimo u obliku tretmana mezoterapije u ko\u017eu lica. Ova [&hellip;]<\/p>\n","protected":false},"author":1,"featured_media":0,"parent":0,"menu_order":0,"comment_status":"closed","ping_status":"closed","template":"elementor_header_footer","meta":{"_acf_changed":false,"footnotes":""},"class_list":["post-1337","page","type-page","status-publish","hentry"],"acf":[],"_links":{"self":[{"href":"https:\/\/dentalcrnic.com\/en\/wp-json\/wp\/v2\/pages\/1337","targetHints":{"allow":["GET"]}}],"collection":[{"href":"https:\/\/dentalcrnic.com\/en\/wp-json\/wp\/v2\/pages"}],"about":[{"href":"https:\/\/dentalcrnic.com\/en\/wp-json\/wp\/v2\/types\/page"}],"author":[{"embeddable":true,"href":"https:\/\/dentalcrnic.com\/en\/wp-json\/wp\/v2\/users\/1"}],"replies":[{"embeddable":true,"href":"https:\/\/dentalcrnic.com\/en\/wp-json\/wp\/v2\/comments?post=1337"}],"version-history":[{"count":19,"href":"https:\/\/dentalcrnic.com\/en\/wp-json\/wp\/v2\/pages\/1337\/revisions"}],"predecessor-version":[{"id":2355,"href":"https:\/\/dentalcrnic.com\/en\/wp-json\/wp\/v2\/pages\/1337\/revisions\/2355"}],"wp:attachment":[{"href":"https:\/\/dentalcrnic.com\/en\/wp-json\/wp\/v2\/media?parent=1337"}],"curies":[{"name":"wp","href":"https:\/\/api.w.org\/{rel}","templated":true}]}}