{"id":1339,"date":"2024-01-31T13:32:19","date_gmt":"2024-01-31T12:32:19","guid":{"rendered":"https:\/\/dentalcrnic.com\/?page_id=1339"},"modified":"2025-05-08T16:02:21","modified_gmt":"2025-05-08T14:02:21","slug":"prgf-endoret","status":"publish","type":"page","link":"https:\/\/dentalcrnic.com\/en\/prgf-endoret\/","title":{"rendered":"PRGF\u00ae ENDORET\u00ae"},"content":{"rendered":"<div data-elementor-type=\"wp-page\" data-elementor-id=\"1339\" class=\"elementor elementor-1339\" data-elementor-settings=\"{&quot;ha_cmc_init_switcher&quot;:&quot;no&quot;}\" data-elementor-post-type=\"page\">\n\t\t\t\t<div class=\"elementor-element elementor-element-1ea9f10 e-flex e-con-boxed e-con e-parent\" data-id=\"1ea9f10\" data-element_type=\"container\" data-e-type=\"container\" data-settings=\"{&quot;_ha_eqh_enable&quot;:false}\">\n\t\t\t\t\t<div class=\"e-con-inner\">\n\t\t\t\t<div class=\"elementor-element elementor-element-a353dc8 elementor-widget elementor-widget-heading\" data-id=\"a353dc8\" data-element_type=\"widget\" data-e-type=\"widget\" data-widget_type=\"heading.default\">\n\t\t\t\t<div class=\"elementor-widget-container\">\n\t\t\t\t\t<div class=\"elementor-heading-title elementor-size-default\">Service<\/div>\t\t\t\t<\/div>\n\t\t\t\t<\/div>\n\t\t\t\t<div class=\"elementor-element elementor-element-ca3a88e elementor-widget elementor-widget-heading\" data-id=\"ca3a88e\" data-element_type=\"widget\" data-e-type=\"widget\" data-widget_type=\"heading.default\">\n\t\t\t\t<div class=\"elementor-widget-container\">\n\t\t\t\t\t<div class=\"elementor-heading-title elementor-size-default\">PRGF\u00ae ENDORET\u00ae<\/div>\t\t\t\t<\/div>\n\t\t\t\t<\/div>\n\t\t\t\t<div class=\"elementor-element elementor-element-c99cf74 elementor-widget elementor-widget-image\" data-id=\"c99cf74\" data-element_type=\"widget\" data-e-type=\"widget\" data-widget_type=\"image.default\">\n\t\t\t\t<div class=\"elementor-widget-container\">\n\t\t\t\t\t\t\t\t\t\t\t\t\t\t\t<img fetchpriority=\"high\" decoding=\"async\" width=\"800\" height=\"534\" src=\"https:\/\/dentalcrnic.com\/wp-content\/uploads\/2024\/02\/OrdinacijaCrnic134-1024x683.jpg\" class=\"attachment-large size-large wp-image-1769\" alt=\"\" srcset=\"https:\/\/dentalcrnic.com\/wp-content\/uploads\/2024\/02\/OrdinacijaCrnic134-1024x683.jpg 1024w, https:\/\/dentalcrnic.com\/wp-content\/uploads\/2024\/02\/OrdinacijaCrnic134-300x200.jpg 300w, https:\/\/dentalcrnic.com\/wp-content\/uploads\/2024\/02\/OrdinacijaCrnic134-768x512.jpg 768w, https:\/\/dentalcrnic.com\/wp-content\/uploads\/2024\/02\/OrdinacijaCrnic134-1536x1025.jpg 1536w, https:\/\/dentalcrnic.com\/wp-content\/uploads\/2024\/02\/OrdinacijaCrnic134.jpg 1600w\" sizes=\"(max-width: 800px) 100vw, 800px\" title=\"\">\t\t\t\t\t\t\t\t\t\t\t\t\t\t\t<\/div>\n\t\t\t\t<\/div>\n\t\t\t\t<div class=\"elementor-element elementor-element-bf4a5f7 elementor-widget elementor-widget-text-editor\" data-id=\"bf4a5f7\" data-element_type=\"widget\" data-e-type=\"widget\" data-widget_type=\"text-editor.default\">\n\t\t\t\t<div class=\"elementor-widget-container\">\n\t\t\t\t\t\t\t\t\t<p>PRGF\u00ae ENDORET\u00ae \u2013 (Plasma Rich in Growth Factors | Endogenous Regenerative Technology) or <strong>platelet-rich plasma<\/strong>. This regenerative technique utilizes growth factors from the patient's blood to promote <strong>faster recovery<\/strong>, as well as <strong>reduce swelling and pain<\/strong> after a surgical procedure.<\/p><p>On the day of the procedure, blood is drawn from the patient, and this blood is then centrifuged and processed \u2013 isolating the growth factors for use in <strong>implant placement<\/strong>, other <strong>oral surgical procedures, or in facial aesthetics in the form of mesotherapy<\/strong>. The goal is <strong>to minimize postoperative pain and swelling, ensure a faster recovery<\/strong>, and improve predictability, success, and longevity of the procedures.<\/p><p>In addition to oral surgery, PRGF technology is becoming <strong>increasingly popular in facial aesthetics<\/strong> for <strong>skin regeneration<\/strong>&nbsp;and has shown excellent results.<\/p>\t\t\t\t\t\t\t\t<\/div>\n\t\t\t\t<\/div>\n\t\t\t\t<div class=\"elementor-element elementor-element-01e6038 elementor-widget elementor-widget-image\" data-id=\"01e6038\" data-element_type=\"widget\" data-e-type=\"widget\" data-widget_type=\"image.default\">\n\t\t\t\t<div class=\"elementor-widget-container\">\n\t\t\t\t\t\t\t\t\t\t\t\t\t\t\t\t<a href=\"https:\/\/dentalcrnic.com\/wp-content\/uploads\/2024\/02\/OrdinacijaCrnic133-scaled.jpg\" data-elementor-open-lightbox=\"yes\" data-elementor-lightbox-title=\"OrdinacijaCrnic(133)\" data-e-action-hash=\"#elementor-action%3Aaction%3Dlightbox%26settings%3DeyJpZCI6MTc2OCwidXJsIjoiaHR0cHM6XC9cL2RlbnRhbGNybmljLmNvbVwvd3AtY29udGVudFwvdXBsb2Fkc1wvMjAyNFwvMDJcL09yZGluYWNpamFDcm5pYzEzMy1zY2FsZWQuanBnIn0%3D\">\n\t\t\t\t\t\t\t<img decoding=\"async\" width=\"1067\" height=\"1600\" src=\"https:\/\/dentalcrnic.com\/wp-content\/uploads\/2024\/02\/OrdinacijaCrnic133-scaled.jpg\" class=\"attachment-full size-full wp-image-1768\" alt=\"\" srcset=\"https:\/\/dentalcrnic.com\/wp-content\/uploads\/2024\/02\/OrdinacijaCrnic133-scaled.jpg 1067w, https:\/\/dentalcrnic.com\/wp-content\/uploads\/2024\/02\/OrdinacijaCrnic133-200x300.jpg 200w, https:\/\/dentalcrnic.com\/wp-content\/uploads\/2024\/02\/OrdinacijaCrnic133-683x1024.jpg 683w, https:\/\/dentalcrnic.com\/wp-content\/uploads\/2024\/02\/OrdinacijaCrnic133-768x1152.jpg 768w, https:\/\/dentalcrnic.com\/wp-content\/uploads\/2024\/02\/OrdinacijaCrnic133-1024x1536.jpg 1024w, https:\/\/dentalcrnic.com\/wp-content\/uploads\/2024\/02\/OrdinacijaCrnic133-1366x2048.jpg 1366w\" sizes=\"(max-width: 1067px) 100vw, 1067px\" title=\"\">\t\t\t\t\t\t\t\t<\/a>\n\t\t\t\t\t\t\t\t\t\t\t\t\t\t\t<\/div>\n\t\t\t\t<\/div>\n\t\t\t\t\t<\/div>\n\t\t\t\t<\/div>\n\t\t\t\t<\/div>","protected":false},"excerpt":{"rendered":"<p>Usluga PRGF\u00ae ENDORET\u00ae &#8211; (PlasmaRich in GrowthFactor | EndogeneusRegenerativeTechnology) ili plazma bogata faktorima rasta. Regenerativna tehnika koja koristi faktore rasta iz krvi pacijenta radi br\u017eeg oporavka, te manje otekline i boli nakon kirur\u0161kog zahvata. Pacijentu se izvadi krv na dan zahvata, te se ta krv centrifugira i obra\u0111uje \u2013 izoliraju se faktori rasta i koriste [&hellip;]<\/p>\n","protected":false},"author":1,"featured_media":0,"parent":0,"menu_order":0,"comment_status":"closed","ping_status":"closed","template":"elementor_header_footer","meta":{"_acf_changed":false,"footnotes":""},"class_list":["post-1339","page","type-page","status-publish","hentry"],"acf":[],"_links":{"self":[{"href":"https:\/\/dentalcrnic.com\/en\/wp-json\/wp\/v2\/pages\/1339","targetHints":{"allow":["GET"]}}],"collection":[{"href":"https:\/\/dentalcrnic.com\/en\/wp-json\/wp\/v2\/pages"}],"about":[{"href":"https:\/\/dentalcrnic.com\/en\/wp-json\/wp\/v2\/types\/page"}],"author":[{"embeddable":true,"href":"https:\/\/dentalcrnic.com\/en\/wp-json\/wp\/v2\/users\/1"}],"replies":[{"embeddable":true,"href":"https:\/\/dentalcrnic.com\/en\/wp-json\/wp\/v2\/comments?post=1339"}],"version-history":[{"count":41,"href":"https:\/\/dentalcrnic.com\/en\/wp-json\/wp\/v2\/pages\/1339\/revisions"}],"predecessor-version":[{"id":2396,"href":"https:\/\/dentalcrnic.com\/en\/wp-json\/wp\/v2\/pages\/1339\/revisions\/2396"}],"wp:attachment":[{"href":"https:\/\/dentalcrnic.com\/en\/wp-json\/wp\/v2\/media?parent=1339"}],"curies":[{"name":"wp","href":"https:\/\/api.w.org\/{rel}","templated":true}]}}