{"id":2333,"date":"2025-03-17T09:37:21","date_gmt":"2025-03-17T08:37:21","guid":{"rendered":"https:\/\/dentalcrnic.com\/?page_id=2333"},"modified":"2026-04-10T11:50:56","modified_gmt":"2026-04-10T09:50:56","slug":"tretman-egzosomima","status":"publish","type":"page","link":"https:\/\/dentalcrnic.com\/en\/tretman-egzosomima\/","title":{"rendered":"TRETMAN EGZOSOMIMA"},"content":{"rendered":"<div data-elementor-type=\"wp-page\" data-elementor-id=\"2333\" class=\"elementor elementor-2333\" data-elementor-settings=\"{&quot;ha_cmc_init_switcher&quot;:&quot;no&quot;}\" data-elementor-post-type=\"page\">\n\t\t\t\t<div class=\"elementor-element elementor-element-9555510 e-flex e-con-boxed e-con e-parent\" data-id=\"9555510\" data-element_type=\"container\" data-e-type=\"container\" data-settings=\"{&quot;_ha_eqh_enable&quot;:false}\">\n\t\t\t\t\t<div class=\"e-con-inner\">\n\t\t\t\t<div class=\"elementor-element elementor-element-e279d57 elementor-widget elementor-widget-heading\" data-id=\"e279d57\" data-element_type=\"widget\" data-e-type=\"widget\" data-widget_type=\"heading.default\">\n\t\t\t\t<div class=\"elementor-widget-container\">\n\t\t\t\t\t<div class=\"elementor-heading-title elementor-size-default\">Service<\/div>\t\t\t\t<\/div>\n\t\t\t\t<\/div>\n\t\t\t\t<div class=\"elementor-element elementor-element-8c1fabf elementor-widget elementor-widget-heading\" data-id=\"8c1fabf\" data-element_type=\"widget\" data-e-type=\"widget\" data-widget_type=\"heading.default\">\n\t\t\t\t<div class=\"elementor-widget-container\">\n\t\t\t\t\t<div class=\"elementor-heading-title elementor-size-default\">Exosome treatment <\/div>\t\t\t\t<\/div>\n\t\t\t\t<\/div>\n\t\t\t\t<div class=\"elementor-element elementor-element-ac941b8 elementor-widget elementor-widget-image\" data-id=\"ac941b8\" data-element_type=\"widget\" data-e-type=\"widget\" data-widget_type=\"image.default\">\n\t\t\t\t<div class=\"elementor-widget-container\">\n\t\t\t\t\t\t\t\t\t\t\t\t\t\t\t<img fetchpriority=\"high\" decoding=\"async\" width=\"800\" height=\"533\" src=\"https:\/\/dentalcrnic.com\/wp-content\/uploads\/2025\/03\/2149374054-1-1024x682.jpg\" class=\"attachment-large size-large wp-image-2340\" alt=\"\" srcset=\"https:\/\/dentalcrnic.com\/wp-content\/uploads\/2025\/03\/2149374054-1-1024x682.jpg 1024w, https:\/\/dentalcrnic.com\/wp-content\/uploads\/2025\/03\/2149374054-1-300x200.jpg 300w, https:\/\/dentalcrnic.com\/wp-content\/uploads\/2025\/03\/2149374054-1-768x512.jpg 768w, https:\/\/dentalcrnic.com\/wp-content\/uploads\/2025\/03\/2149374054-1-1536x1024.jpg 1536w, https:\/\/dentalcrnic.com\/wp-content\/uploads\/2025\/03\/2149374054-1.jpg 2000w\" sizes=\"(max-width: 800px) 100vw, 800px\" title=\"\">\t\t\t\t\t\t\t\t\t\t\t\t\t\t\t<\/div>\n\t\t\t\t<\/div>\n\t\t\t\t<div class=\"elementor-element elementor-element-2158e20 elementor-widget elementor-widget-text-editor\" data-id=\"2158e20\" data-element_type=\"widget\" data-e-type=\"widget\" data-widget_type=\"text-editor.default\">\n\t\t\t\t<div class=\"elementor-widget-container\">\n\t\t\t\t\t\t\t\t\t<p>Exosome therapy is one of the <strong>most popular rejuvenation treatments<\/strong> currently used in regenerative medicine.<\/p>\n<p>Exosome treatments are suitable for <strong>all skin types<\/strong>.<\/p>\n<p>They have <strong>anti-inflammatory&nbsp;<\/strong>effects, stimulate <strong>collagen production<\/strong>, strengthen the skin barrier, promote <strong>skin regeneration<\/strong>, <strong>reduce wrinkles, acne scars, and pores<\/strong>&nbsp;enhance skin tone, and <strong>diminish hyperpigmentation.<\/strong><\/p>\n<p>Exosomes are <strong>key components in cell renewal<\/strong>, encouraging the skin to create hydration from within, resulting in renewed, healthy, and youthful-looking skin.<\/p>\n<p>In our clinic, we perform <strong>microneedling with exosomes. <\/strong>This treatment represents an innovative combination of microneedling technology and exosomes to achieve healthier, rejuvenated, and radiant skin in a non-invasive manner.<\/p>\n<p><strong>How do exosomes work?<\/strong><\/p>\n<ul>\n<li>They have anti-inflammatory effects.<\/li>\n<li>They stimulate collagen production.<\/li>\n<li>They reduce wrinkles, scars, and pores.<\/li>\n<li>They alleviate hyperpigmentation.<\/li>\n<li>They promote skin renewal.<\/li>\n<li>They strengthen the skin barrier.<\/li>\n<li>They improve skin tone.<\/li>\n<li>They have a strong anti-aging effect.<\/li>\n<li>They help control water loss from the skin.<\/li>\n<\/ul>\n<p><strong>Indications for exosome application:<\/strong><\/p>\n<ul>\n<li>Acne-prone skin with acne scars.<\/li>\n<li>Sensitive, thin skin prone to irritation.<\/li>\n<li>Skin redness.<\/li>\n<li>Skin that has lost elasticity.<\/li>\n<li>Wrinkled skin.<\/li>\n<li>Rough and dry skin.<\/li>\n<li>Enlarged pores.<\/li>\n<li>Skin with low regenerative processes.<\/li>\n<\/ul>\n<p>A minimum of <strong>three treatments&nbsp;<\/strong>is recommended, and to achieve maximum results, four to five treatments are suggested:<\/p>\n<ul>\n<li>1st-3rd treatment: <strong>every two weeks.<\/strong><\/li>\n<li>4th-5th treatment: at one-month intervals.<\/li>\n<li>&nbsp;<\/li>\n<\/ul>\n<div>\n<p data-start=\"129\" data-end=\"446\">Cijena tretmana egzosomima (microneedling) iznosi 300 \u20ac po tretmanu, dok paket od 3 tretmana iznosi 800 \u20ac.<br data-start=\"243\" data-end=\"246\">Radi postizanja optimalnih i dugoro\u010dnih rezultata, terapija se preporu\u010duje u seriji, uz individualno planiran pristup.<br data-start=\"364\" data-end=\"367\">Zbog visokih standarda rada i personalizirane skrbi, broj termina je ograni\u010den.<\/p>\n<\/div>\t\t\t\t\t\t\t\t<\/div>\n\t\t\t\t<\/div>\n\t\t\t\t\t<\/div>\n\t\t\t\t<\/div>\n\t\t\t\t<\/div>","protected":false},"excerpt":{"rendered":"<p>Usluga Tretman egzosomima Egzosomska terapija jedna je od najpopularnijih terapija pomla\u0111ivanja koja se trenutno primjenjuje u regenerativnoj medicini. Tretmani egzosomima namijenjeni su svim tipovima ko\u017ee. Djeluju protuupalno, poti\u010du stvaranje kolagena, ja\u010daju ko\u017enu barijeru, poti\u010du regeneraciju ko\u017ee, ubla\u017eavaju bore, o\u017eiljke od akni i pore, u\u010dvr\u0161\u0107uju tonus ko\u017ee i ubla\u017eavaju hiperpigmentacije. Egzosomi su klju\u010dni sastojci u obnavljanju [&hellip;]<\/p>\n","protected":false},"author":1,"featured_media":0,"parent":0,"menu_order":0,"comment_status":"closed","ping_status":"closed","template":"","meta":{"_acf_changed":false,"footnotes":""},"class_list":["post-2333","page","type-page","status-publish","hentry"],"acf":[],"_links":{"self":[{"href":"https:\/\/dentalcrnic.com\/en\/wp-json\/wp\/v2\/pages\/2333","targetHints":{"allow":["GET"]}}],"collection":[{"href":"https:\/\/dentalcrnic.com\/en\/wp-json\/wp\/v2\/pages"}],"about":[{"href":"https:\/\/dentalcrnic.com\/en\/wp-json\/wp\/v2\/types\/page"}],"author":[{"embeddable":true,"href":"https:\/\/dentalcrnic.com\/en\/wp-json\/wp\/v2\/users\/1"}],"replies":[{"embeddable":true,"href":"https:\/\/dentalcrnic.com\/en\/wp-json\/wp\/v2\/comments?post=2333"}],"version-history":[{"count":25,"href":"https:\/\/dentalcrnic.com\/en\/wp-json\/wp\/v2\/pages\/2333\/revisions"}],"predecessor-version":[{"id":2834,"href":"https:\/\/dentalcrnic.com\/en\/wp-json\/wp\/v2\/pages\/2333\/revisions\/2834"}],"wp:attachment":[{"href":"https:\/\/dentalcrnic.com\/en\/wp-json\/wp\/v2\/media?parent=2333"}],"curies":[{"name":"wp","href":"https:\/\/api.w.org\/{rel}","templated":true}]}}