{"id":375,"date":"2023-12-21T14:30:46","date_gmt":"2023-12-21T13:30:46","guid":{"rendered":"https:\/\/dentalcrnic.com\/?page_id=375"},"modified":"2026-04-01T13:06:28","modified_gmt":"2026-04-01T11:06:28","slug":"o-nama","status":"publish","type":"page","link":"https:\/\/dentalcrnic.com\/en\/o-nama\/","title":{"rendered":"About us"},"content":{"rendered":"<div data-elementor-type=\"wp-page\" data-elementor-id=\"375\" class=\"elementor elementor-375\" data-elementor-settings=\"{&quot;ha_cmc_init_switcher&quot;:&quot;no&quot;}\" data-elementor-post-type=\"page\">\n\t\t\t\t<div class=\"elementor-element elementor-element-abf2686 apl-about e-flex e-con-boxed e-con e-parent\" data-id=\"abf2686\" data-element_type=\"container\" data-e-type=\"container\" data-settings=\"{&quot;_ha_eqh_enable&quot;:false}\">\n\t\t\t\t\t<div class=\"e-con-inner\">\n\t\t<div class=\"elementor-element elementor-element-39c849e e-con-full e-flex e-con e-child\" data-id=\"39c849e\" data-element_type=\"container\" data-e-type=\"container\" data-settings=\"{&quot;_ha_eqh_enable&quot;:false}\">\n\t\t\t\t<div class=\"elementor-element elementor-element-a4762f2 elementor-widget elementor-widget-image\" data-id=\"a4762f2\" data-element_type=\"widget\" data-e-type=\"widget\" data-widget_type=\"image.default\">\n\t\t\t\t<div class=\"elementor-widget-container\">\n\t\t\t\t\t\t\t\t\t\t\t\t\t\t\t<img fetchpriority=\"high\" decoding=\"async\" width=\"683\" height=\"1024\" src=\"https:\/\/dentalcrnic.com\/wp-content\/uploads\/2024\/02\/OrdinacijaCrnic144-683x1024.jpg\" class=\"attachment-large size-large wp-image-1771\" alt=\"\" srcset=\"https:\/\/dentalcrnic.com\/wp-content\/uploads\/2024\/02\/OrdinacijaCrnic144-683x1024.jpg 683w, https:\/\/dentalcrnic.com\/wp-content\/uploads\/2024\/02\/OrdinacijaCrnic144-200x300.jpg 200w, https:\/\/dentalcrnic.com\/wp-content\/uploads\/2024\/02\/OrdinacijaCrnic144-768x1152.jpg 768w, https:\/\/dentalcrnic.com\/wp-content\/uploads\/2024\/02\/OrdinacijaCrnic144-1024x1536.jpg 1024w, https:\/\/dentalcrnic.com\/wp-content\/uploads\/2024\/02\/OrdinacijaCrnic144-1366x2048.jpg 1366w, https:\/\/dentalcrnic.com\/wp-content\/uploads\/2024\/02\/OrdinacijaCrnic144-scaled.jpg 1067w\" sizes=\"(max-width: 683px) 100vw, 683px\" title=\"\">\t\t\t\t\t\t\t\t\t\t\t\t\t\t\t<\/div>\n\t\t\t\t<\/div>\n\t\t\t\t<\/div>\n\t\t<div class=\"elementor-element elementor-element-626adb8 e-con-full e-flex e-con e-child\" data-id=\"626adb8\" data-element_type=\"container\" data-e-type=\"container\" data-settings=\"{&quot;_ha_eqh_enable&quot;:false}\">\n\t\t\t\t<div class=\"elementor-element elementor-element-0564000 elementor-widget elementor-widget-text-editor\" data-id=\"0564000\" data-element_type=\"widget\" data-e-type=\"widget\" data-widget_type=\"text-editor.default\">\n\t\t\t\t<div class=\"elementor-widget-container\">\n\t\t\t\t\t\t\t\t\t<p><strong>Kristina Crni\u0107, Doctor of Dental Medicine (DMD)<\/strong><\/p><p><em>\u201eI believe that the approach to patients is very important in the dental profession, as well as calmness and composure while working. Throughout my education and work experience, I have developed excellent communication skills. I believe that open and honest communication, understanding, and consideration for both patients and colleagues are of key importance.<\/em><\/p><p><em>By nature, I am a perfectionist; therefore, I strive for meticulousness and quality work.<\/em><\/p><p><em>My passion for the dental profession constantly drives me forward and encourages me to become a better and more skilled dentist.<\/em><\/p><p><em>I consider myself primarily a doctor, and my job is to help patients, ensuring that they have a painless and as comfortable experience as possible while in the dental chair.\u201d<\/em><\/p><p>Kristina Crni\u0107 dr.med.dent.<\/p>\t\t\t\t\t\t\t\t<\/div>\n\t\t\t\t<\/div>\n\t\t\t\t<\/div>\n\t\t\t\t\t<\/div>\n\t\t\t\t<\/div>\n\t\t<div class=\"elementor-element elementor-element-c0c52f6 apl-about e-flex e-con-boxed e-con e-parent\" data-id=\"c0c52f6\" data-element_type=\"container\" data-e-type=\"container\" data-settings=\"{&quot;_ha_eqh_enable&quot;:false}\">\n\t\t\t\t\t<div class=\"e-con-inner\">\n\t\t<div class=\"elementor-element elementor-element-1afb91c e-con-full e-flex e-con e-child\" data-id=\"1afb91c\" data-element_type=\"container\" data-e-type=\"container\" data-settings=\"{&quot;_ha_eqh_enable&quot;:false}\">\n\t\t\t\t<div class=\"elementor-element elementor-element-f871ce4 elementor-widget elementor-widget-image\" data-id=\"f871ce4\" data-element_type=\"widget\" data-e-type=\"widget\" data-widget_type=\"image.default\">\n\t\t\t\t<div class=\"elementor-widget-container\">\n\t\t\t\t\t\t\t\t\t\t\t\t\t\t\t<img decoding=\"async\" width=\"768\" height=\"1024\" src=\"https:\/\/dentalcrnic.com\/wp-content\/uploads\/2024\/06\/IMG-20240626-WA0010-768x1024.jpg\" class=\"attachment-large size-large wp-image-2258\" alt=\"\" srcset=\"https:\/\/dentalcrnic.com\/wp-content\/uploads\/2024\/06\/IMG-20240626-WA0010-768x1024.jpg 768w, https:\/\/dentalcrnic.com\/wp-content\/uploads\/2024\/06\/IMG-20240626-WA0010-225x300.jpg 225w, https:\/\/dentalcrnic.com\/wp-content\/uploads\/2024\/06\/IMG-20240626-WA0010-1152x1536.jpg 1152w, https:\/\/dentalcrnic.com\/wp-content\/uploads\/2024\/06\/IMG-20240626-WA0010.jpg 1200w\" sizes=\"(max-width: 768px) 100vw, 768px\" title=\"\">\t\t\t\t\t\t\t\t\t\t\t\t\t\t\t<\/div>\n\t\t\t\t<\/div>\n\t\t\t\t<\/div>\n\t\t<div class=\"elementor-element elementor-element-9ebb32f e-con-full e-flex e-con e-child\" data-id=\"9ebb32f\" data-element_type=\"container\" data-e-type=\"container\" data-settings=\"{&quot;_ha_eqh_enable&quot;:false}\">\n\t\t\t\t<div class=\"elementor-element elementor-element-8882d7d elementor-widget elementor-widget-text-editor\" data-id=\"8882d7d\" data-element_type=\"widget\" data-e-type=\"widget\" data-widget_type=\"text-editor.default\">\n\t\t\t\t<div class=\"elementor-widget-container\">\n\t\t\t\t\t\t\t\t\t<p><strong>An\u0111elika Vu\u010dkovi\u0107, Doctor of Dental Medicine (DMD)<\/strong><\/p><p>Dr. An\u0111elika graduated from the Faculty of Medicine at the University of Split. After that, she gained experience by working as a substitute in general dentistry practices in Sinj and Zagreb, and later for an extended period in one of the larger polyclinics in Zagreb.<\/p><p>Our An\u0111elika is a warm and cheerful, meticulous and responsible doctor, with whom all your fears of the dentist will fade away.<\/p>\t\t\t\t\t\t\t\t<\/div>\n\t\t\t\t<\/div>\n\t\t\t\t<\/div>\n\t\t\t\t\t<\/div>\n\t\t\t\t<\/div>\n\t\t<div class=\"elementor-element elementor-element-5a63b33 apl-about e-flex e-con-boxed e-con e-parent\" data-id=\"5a63b33\" data-element_type=\"container\" data-e-type=\"container\" data-settings=\"{&quot;_ha_eqh_enable&quot;:false}\">\n\t\t\t\t\t<div class=\"e-con-inner\">\n\t\t<div class=\"elementor-element elementor-element-45d611b e-con-full e-flex e-con e-child\" data-id=\"45d611b\" data-element_type=\"container\" data-e-type=\"container\" data-settings=\"{&quot;_ha_eqh_enable&quot;:false}\">\n\t\t\t\t<div class=\"elementor-element elementor-element-9fdbbb0 elementor-widget elementor-widget-image\" data-id=\"9fdbbb0\" data-element_type=\"widget\" data-e-type=\"widget\" data-widget_type=\"image.default\">\n\t\t\t\t<div class=\"elementor-widget-container\">\n\t\t\t\t\t\t\t\t\t\t\t\t\t\t\t<img decoding=\"async\" width=\"683\" height=\"1024\" src=\"https:\/\/dentalcrnic.com\/wp-content\/uploads\/2025\/11\/7.webp\" class=\"attachment-large size-large wp-image-2779\" alt=\"\" srcset=\"https:\/\/dentalcrnic.com\/wp-content\/uploads\/2025\/11\/7.webp 683w, https:\/\/dentalcrnic.com\/wp-content\/uploads\/2025\/11\/7-200x300.webp 200w, https:\/\/dentalcrnic.com\/wp-content\/uploads\/2025\/11\/7-8x12.webp 8w\" sizes=\"(max-width: 683px) 100vw, 683px\" title=\"\">\t\t\t\t\t\t\t\t\t\t\t\t\t\t\t<\/div>\n\t\t\t\t<\/div>\n\t\t\t\t<\/div>\n\t\t<div class=\"elementor-element elementor-element-a3e644f e-con-full e-flex e-con e-child\" data-id=\"a3e644f\" data-element_type=\"container\" data-e-type=\"container\" data-settings=\"{&quot;_ha_eqh_enable&quot;:false}\">\n\t\t\t\t<div class=\"elementor-element elementor-element-a5a50d3 elementor-widget elementor-widget-text-editor\" data-id=\"a5a50d3\" data-element_type=\"widget\" data-e-type=\"widget\" data-widget_type=\"text-editor.default\">\n\t\t\t\t<div class=\"elementor-widget-container\">\n\t\t\t\t\t\t\t\t\t<p><strong>Mirta Kucljak, Doctor of Dental Medicine (DMD)<\/strong><\/p><p>Dr. Mirta graduated from the Faculty of Dentistry in Zagreb, and gained experience working in a private practice. She is cheerful, smiling and responsible, always striving to create a pleasant atmosphere in which patients feel relaxed. With her approach, she strives to make every visit to the dentist as pleasant as possible.<\/p>\t\t\t\t\t\t\t\t<\/div>\n\t\t\t\t<\/div>\n\t\t\t\t<\/div>\n\t\t\t\t\t<\/div>\n\t\t\t\t<\/div>\n\t\t\t\t<\/div>","protected":false},"excerpt":{"rendered":"<p>Kristina Crni\u0107, doktor dentalne medicine \u201eSmatram da je u stomatolo\u0161koj profesiji jako bitan pristup pacijentu, te smirenost i stalo\u017eenost pri radu. Tijekom svojeg \u0161kolovanja i radnog sta\u017ea razvila sam odli\u010dne komunikacijske vje\u0161tine. Vjerujem da su otvorena i iskrena komunikacija, razumijevanje i obzirnost prema pacijentima, a i kolegama od klju\u010dne va\u017enosti. Po prirodi sam perfekcionist, pa [&hellip;]<\/p>\n","protected":false},"author":1,"featured_media":0,"parent":0,"menu_order":0,"comment_status":"closed","ping_status":"closed","template":"","meta":{"_acf_changed":false,"footnotes":""},"class_list":["post-375","page","type-page","status-publish","hentry"],"acf":[],"_links":{"self":[{"href":"https:\/\/dentalcrnic.com\/en\/wp-json\/wp\/v2\/pages\/375","targetHints":{"allow":["GET"]}}],"collection":[{"href":"https:\/\/dentalcrnic.com\/en\/wp-json\/wp\/v2\/pages"}],"about":[{"href":"https:\/\/dentalcrnic.com\/en\/wp-json\/wp\/v2\/types\/page"}],"author":[{"embeddable":true,"href":"https:\/\/dentalcrnic.com\/en\/wp-json\/wp\/v2\/users\/1"}],"replies":[{"embeddable":true,"href":"https:\/\/dentalcrnic.com\/en\/wp-json\/wp\/v2\/comments?post=375"}],"version-history":[{"count":55,"href":"https:\/\/dentalcrnic.com\/en\/wp-json\/wp\/v2\/pages\/375\/revisions"}],"predecessor-version":[{"id":2831,"href":"https:\/\/dentalcrnic.com\/en\/wp-json\/wp\/v2\/pages\/375\/revisions\/2831"}],"wp:attachment":[{"href":"https:\/\/dentalcrnic.com\/en\/wp-json\/wp\/v2\/media?parent=375"}],"curies":[{"name":"wp","href":"https:\/\/api.w.org\/{rel}","templated":true}]}}