{"id":381,"date":"2023-12-21T14:31:15","date_gmt":"2023-12-21T13:31:15","guid":{"rendered":"https:\/\/dentalcrnic.com\/?page_id=381"},"modified":"2024-02-19T11:35:00","modified_gmt":"2024-02-19T10:35:00","slug":"usluge","status":"publish","type":"page","link":"https:\/\/dentalcrnic.com\/en\/usluge\/","title":{"rendered":"Services"},"content":{"rendered":"<div data-elementor-type=\"wp-page\" data-elementor-id=\"381\" class=\"elementor elementor-381\" data-elementor-settings=\"{&quot;ha_cmc_init_switcher&quot;:&quot;no&quot;}\" data-elementor-post-type=\"page\">\n\t\t\t\t<div class=\"elementor-element elementor-element-66e78a7 e-flex e-con-boxed e-con e-parent\" data-id=\"66e78a7\" data-element_type=\"container\" data-e-type=\"container\" data-settings=\"{&quot;_ha_eqh_enable&quot;:false}\">\n\t\t\t\t\t<div class=\"e-con-inner\">\n\t\t\t\t<div class=\"elementor-element elementor-element-47271ee elementor-widget elementor-widget-heading\" data-id=\"47271ee\" data-element_type=\"widget\" data-e-type=\"widget\" data-widget_type=\"heading.default\">\n\t\t\t\t<div class=\"elementor-widget-container\">\n\t\t\t\t\t<h2 class=\"elementor-heading-title elementor-size-default\">Na\u0161e usluge<\/h2>\t\t\t\t<\/div>\n\t\t\t\t<\/div>\n\t\t\t\t<div class=\"elementor-element elementor-element-3eff283 elementor-widget__width-inherit elementor-widget elementor-widget-heading\" data-id=\"3eff283\" data-element_type=\"widget\" data-e-type=\"widget\" data-widget_type=\"heading.default\">\n\t\t\t\t<div class=\"elementor-widget-container\">\n\t\t\t\t\t<h1 class=\"elementor-heading-title elementor-size-default\">Services from our offer<\/h1>\t\t\t\t<\/div>\n\t\t\t\t<\/div>\n\t\t<a class=\"elementor-element elementor-element-f96a785 e-con-full e-flex e-con e-child\" data-id=\"f96a785\" data-element_type=\"container\" data-e-type=\"container\" data-settings=\"{&quot;background_background&quot;:&quot;classic&quot;,&quot;_ha_eqh_enable&quot;:false}\" href=\"https:\/\/dentalcrnic.com\/en\/protetika\/\">\n\t\t\t\t<div class=\"elementor-element elementor-element-ef456d2 ha-has-bg-overlay elementor-widget elementor-widget-heading\" data-id=\"ef456d2\" data-element_type=\"widget\" data-e-type=\"widget\" data-widget_type=\"heading.default\">\n\t\t\t\t<div class=\"elementor-widget-container\">\n\t\t\t\t\t<span class=\"elementor-heading-title elementor-size-default\">Prosthodontics<\/span>\t\t\t\t<\/div>\n\t\t\t\t<\/div>\n\t\t\t\t<\/a>\n\t\t<a class=\"elementor-element elementor-element-554874d e-con-full e-flex e-con e-child\" data-id=\"554874d\" data-element_type=\"container\" data-e-type=\"container\" data-settings=\"{&quot;background_background&quot;:&quot;classic&quot;,&quot;_ha_eqh_enable&quot;:false}\" href=\"https:\/\/dentalcrnic.com\/en\/estetska-stomatologija\/\">\n\t\t\t\t<div class=\"elementor-element elementor-element-8566802 ha-has-bg-overlay elementor-widget elementor-widget-heading\" data-id=\"8566802\" data-element_type=\"widget\" data-e-type=\"widget\" data-widget_type=\"heading.default\">\n\t\t\t\t<div class=\"elementor-widget-container\">\n\t\t\t\t\t<span class=\"elementor-heading-title elementor-size-default\">Aesthetic dentistry<\/span>\t\t\t\t<\/div>\n\t\t\t\t<\/div>\n\t\t\t\t<\/a>\n\t\t<a class=\"elementor-element elementor-element-24aff4e e-con-full e-flex e-con e-child\" data-id=\"24aff4e\" data-element_type=\"container\" data-e-type=\"container\" data-settings=\"{&quot;background_background&quot;:&quot;classic&quot;,&quot;_ha_eqh_enable&quot;:false}\" href=\"https:\/\/dentalcrnic.com\/en\/ortodoncija\/\">\n\t\t\t\t<div class=\"elementor-element elementor-element-1e4070f ha-has-bg-overlay elementor-widget elementor-widget-heading\" data-id=\"1e4070f\" data-element_type=\"widget\" data-e-type=\"widget\" data-widget_type=\"heading.default\">\n\t\t\t\t<div class=\"elementor-widget-container\">\n\t\t\t\t\t<span class=\"elementor-heading-title elementor-size-default\">Orthodontics<\/span>\t\t\t\t<\/div>\n\t\t\t\t<\/div>\n\t\t\t\t<\/a>\n\t\t<a class=\"elementor-element elementor-element-11fab8d e-con-full e-flex e-con e-child\" data-id=\"11fab8d\" data-element_type=\"container\" data-e-type=\"container\" data-settings=\"{&quot;background_background&quot;:&quot;classic&quot;,&quot;_ha_eqh_enable&quot;:false}\" href=\"https:\/\/dentalcrnic.com\/en\/parodontologija\/\">\n\t\t\t\t<div class=\"elementor-element elementor-element-44304bf ha-has-bg-overlay elementor-widget elementor-widget-heading\" data-id=\"44304bf\" data-element_type=\"widget\" data-e-type=\"widget\" data-widget_type=\"heading.default\">\n\t\t\t\t<div class=\"elementor-widget-container\">\n\t\t\t\t\t<span class=\"elementor-heading-title elementor-size-default\">Periodontology<\/span>\t\t\t\t<\/div>\n\t\t\t\t<\/div>\n\t\t\t\t<\/a>\n\t\t<a class=\"elementor-element elementor-element-ee28d24 e-con-full e-flex e-con e-child\" data-id=\"ee28d24\" data-element_type=\"container\" data-e-type=\"container\" data-settings=\"{&quot;background_background&quot;:&quot;classic&quot;,&quot;_ha_eqh_enable&quot;:false}\" href=\"https:\/\/dentalcrnic.com\/en\/pomladivanje-koze-krvnom-plazmom-prgf\/\">\n\t\t\t\t<div class=\"elementor-element elementor-element-14ac729 ha-has-bg-overlay elementor-widget elementor-widget-heading\" data-id=\"14ac729\" data-element_type=\"widget\" data-e-type=\"widget\" data-widget_type=\"heading.default\">\n\t\t\t\t<div class=\"elementor-widget-container\">\n\t\t\t\t\t<span class=\"elementor-heading-title elementor-size-default\">Skin rejuvenation (PRGF)<\/span>\t\t\t\t<\/div>\n\t\t\t\t<\/div>\n\t\t\t\t<\/a>\n\t\t<a class=\"elementor-element elementor-element-806876c e-con-full e-flex e-con e-child\" data-id=\"806876c\" data-element_type=\"container\" data-e-type=\"container\" data-settings=\"{&quot;background_background&quot;:&quot;classic&quot;,&quot;_ha_eqh_enable&quot;:false}\" href=\"https:\/\/dentalcrnic.com\/en\/implantologija\/\">\n\t\t\t\t<div class=\"elementor-element elementor-element-6087fa3 ha-has-bg-overlay elementor-widget elementor-widget-heading\" data-id=\"6087fa3\" data-element_type=\"widget\" data-e-type=\"widget\" data-widget_type=\"heading.default\">\n\t\t\t\t<div class=\"elementor-widget-container\">\n\t\t\t\t\t<span class=\"elementor-heading-title elementor-size-default\">Implantology<\/span>\t\t\t\t<\/div>\n\t\t\t\t<\/div>\n\t\t\t\t<\/a>\n\t\t<a class=\"elementor-element elementor-element-d614386 e-con-full e-flex e-con e-child\" data-id=\"d614386\" data-element_type=\"container\" data-e-type=\"container\" data-settings=\"{&quot;background_background&quot;:&quot;classic&quot;,&quot;_ha_eqh_enable&quot;:false}\" href=\"https:\/\/dentalcrnic.com\/en\/oralna-kirurgija\/\">\n\t\t\t\t<div class=\"elementor-element elementor-element-ac65943 ha-has-bg-overlay elementor-widget elementor-widget-heading\" data-id=\"ac65943\" data-element_type=\"widget\" data-e-type=\"widget\" data-widget_type=\"heading.default\">\n\t\t\t\t<div class=\"elementor-widget-container\">\n\t\t\t\t\t<span class=\"elementor-heading-title elementor-size-default\">Oral surgery<\/span>\t\t\t\t<\/div>\n\t\t\t\t<\/div>\n\t\t\t\t<\/a>\n\t\t<a class=\"elementor-element elementor-element-519d10b e-con-full e-flex e-con e-child\" data-id=\"519d10b\" data-element_type=\"container\" data-e-type=\"container\" data-settings=\"{&quot;background_background&quot;:&quot;classic&quot;,&quot;_ha_eqh_enable&quot;:false}\" href=\"https:\/\/dentalcrnic.com\/en\/prgf-endoret\/\">\n\t\t\t\t<div class=\"elementor-element elementor-element-0cce0a5 ha-has-bg-overlay elementor-widget elementor-widget-heading\" data-id=\"0cce0a5\" data-element_type=\"widget\" data-e-type=\"widget\" data-widget_type=\"heading.default\">\n\t\t\t\t<div class=\"elementor-widget-container\">\n\t\t\t\t\t<span class=\"elementor-heading-title elementor-size-default\">PRGF\u00ae ENDORET\u00ae<\/span>\t\t\t\t<\/div>\n\t\t\t\t<\/div>\n\t\t\t\t<\/a>\n\t\t<a class=\"elementor-element elementor-element-2b939e2 e-con-full e-flex e-con e-child\" data-id=\"2b939e2\" data-element_type=\"container\" data-e-type=\"container\" data-settings=\"{&quot;background_background&quot;:&quot;classic&quot;,&quot;_ha_eqh_enable&quot;:false}\" href=\"https:\/\/dentalcrnic.com\/en\/estetika-lica\/\">\n\t\t\t\t<div class=\"elementor-element elementor-element-317ab00 ha-has-bg-overlay elementor-widget elementor-widget-heading\" data-id=\"317ab00\" data-element_type=\"widget\" data-e-type=\"widget\" data-widget_type=\"heading.default\">\n\t\t\t\t<div class=\"elementor-widget-container\">\n\t\t\t\t\t<span class=\"elementor-heading-title elementor-size-default\">Facial Aesthetics<\/span>\t\t\t\t<\/div>\n\t\t\t\t<\/div>\n\t\t\t\t<\/a>\n\t\t<a class=\"elementor-element elementor-element-2420580 e-con-full e-flex e-con e-child\" data-id=\"2420580\" data-element_type=\"container\" data-e-type=\"container\" data-settings=\"{&quot;background_background&quot;:&quot;classic&quot;,&quot;_ha_eqh_enable&quot;:false}\" href=\"https:\/\/dentalcrnic.com\/en\/biostimulatori-koze-sunekos-performa-mezoterapija-lica\/\">\n\t\t\t\t<div class=\"elementor-element elementor-element-da0bff7 ha-has-bg-overlay elementor-widget elementor-widget-heading\" data-id=\"da0bff7\" data-element_type=\"widget\" data-e-type=\"widget\" data-widget_type=\"heading.default\">\n\t\t\t\t<div class=\"elementor-widget-container\">\n\t\t\t\t\t<span class=\"elementor-heading-title elementor-size-default\">Skin biostimulators <\/span>\t\t\t\t<\/div>\n\t\t\t\t<\/div>\n\t\t\t\t<\/a>\n\t\t<a class=\"elementor-element elementor-element-1c79ea1 e-con-full e-flex e-con e-child\" data-id=\"1c79ea1\" data-element_type=\"container\" data-e-type=\"container\" data-settings=\"{&quot;background_background&quot;:&quot;classic&quot;,&quot;_ha_eqh_enable&quot;:false}\" href=\"https:\/\/dentalcrnic.com\/en\/endodoncija\/\">\n\t\t\t\t<div class=\"elementor-element elementor-element-fb56761 ha-has-bg-overlay elementor-widget elementor-widget-heading\" data-id=\"fb56761\" data-element_type=\"widget\" data-e-type=\"widget\" data-widget_type=\"heading.default\">\n\t\t\t\t<div class=\"elementor-widget-container\">\n\t\t\t\t\t<span class=\"elementor-heading-title elementor-size-default\">Endodontics<\/span>\t\t\t\t<\/div>\n\t\t\t\t<\/div>\n\t\t\t\t<\/a>\n\t\t<a class=\"elementor-element elementor-element-faa0510 e-con-full e-flex e-con e-child\" data-id=\"faa0510\" data-element_type=\"container\" data-e-type=\"container\" data-settings=\"{&quot;background_background&quot;:&quot;classic&quot;,&quot;_ha_eqh_enable&quot;:false}\" href=\"https:\/\/dentalcrnic.com\/en\/preventivna-i-djecja-stomatologija\/\">\n\t\t\t\t<div class=\"elementor-element elementor-element-c7362c0 ha-has-bg-overlay elementor-widget elementor-widget-heading\" data-id=\"c7362c0\" data-element_type=\"widget\" data-e-type=\"widget\" data-widget_type=\"heading.default\">\n\t\t\t\t<div class=\"elementor-widget-container\">\n\t\t\t\t\t<span class=\"elementor-heading-title elementor-size-default\">Preventive and pediatric dentistry<\/span>\t\t\t\t<\/div>\n\t\t\t\t<\/div>\n\t\t\t\t<\/a>\n\t\t\t\t\t<\/div>\n\t\t\t\t<\/div>\n\t\t\t\t<\/div>","protected":false},"excerpt":{"rendered":"<p>Na\u0161e usluge Usluge iz na\u0161e ponude Protetika Estetska stomatologija Ortodoncija Parodontologija Pomla\u0111ivanje ko\u017ee (PRGF) Implantologija Oralna kirurgija PRGF\u00ae ENDORET\u00ae Estetika lica Biostimulatori ko\u017ee Endodoncija Preventivna i dje\u010dja stomatologija<\/p>","protected":false},"author":1,"featured_media":0,"parent":0,"menu_order":0,"comment_status":"closed","ping_status":"closed","template":"","meta":{"_acf_changed":false,"footnotes":""},"class_list":["post-381","page","type-page","status-publish","hentry"],"acf":[],"_links":{"self":[{"href":"https:\/\/dentalcrnic.com\/en\/wp-json\/wp\/v2\/pages\/381","targetHints":{"allow":["GET"]}}],"collection":[{"href":"https:\/\/dentalcrnic.com\/en\/wp-json\/wp\/v2\/pages"}],"about":[{"href":"https:\/\/dentalcrnic.com\/en\/wp-json\/wp\/v2\/types\/page"}],"author":[{"embeddable":true,"href":"https:\/\/dentalcrnic.com\/en\/wp-json\/wp\/v2\/users\/1"}],"replies":[{"embeddable":true,"href":"https:\/\/dentalcrnic.com\/en\/wp-json\/wp\/v2\/comments?post=381"}],"version-history":[{"count":52,"href":"https:\/\/dentalcrnic.com\/en\/wp-json\/wp\/v2\/pages\/381\/revisions"}],"predecessor-version":[{"id":1901,"href":"https:\/\/dentalcrnic.com\/en\/wp-json\/wp\/v2\/pages\/381\/revisions\/1901"}],"wp:attachment":[{"href":"https:\/\/dentalcrnic.com\/en\/wp-json\/wp\/v2\/media?parent=381"}],"curies":[{"name":"wp","href":"https:\/\/api.w.org\/{rel}","templated":true}]}}