{"id":449,"date":"2023-12-21T15:36:46","date_gmt":"2023-12-21T14:36:46","guid":{"rendered":"https:\/\/dentalcrnic.com\/?page_id=449"},"modified":"2025-05-09T10:25:16","modified_gmt":"2025-05-09T08:25:16","slug":"preventivna-i-djecja-stomatologija","status":"publish","type":"page","link":"https:\/\/dentalcrnic.com\/en\/preventivna-i-djecja-stomatologija\/","title":{"rendered":"Preventive and pediatric dentistry"},"content":{"rendered":"<div data-elementor-type=\"wp-page\" data-elementor-id=\"449\" class=\"elementor elementor-449\" data-elementor-settings=\"{&quot;ha_cmc_init_switcher&quot;:&quot;no&quot;}\" data-elementor-post-type=\"page\">\n\t\t\t\t<div class=\"elementor-element elementor-element-cc09042 e-flex e-con-boxed e-con e-parent\" data-id=\"cc09042\" data-element_type=\"container\" data-e-type=\"container\" data-settings=\"{&quot;_ha_eqh_enable&quot;:false}\">\n\t\t\t\t\t<div class=\"e-con-inner\">\n\t\t\t\t<div class=\"elementor-element elementor-element-347615e elementor-widget elementor-widget-heading\" data-id=\"347615e\" data-element_type=\"widget\" data-e-type=\"widget\" data-widget_type=\"heading.default\">\n\t\t\t\t<div class=\"elementor-widget-container\">\n\t\t\t\t\t<div class=\"elementor-heading-title elementor-size-default\">Service<\/div>\t\t\t\t<\/div>\n\t\t\t\t<\/div>\n\t\t\t\t<div class=\"elementor-element elementor-element-0e48be4 elementor-widget elementor-widget-heading\" data-id=\"0e48be4\" data-element_type=\"widget\" data-e-type=\"widget\" data-widget_type=\"heading.default\">\n\t\t\t\t<div class=\"elementor-widget-container\">\n\t\t\t\t\t<div class=\"elementor-heading-title elementor-size-default\">Preventive and pediatric dentistry<\/div>\t\t\t\t<\/div>\n\t\t\t\t<\/div>\n\t\t\t\t<div class=\"elementor-element elementor-element-6ecaa5d elementor-widget elementor-widget-image\" data-id=\"6ecaa5d\" data-element_type=\"widget\" data-e-type=\"widget\" data-widget_type=\"image.default\">\n\t\t\t\t<div class=\"elementor-widget-container\">\n\t\t\t\t\t\t\t\t\t\t\t\t\t\t\t<img fetchpriority=\"high\" decoding=\"async\" width=\"800\" height=\"534\" src=\"https:\/\/dentalcrnic.com\/wp-content\/uploads\/2024\/02\/shutterstock_2331223731-rsz-1024x683.jpg\" class=\"attachment-large size-large wp-image-1481\" alt=\"Preventivna i dje\u010dja stomatologija dijete s osimjehom kod zubara\" srcset=\"https:\/\/dentalcrnic.com\/wp-content\/uploads\/2024\/02\/shutterstock_2331223731-rsz-1024x683.jpg 1024w, https:\/\/dentalcrnic.com\/wp-content\/uploads\/2024\/02\/shutterstock_2331223731-rsz-300x200.jpg 300w, https:\/\/dentalcrnic.com\/wp-content\/uploads\/2024\/02\/shutterstock_2331223731-rsz-768x512.jpg 768w, https:\/\/dentalcrnic.com\/wp-content\/uploads\/2024\/02\/shutterstock_2331223731-rsz-1536x1024.jpg 1536w, https:\/\/dentalcrnic.com\/wp-content\/uploads\/2024\/02\/shutterstock_2331223731-rsz.jpg 1600w\" sizes=\"(max-width: 800px) 100vw, 800px\" title=\"\">\t\t\t\t\t\t\t\t\t\t\t\t\t\t\t<\/div>\n\t\t\t\t<\/div>\n\t\t\t\t<div class=\"elementor-element elementor-element-6040e76 elementor-widget elementor-widget-text-editor\" data-id=\"6040e76\" data-element_type=\"widget\" data-e-type=\"widget\" data-widget_type=\"text-editor.default\">\n\t\t\t\t<div class=\"elementor-widget-container\">\n\t\t\t\t\t\t\t\t\t<p>Preventive and pediatric dentistry encompasses procedures such as <strong>dental cleaning, sandblasting, sealing of permanent molars, tooth polishing, and fluoride treatment.&nbsp;<\/strong>We place special emphasis on prevention in children, which we consider very important. <strong>Healthy habits<\/strong> and <strong>regular dental visits<\/strong> are developed from a very young age.<\/p><p>Children can have their <strong>first examination<\/strong> as early as <strong>age 2,&nbsp;<\/strong>when they are more aware of their surroundings.<\/p><p>Our years of experience <strong>working with children, including those with special needs,<\/strong> have yielded very positive results for our youngest patients. We offer an individualized approach to acclimatizing children to dental check-ups and procedures without fear or trauma. The goal is to achieve trust in the child, who is then willing to cooperate playfully, under anesthesia, and without pain. Of course, there is always a reward for their bravery!<\/p><p>Pediatric dentistry also includes\u00a0<strong>treating cavities in primary and permanent teeth with aesthetic fillings, identifying potential orthodontic anomalies, extracting primary teeth, and educating children on tooth brushing and maintaining oral hygiene<\/strong>.<\/p><p>We strongly recommend <strong>regular check-ups<\/strong> to help children develop the habit of visiting the dentist and associate it with routine. The most common mistake parents make is taking their child to the dentist only when they are in pain.<\/p><p>Children should have check-ups every <strong>3-4 months<\/strong>.<\/p><p><strong>Sealing permanent molars<\/strong> is a popular preventive procedure in which we apply a <strong>protective agent<\/strong> to the fissures (grooves) of the teeth (between the cusps \u2013 the most common site for cavities) <strong>to reduce the risk of cavity formation in children.<\/strong> The first and most common cavity typically occurs in the permanent first molar. Permanent molars are <strong>sealed,&nbsp;<\/strong>and <strong>premolars can also be sealed.<\/strong>&nbsp;Ideally, a tooth should be sealed <strong>as soon as<\/strong> the entire crown emerges.<\/p>\t\t\t\t\t\t\t\t<\/div>\n\t\t\t\t<\/div>\n\t\t\t\t\t<\/div>\n\t\t\t\t<\/div>\n\t\t\t\t<\/div>","protected":false},"excerpt":{"rendered":"<p>Usluga Preventivna i dje\u010dja stomatologija u stomatologiji obuhva\u0107a zahvate \u010di\u0161\u0107enja zubnog kamenca, pjeskarenje, pe\u010da\u0107enje trajnih mladih zuba, poliranje zubi, te fluoridacija zubi. Poseban naglasak dajemo na preventivu kod djece \u010demu pridajemo veliku va\u017enost. Zdrave navike i redoviti odlazak stomatologu razvijaju se od najmla\u0111e dobi. Na prvi pregled dijete mo\u017ee do\u0107i ve\u0107 s 2 godine, kada [&hellip;]<\/p>\n","protected":false},"author":1,"featured_media":0,"parent":0,"menu_order":0,"comment_status":"closed","ping_status":"closed","template":"elementor_header_footer","meta":{"_acf_changed":false,"footnotes":""},"class_list":["post-449","page","type-page","status-publish","hentry"],"acf":[],"_links":{"self":[{"href":"https:\/\/dentalcrnic.com\/en\/wp-json\/wp\/v2\/pages\/449","targetHints":{"allow":["GET"]}}],"collection":[{"href":"https:\/\/dentalcrnic.com\/en\/wp-json\/wp\/v2\/pages"}],"about":[{"href":"https:\/\/dentalcrnic.com\/en\/wp-json\/wp\/v2\/types\/page"}],"author":[{"embeddable":true,"href":"https:\/\/dentalcrnic.com\/en\/wp-json\/wp\/v2\/users\/1"}],"replies":[{"embeddable":true,"href":"https:\/\/dentalcrnic.com\/en\/wp-json\/wp\/v2\/comments?post=449"}],"version-history":[{"count":34,"href":"https:\/\/dentalcrnic.com\/en\/wp-json\/wp\/v2\/pages\/449\/revisions"}],"predecessor-version":[{"id":2423,"href":"https:\/\/dentalcrnic.com\/en\/wp-json\/wp\/v2\/pages\/449\/revisions\/2423"}],"wp:attachment":[{"href":"https:\/\/dentalcrnic.com\/en\/wp-json\/wp\/v2\/media?parent=449"}],"curies":[{"name":"wp","href":"https:\/\/api.w.org\/{rel}","templated":true}]}}