{"id":471,"date":"2023-12-21T15:47:35","date_gmt":"2023-12-21T14:47:35","guid":{"rendered":"https:\/\/dentalcrnic.com\/?page_id=471"},"modified":"2024-02-19T11:25:12","modified_gmt":"2024-02-19T10:25:12","slug":"endodoncija","status":"publish","type":"page","link":"https:\/\/dentalcrnic.com\/en\/endodoncija\/","title":{"rendered":"Endodontics"},"content":{"rendered":"<div data-elementor-type=\"wp-page\" data-elementor-id=\"471\" class=\"elementor elementor-471\" data-elementor-settings=\"{&quot;ha_cmc_init_switcher&quot;:&quot;no&quot;}\" data-elementor-post-type=\"page\">\n\t\t\t\t<div class=\"elementor-element elementor-element-4abf758 e-flex e-con-boxed e-con e-parent\" data-id=\"4abf758\" data-element_type=\"container\" data-e-type=\"container\" data-settings=\"{&quot;_ha_eqh_enable&quot;:false}\">\n\t\t\t\t\t<div class=\"e-con-inner\">\n\t\t\t\t<div class=\"elementor-element elementor-element-e0ffdc6 elementor-widget elementor-widget-heading\" data-id=\"e0ffdc6\" data-element_type=\"widget\" data-e-type=\"widget\" data-widget_type=\"heading.default\">\n\t\t\t\t<div class=\"elementor-widget-container\">\n\t\t\t\t\t<h2 class=\"elementor-heading-title elementor-size-default\">Service<\/h2>\t\t\t\t<\/div>\n\t\t\t\t<\/div>\n\t\t\t\t<div class=\"elementor-element elementor-element-6809e38 elementor-widget elementor-widget-heading\" data-id=\"6809e38\" data-element_type=\"widget\" data-e-type=\"widget\" data-widget_type=\"heading.default\">\n\t\t\t\t<div class=\"elementor-widget-container\">\n\t\t\t\t\t<h1 class=\"elementor-heading-title elementor-size-default\">Endodontics<\/h1>\t\t\t\t<\/div>\n\t\t\t\t<\/div>\n\t\t\t\t<div class=\"elementor-element elementor-element-74323bf elementor-widget elementor-widget-image\" data-id=\"74323bf\" data-element_type=\"widget\" data-e-type=\"widget\" data-widget_type=\"image.default\">\n\t\t\t\t<div class=\"elementor-widget-container\">\n\t\t\t\t\t\t\t\t\t\t\t\t\t\t\t<img fetchpriority=\"high\" decoding=\"async\" width=\"800\" height=\"534\" src=\"https:\/\/dentalcrnic.com\/wp-content\/uploads\/2024\/02\/shutterstock_486394261-rsz-1024x683.jpg\" class=\"attachment-large size-large wp-image-1480\" alt=\"Endodoncija zubi slika\" srcset=\"https:\/\/dentalcrnic.com\/wp-content\/uploads\/2024\/02\/shutterstock_486394261-rsz-1024x683.jpg 1024w, https:\/\/dentalcrnic.com\/wp-content\/uploads\/2024\/02\/shutterstock_486394261-rsz-300x200.jpg 300w, https:\/\/dentalcrnic.com\/wp-content\/uploads\/2024\/02\/shutterstock_486394261-rsz-768x512.jpg 768w, https:\/\/dentalcrnic.com\/wp-content\/uploads\/2024\/02\/shutterstock_486394261-rsz-1536x1024.jpg 1536w, https:\/\/dentalcrnic.com\/wp-content\/uploads\/2024\/02\/shutterstock_486394261-rsz.jpg 1600w\" sizes=\"(max-width: 800px) 100vw, 800px\" title=\"\">\t\t\t\t\t\t\t\t\t\t\t\t\t\t\t<\/div>\n\t\t\t\t<\/div>\n\t\t\t\t<div class=\"elementor-element elementor-element-a797d17 elementor-widget elementor-widget-text-editor\" data-id=\"a797d17\" data-element_type=\"widget\" data-e-type=\"widget\" data-widget_type=\"text-editor.default\">\n\t\t\t\t<div class=\"elementor-widget-container\">\n\t\t\t\t\t\t\t\t\t<p><strong>Endodontics<\/strong> - A branch of dentistry that focuses on the treatment of dental pulp (nerve). If decay penetrates deep into the tooth and reaches the pulp (nerve), it is necessary to treat the infected pulp and the tooth canals (\"remove the nerve\"). Endodontic treatment is also required if there is a granuloma, fistula, or similar condition at the root of the tooth.<\/p><p>In our clinic, we offer<strong> modern and high-quality <\/strong>endodontic treatment using a<strong> device for mechanical canal preparation (VDW Reciproc Gold),<\/strong> which allows for <strong>faster and more precise therapy <\/strong>compared to manual preparation. <strong>It is more comfortable<\/strong> for the patient and provides a <strong>higher quality<\/strong> of canal treatment than manual endodontics, while <strong>speeding up and simplifying our work.<\/strong><\/p><p>Endodontic treatment of tooth canals is <strong>painless<\/strong>\u00a0and is performed under <strong>anesthesia whenever necessary.<\/strong> Sometimes, it may require multiple visits to adequately treat the canals.<\/p>\t\t\t\t\t\t\t\t<\/div>\n\t\t\t\t<\/div>\n\t\t\t\t<div class=\"elementor-element elementor-element-0010ecb elementor-widget elementor-widget-gallery\" data-id=\"0010ecb\" data-element_type=\"widget\" data-e-type=\"widget\" data-settings=\"{&quot;columns&quot;:2,&quot;lazyload&quot;:&quot;yes&quot;,&quot;gallery_layout&quot;:&quot;grid&quot;,&quot;columns_tablet&quot;:2,&quot;columns_mobile&quot;:1,&quot;gap&quot;:{&quot;unit&quot;:&quot;px&quot;,&quot;size&quot;:10,&quot;sizes&quot;:[]},&quot;gap_tablet&quot;:{&quot;unit&quot;:&quot;px&quot;,&quot;size&quot;:10,&quot;sizes&quot;:[]},&quot;gap_mobile&quot;:{&quot;unit&quot;:&quot;px&quot;,&quot;size&quot;:10,&quot;sizes&quot;:[]},&quot;link_to&quot;:&quot;file&quot;,&quot;aspect_ratio&quot;:&quot;3:2&quot;,&quot;overlay_background&quot;:&quot;yes&quot;,&quot;content_hover_animation&quot;:&quot;fade-in&quot;}\" data-widget_type=\"gallery.default\">\n\t\t\t\t<div class=\"elementor-widget-container\">\n\t\t\t\t\t\t\t<div class=\"elementor-gallery__container\">\n\t\t\t\t\t\t\t<a class=\"e-gallery-item elementor-gallery-item elementor-animated-content\" href=\"https:\/\/dentalcrnic.com\/wp-content\/uploads\/2024\/02\/OrdinacijaCrnic69.jpg\" data-elementor-open-lightbox=\"yes\" data-elementor-lightbox-slideshow=\"0010ecb\" data-elementor-lightbox-title=\"OrdinacijaCrnic(69)\" data-e-action-hash=\"#elementor-action%3Aaction%3Dlightbox%26settings%3DeyJpZCI6MTc1NywidXJsIjoiaHR0cHM6XC9cL2RlbnRhbGNybmljLmNvbVwvd3AtY29udGVudFwvdXBsb2Fkc1wvMjAyNFwvMDJcL09yZGluYWNpamFDcm5pYzY5LmpwZyIsInNsaWRlc2hvdyI6IjAwMTBlY2IifQ%3D%3D\">\n\t\t\t\t\t<div class=\"e-gallery-image elementor-gallery-item__image\" data-thumbnail=\"https:\/\/dentalcrnic.com\/wp-content\/uploads\/2024\/02\/OrdinacijaCrnic69.jpg\" data-width=\"1600\" data-height=\"1067\" aria-label=\"\" role=\"img\" ><\/div>\n\t\t\t\t\t\t\t\t\t\t\t<div class=\"elementor-gallery-item__overlay\"><\/div>\n\t\t\t\t\t\t\t\t\t\t\t\t\t\t<\/a>\n\t\t\t\t\t\t\t<a class=\"e-gallery-item elementor-gallery-item elementor-animated-content\" href=\"https:\/\/dentalcrnic.com\/wp-content\/uploads\/2024\/02\/OrdinacijaCrnic100.jpg\" data-elementor-open-lightbox=\"yes\" data-elementor-lightbox-slideshow=\"0010ecb\" data-elementor-lightbox-title=\"OrdinacijaCrnic(100)\" data-e-action-hash=\"#elementor-action%3Aaction%3Dlightbox%26settings%3DeyJpZCI6MTc2MCwidXJsIjoiaHR0cHM6XC9cL2RlbnRhbGNybmljLmNvbVwvd3AtY29udGVudFwvdXBsb2Fkc1wvMjAyNFwvMDJcL09yZGluYWNpamFDcm5pYzEwMC5qcGciLCJzbGlkZXNob3ciOiIwMDEwZWNiIn0%3D\">\n\t\t\t\t\t<div class=\"e-gallery-image elementor-gallery-item__image\" data-thumbnail=\"https:\/\/dentalcrnic.com\/wp-content\/uploads\/2024\/02\/OrdinacijaCrnic100.jpg\" data-width=\"1600\" data-height=\"1067\" aria-label=\"\" role=\"img\" ><\/div>\n\t\t\t\t\t\t\t\t\t\t\t<div class=\"elementor-gallery-item__overlay\"><\/div>\n\t\t\t\t\t\t\t\t\t\t\t\t\t\t<\/a>\n\t\t\t\t\t<\/div>\n\t\t\t\t\t<\/div>\n\t\t\t\t<\/div>\n\t\t\t\t\t<\/div>\n\t\t\t\t<\/div>\n\t\t\t\t<\/div>","protected":false},"excerpt":{"rendered":"<p>Usluga Endodoncija &#8211; Grana stomatologije koja se bavi lije\u010denjem zubne pulpe (\u017eivca). Ukoliko karijes prodre toliko duboko u zub da do\u0111e do pulpe (\u017eivca), potrebno je izlije\u010diti inficiranu pulpu i kanale zuba (\u201eizvaditi \u017eivac\u201c). Tako\u0111er, do endodontskog lije\u010denja dolazi ako je na korijenu zuba prisutan granulom, fistula i sl. U na\u0161oj ordinaciji nudimo moderan i [&hellip;]<\/p>\n","protected":false},"author":1,"featured_media":0,"parent":0,"menu_order":0,"comment_status":"closed","ping_status":"closed","template":"","meta":{"_acf_changed":false,"footnotes":""},"class_list":["post-471","page","type-page","status-publish","hentry"],"acf":[],"_links":{"self":[{"href":"https:\/\/dentalcrnic.com\/en\/wp-json\/wp\/v2\/pages\/471","targetHints":{"allow":["GET"]}}],"collection":[{"href":"https:\/\/dentalcrnic.com\/en\/wp-json\/wp\/v2\/pages"}],"about":[{"href":"https:\/\/dentalcrnic.com\/en\/wp-json\/wp\/v2\/types\/page"}],"author":[{"embeddable":true,"href":"https:\/\/dentalcrnic.com\/en\/wp-json\/wp\/v2\/users\/1"}],"replies":[{"embeddable":true,"href":"https:\/\/dentalcrnic.com\/en\/wp-json\/wp\/v2\/comments?post=471"}],"version-history":[{"count":26,"href":"https:\/\/dentalcrnic.com\/en\/wp-json\/wp\/v2\/pages\/471\/revisions"}],"predecessor-version":[{"id":1885,"href":"https:\/\/dentalcrnic.com\/en\/wp-json\/wp\/v2\/pages\/471\/revisions\/1885"}],"wp:attachment":[{"href":"https:\/\/dentalcrnic.com\/en\/wp-json\/wp\/v2\/media?parent=471"}],"curies":[{"name":"wp","href":"https:\/\/api.w.org\/{rel}","templated":true}]}}