{"id":476,"date":"2023-12-21T15:48:43","date_gmt":"2023-12-21T14:48:43","guid":{"rendered":"https:\/\/dentalcrnic.com\/?page_id=476"},"modified":"2025-04-15T09:52:08","modified_gmt":"2025-04-15T07:52:08","slug":"implantologija","status":"publish","type":"page","link":"https:\/\/dentalcrnic.com\/en\/implantologija\/","title":{"rendered":"Implantology"},"content":{"rendered":"<div data-elementor-type=\"wp-page\" data-elementor-id=\"476\" class=\"elementor elementor-476\" data-elementor-settings=\"{&quot;ha_cmc_init_switcher&quot;:&quot;no&quot;}\" data-elementor-post-type=\"page\">\n\t\t\t\t<div class=\"elementor-element elementor-element-96e8210 e-flex e-con-boxed e-con e-parent\" data-id=\"96e8210\" data-element_type=\"container\" data-e-type=\"container\" data-settings=\"{&quot;_ha_eqh_enable&quot;:false}\">\n\t\t\t\t\t<div class=\"e-con-inner\">\n\t\t\t\t<div class=\"elementor-element elementor-element-a04366e elementor-widget elementor-widget-heading\" data-id=\"a04366e\" data-element_type=\"widget\" data-e-type=\"widget\" data-widget_type=\"heading.default\">\n\t\t\t\t<div class=\"elementor-widget-container\">\n\t\t\t\t\t<h2 class=\"elementor-heading-title elementor-size-default\">Service<\/h2>\t\t\t\t<\/div>\n\t\t\t\t<\/div>\n\t\t\t\t<div class=\"elementor-element elementor-element-f651158 elementor-widget elementor-widget-heading\" data-id=\"f651158\" data-element_type=\"widget\" data-e-type=\"widget\" data-widget_type=\"heading.default\">\n\t\t\t\t<div class=\"elementor-widget-container\">\n\t\t\t\t\t<h1 class=\"elementor-heading-title elementor-size-default\">Implantology<\/h1>\t\t\t\t<\/div>\n\t\t\t\t<\/div>\n\t\t\t\t<div class=\"elementor-element elementor-element-e1abdf6 elementor-widget elementor-widget-image\" data-id=\"e1abdf6\" data-element_type=\"widget\" data-e-type=\"widget\" data-widget_type=\"image.default\">\n\t\t\t\t<div class=\"elementor-widget-container\">\n\t\t\t\t\t\t\t\t\t\t\t\t\t\t\t<img fetchpriority=\"high\" decoding=\"async\" width=\"800\" height=\"534\" src=\"https:\/\/dentalcrnic.com\/wp-content\/uploads\/2024\/02\/shutterstock_2391711493-rsz-1024x683.jpg\" class=\"attachment-large size-large wp-image-1475\" alt=\"Implantologija\" srcset=\"https:\/\/dentalcrnic.com\/wp-content\/uploads\/2024\/02\/shutterstock_2391711493-rsz-1024x683.jpg 1024w, https:\/\/dentalcrnic.com\/wp-content\/uploads\/2024\/02\/shutterstock_2391711493-rsz-300x200.jpg 300w, https:\/\/dentalcrnic.com\/wp-content\/uploads\/2024\/02\/shutterstock_2391711493-rsz-768x512.jpg 768w, https:\/\/dentalcrnic.com\/wp-content\/uploads\/2024\/02\/shutterstock_2391711493-rsz-1536x1024.jpg 1536w, https:\/\/dentalcrnic.com\/wp-content\/uploads\/2024\/02\/shutterstock_2391711493-rsz.jpg 1600w\" sizes=\"(max-width: 800px) 100vw, 800px\" title=\"\">\t\t\t\t\t\t\t\t\t\t\t\t\t\t\t<\/div>\n\t\t\t\t<\/div>\n\t\t\t\t<div class=\"elementor-element elementor-element-14f23e0 elementor-widget elementor-widget-text-editor\" data-id=\"14f23e0\" data-element_type=\"widget\" data-e-type=\"widget\" data-widget_type=\"text-editor.default\">\n\t\t\t\t<div class=\"elementor-widget-container\">\n\t\t\t\t\t\t\t\t\t<p><strong>Implantology \u2013 Dental implants<\/strong>\u00a0are permanent fixed replacements for missing one or more teeth. They serve as the infrastructure (in the bone, as a substitute for the root of the lost tooth), while dental crowns and bridges serve as the superstructure (the visible part). An implant fuses with the surrounding bone (osseointegration), thereby securing itself in the jaw.<\/p><p>If there is a deficiency of bone and tissue, we use the <strong>latest techniques for tissue augmentation<\/strong> \u2013 bone grafting and sinus floor elevation, as well as bone and connective tissue transplants, to ensure the successful placement, stability, and longevity of the implant.<\/p><p>Additionally, we use <strong>platelet-rich plasma (PRGF)<\/strong> for <strong>faster and better wound healing<\/strong>, as well as <strong>comfortable recovery,<\/strong> and <strong>reduced postoperative pain and swelling<\/strong>.<\/p><p>A dental implant <strong>is a high-quality and durable replacement<\/strong> for a lost tooth, and a significant advantage is that adjacent teeth are not affected, meaning they are not drilled down as is necessary for bridges.<\/p><p>Patients report <strong>a feeling of \"as if it were their own tooth\"<\/strong>, and they quickly adapt to the implant.<\/p><p>There is\u00a0<strong>a method for immediate loading of the implant<\/strong>\u00a0within <strong>48 hours<\/strong> of placement if the situation is favorable. If the situation is not suitable for this method, in the case of lower jaw implant placement, loading the superstructure may be <strong>delayed for 2-3 months.<\/strong> For the upper jaw in such a situation, waiting for <strong>4-6 months<\/strong> for the superstructure is advised.<\/p><p><b>Dental crowns<\/b> and <strong>bridges<\/strong> can be placed on implants as a fixed solution, while <strong>dentures<\/strong> serve as a semi-fixed solution.<\/p><p>In the case of an edentulous jaw, there is an option for a permanent fixed solution using 4-6 implants onto which a fixed bridge <strong>(All on 4, All on 6) can be installed.<\/strong><\/p><p>In our clinic, we use <strong>top-notch BTI-UniCa implants<\/strong> that fall into <strong>the premium implant category,<\/strong> enriched with calcium ions on their titanium surface.<\/p><p>Calcium helps with faster bonding to the bone and improves the cleanliness of the surface, which has received <strong>an award from the CleanImplant foundation<\/strong> for the best surface cleanliness of dental implants on the market.<\/p><p><strong>BTI implants have a significant advantage<\/strong> over other implant systems as they <strong>come in short lengths <\/strong>(5.5 mm), which provides a great benefit for solutions involving significant bone loss in the upper and lower jaw, thereby avoiding additional surgical procedures that are prerequisites for placing longer implants.<\/p>\t\t\t\t\t\t\t\t<\/div>\n\t\t\t\t<\/div>\n\t\t\t\t<div class=\"elementor-element elementor-element-7d17131 elementor-widget elementor-widget-image\" data-id=\"7d17131\" data-element_type=\"widget\" data-e-type=\"widget\" data-widget_type=\"image.default\">\n\t\t\t\t<div class=\"elementor-widget-container\">\n\t\t\t\t\t\t\t\t\t\t\t\t\t\t\t<img decoding=\"async\" width=\"374\" height=\"277\" src=\"https:\/\/dentalcrnic.com\/wp-content\/uploads\/2023\/12\/Logo-bti.svg\" class=\"attachment-large size-large wp-image-1098\" alt=\"Stomatolo\u0161ka ordinacija roza prica logo bti\" title=\"\">\t\t\t\t\t\t\t\t\t\t\t\t\t\t\t<\/div>\n\t\t\t\t<\/div>\n\t\t\t\t\t<\/div>\n\t\t\t\t<\/div>\n\t\t\t\t<\/div>","protected":false},"excerpt":{"rendered":"<p>Usluga Implantologija &#8211; Zubni implantati\u00a0su trajni fiksni nadomjesci kod gubitka jednog ili vi\u0161e zubi. Oni predstavljaju infrastrukturu(u kosti, kao zamjena za korijen izgubljenog zuba), a zubne krunice i proteze predstavljaju suprastrukturu (vidljivi dio). Implantat sra\u0161tava sa okolnom kosti (oseointegracija) te se taj na\u010din u\u010dvr\u0161\u0107uje u \u010deljusti. Ukoliko postoji nedostatak kosti i tkiva, za uspje\u0161nu ugradnju, [&hellip;]<\/p>\n","protected":false},"author":1,"featured_media":0,"parent":0,"menu_order":0,"comment_status":"closed","ping_status":"closed","template":"","meta":{"_acf_changed":false,"footnotes":""},"class_list":["post-476","page","type-page","status-publish","hentry"],"acf":[],"_links":{"self":[{"href":"https:\/\/dentalcrnic.com\/en\/wp-json\/wp\/v2\/pages\/476","targetHints":{"allow":["GET"]}}],"collection":[{"href":"https:\/\/dentalcrnic.com\/en\/wp-json\/wp\/v2\/pages"}],"about":[{"href":"https:\/\/dentalcrnic.com\/en\/wp-json\/wp\/v2\/types\/page"}],"author":[{"embeddable":true,"href":"https:\/\/dentalcrnic.com\/en\/wp-json\/wp\/v2\/users\/1"}],"replies":[{"embeddable":true,"href":"https:\/\/dentalcrnic.com\/en\/wp-json\/wp\/v2\/comments?post=476"}],"version-history":[{"count":28,"href":"https:\/\/dentalcrnic.com\/en\/wp-json\/wp\/v2\/pages\/476\/revisions"}],"predecessor-version":[{"id":2358,"href":"https:\/\/dentalcrnic.com\/en\/wp-json\/wp\/v2\/pages\/476\/revisions\/2358"}],"wp:attachment":[{"href":"https:\/\/dentalcrnic.com\/en\/wp-json\/wp\/v2\/media?parent=476"}],"curies":[{"name":"wp","href":"https:\/\/api.w.org\/{rel}","templated":true}]}}