{"id":481,"date":"2023-12-21T15:50:56","date_gmt":"2023-12-21T14:50:56","guid":{"rendered":"https:\/\/dentalcrnic.com\/?page_id=481"},"modified":"2024-02-20T12:39:32","modified_gmt":"2024-02-20T11:39:32","slug":"oralna-kirurgija","status":"publish","type":"page","link":"https:\/\/dentalcrnic.com\/en\/oralna-kirurgija\/","title":{"rendered":"Oral surgery"},"content":{"rendered":"<div data-elementor-type=\"wp-page\" data-elementor-id=\"481\" class=\"elementor elementor-481\" data-elementor-settings=\"{&quot;ha_cmc_init_switcher&quot;:&quot;no&quot;}\" data-elementor-post-type=\"page\">\n\t\t\t\t<div class=\"elementor-element elementor-element-2606898 e-flex e-con-boxed e-con e-parent\" data-id=\"2606898\" data-element_type=\"container\" data-e-type=\"container\" data-settings=\"{&quot;_ha_eqh_enable&quot;:false}\">\n\t\t\t\t\t<div class=\"e-con-inner\">\n\t\t\t\t<div class=\"elementor-element elementor-element-6c7ddd3 elementor-widget elementor-widget-heading\" data-id=\"6c7ddd3\" data-element_type=\"widget\" data-e-type=\"widget\" data-widget_type=\"heading.default\">\n\t\t\t\t<div class=\"elementor-widget-container\">\n\t\t\t\t\t<div class=\"elementor-heading-title elementor-size-default\">Service<\/div>\t\t\t\t<\/div>\n\t\t\t\t<\/div>\n\t\t\t\t<div class=\"elementor-element elementor-element-b60269f elementor-widget elementor-widget-heading\" data-id=\"b60269f\" data-element_type=\"widget\" data-e-type=\"widget\" data-widget_type=\"heading.default\">\n\t\t\t\t<div class=\"elementor-widget-container\">\n\t\t\t\t\t<div class=\"elementor-heading-title elementor-size-default\">Oral surgery<\/div>\t\t\t\t<\/div>\n\t\t\t\t<\/div>\n\t\t\t\t<div class=\"elementor-element elementor-element-88a55ca elementor-widget elementor-widget-image\" data-id=\"88a55ca\" data-element_type=\"widget\" data-e-type=\"widget\" data-widget_type=\"image.default\">\n\t\t\t\t<div class=\"elementor-widget-container\">\n\t\t\t\t\t\t\t\t\t\t\t\t\t\t\t<img fetchpriority=\"high\" decoding=\"async\" width=\"800\" height=\"533\" src=\"https:\/\/dentalcrnic.com\/wp-content\/uploads\/2024\/02\/shutterstock_705840313-rsz-1024x682.jpg\" class=\"attachment-large size-large wp-image-1485\" alt=\"Oralna kirurgija\" srcset=\"https:\/\/dentalcrnic.com\/wp-content\/uploads\/2024\/02\/shutterstock_705840313-rsz-1024x682.jpg 1024w, https:\/\/dentalcrnic.com\/wp-content\/uploads\/2024\/02\/shutterstock_705840313-rsz-300x200.jpg 300w, https:\/\/dentalcrnic.com\/wp-content\/uploads\/2024\/02\/shutterstock_705840313-rsz-768x511.jpg 768w, https:\/\/dentalcrnic.com\/wp-content\/uploads\/2024\/02\/shutterstock_705840313-rsz-1536x1022.jpg 1536w, https:\/\/dentalcrnic.com\/wp-content\/uploads\/2024\/02\/shutterstock_705840313-rsz.jpg 1600w\" sizes=\"(max-width: 800px) 100vw, 800px\" title=\"\">\t\t\t\t\t\t\t\t\t\t\t\t\t\t\t<\/div>\n\t\t\t\t<\/div>\n\t\t\t\t<div class=\"elementor-element elementor-element-f139979 elementor-widget elementor-widget-text-editor\" data-id=\"f139979\" data-element_type=\"widget\" data-e-type=\"widget\" data-widget_type=\"text-editor.default\">\n\t\t\t\t<div class=\"elementor-widget-container\">\n\t\t\t\t\t\t\t\t\t<p>Oral Surgery \u2013 This encompasses various surgical procedures, from <strong>simple tooth extractions to more complicated ones, including wisdom tooth removals, extraction of retained tooth roots, apicoectomies, alveotomies, sinus floor elevation, bone ridge augmentation, and soft tissue surgery<\/strong>. All procedures are performed exclusively under local anesthesia and <strong>are completely painless.<\/strong><\/p><p><strong>Alveotomy<\/strong>\u00a0is a surgical procedure for tooth extraction required when access to the tooth is hindered for anatomical reasons. The extraction of wisdom teeth is most commonly performed as an alveotomy, and this is a routine surgical procedure that is very common.<\/p><p><strong>Apicoectomy<\/strong>\u00a0is a surgical procedure to remove the tip of the tooth root and the surrounding tissue affected by a pathological lesion (e.g., inflammation or cyst formation) that cannot be treated with conventional endodontic methods. The visible portion of the tooth in the mouth remains untouched.<\/p><p><strong>Sinus floor elevation<\/strong>\u00a0is a procedure necessary in situations where the upper jaw lacks sufficient bone for implant placement due to a significantly lowered sinus. This method creates space (grafted bone) for the secure placement of an implant.<\/p><p><strong>Hard and soft tissue augmentation<\/strong>\u00a0are procedures in which we rebuild bone and\/or gum tissue that has been lost over many years due to tooth loss. The goal is to achieve a solid bone ridge for implant placement and healthy gum tissue in cases of periodontitis.<\/p><p>All oral surgical procedures are conducted <strong>under anesthesia and are painless. <\/strong><\/p>\t\t\t\t\t\t\t\t<\/div>\n\t\t\t\t<\/div>\n\t\t\t\t<div class=\"elementor-element elementor-element-1ea7293 elementor-widget__width-initial elementor-widget elementor-widget-image\" data-id=\"1ea7293\" data-element_type=\"widget\" data-e-type=\"widget\" data-widget_type=\"image.default\">\n\t\t\t\t<div class=\"elementor-widget-container\">\n\t\t\t\t\t\t\t\t\t\t\t\t\t\t\t\t<a href=\"https:\/\/dentalcrnic.com\/wp-content\/uploads\/2024\/02\/OrdinacijaCrnic73-scaled.jpg\" data-elementor-open-lightbox=\"yes\" data-elementor-lightbox-title=\"OrdinacijaCrnic(73)\" data-e-action-hash=\"#elementor-action%3Aaction%3Dlightbox%26settings%3DeyJpZCI6MTc1OCwidXJsIjoiaHR0cHM6XC9cL2RlbnRhbGNybmljLmNvbVwvd3AtY29udGVudFwvdXBsb2Fkc1wvMjAyNFwvMDJcL09yZGluYWNpamFDcm5pYzczLXNjYWxlZC5qcGcifQ%3D%3D\">\n\t\t\t\t\t\t\t<img decoding=\"async\" width=\"1067\" height=\"1600\" src=\"https:\/\/dentalcrnic.com\/wp-content\/uploads\/2024\/02\/OrdinacijaCrnic73-scaled.jpg\" class=\"attachment-full size-full wp-image-1758\" alt=\"\" srcset=\"https:\/\/dentalcrnic.com\/wp-content\/uploads\/2024\/02\/OrdinacijaCrnic73-scaled.jpg 1067w, https:\/\/dentalcrnic.com\/wp-content\/uploads\/2024\/02\/OrdinacijaCrnic73-200x300.jpg 200w, https:\/\/dentalcrnic.com\/wp-content\/uploads\/2024\/02\/OrdinacijaCrnic73-683x1024.jpg 683w, https:\/\/dentalcrnic.com\/wp-content\/uploads\/2024\/02\/OrdinacijaCrnic73-768x1152.jpg 768w, https:\/\/dentalcrnic.com\/wp-content\/uploads\/2024\/02\/OrdinacijaCrnic73-1024x1536.jpg 1024w, https:\/\/dentalcrnic.com\/wp-content\/uploads\/2024\/02\/OrdinacijaCrnic73-1366x2048.jpg 1366w\" sizes=\"(max-width: 1067px) 100vw, 1067px\" title=\"\">\t\t\t\t\t\t\t\t<\/a>\n\t\t\t\t\t\t\t\t\t\t\t\t\t\t\t<\/div>\n\t\t\t\t<\/div>\n\t\t\t\t\t<\/div>\n\t\t\t\t<\/div>\n\t\t\t\t<\/div>","protected":false},"excerpt":{"rendered":"<p>Usluga Oralna kirurgija &#8211; Obuhva\u0107a razne kirur\u0161ke zahvate od jednostavnih va\u0111enja zuba do kompliciranih, va\u0111enja umnjaka, zaostalih korijenova zuba, apikotomija, alveotomija, podizanje dna sinusa, nadogradnja ko\u0161tanih grebena, kirurgija mekih tkiva. Svi zahvati rade se isklju\u010divo pod lokalnom anestezijom i u potpunosti su bezbolni. Alveotomija\u00a0je kirur\u0161ki postupak va\u0111enja zuba koji je potreban u slu\u010daju da je [&hellip;]<\/p>\n","protected":false},"author":1,"featured_media":0,"parent":0,"menu_order":0,"comment_status":"closed","ping_status":"closed","template":"","meta":{"_acf_changed":false,"footnotes":""},"class_list":["post-481","page","type-page","status-publish","hentry"],"acf":[],"_links":{"self":[{"href":"https:\/\/dentalcrnic.com\/en\/wp-json\/wp\/v2\/pages\/481","targetHints":{"allow":["GET"]}}],"collection":[{"href":"https:\/\/dentalcrnic.com\/en\/wp-json\/wp\/v2\/pages"}],"about":[{"href":"https:\/\/dentalcrnic.com\/en\/wp-json\/wp\/v2\/types\/page"}],"author":[{"embeddable":true,"href":"https:\/\/dentalcrnic.com\/en\/wp-json\/wp\/v2\/users\/1"}],"replies":[{"embeddable":true,"href":"https:\/\/dentalcrnic.com\/en\/wp-json\/wp\/v2\/comments?post=481"}],"version-history":[{"count":46,"href":"https:\/\/dentalcrnic.com\/en\/wp-json\/wp\/v2\/pages\/481\/revisions"}],"predecessor-version":[{"id":2068,"href":"https:\/\/dentalcrnic.com\/en\/wp-json\/wp\/v2\/pages\/481\/revisions\/2068"}],"wp:attachment":[{"href":"https:\/\/dentalcrnic.com\/en\/wp-json\/wp\/v2\/media?parent=481"}],"curies":[{"name":"wp","href":"https:\/\/api.w.org\/{rel}","templated":true}]}}