{"id":494,"date":"2023-12-21T15:55:36","date_gmt":"2023-12-21T14:55:36","guid":{"rendered":"https:\/\/dentalcrnic.com\/?page_id=494"},"modified":"2025-05-09T11:14:50","modified_gmt":"2025-05-09T09:14:50","slug":"ortodoncija","status":"publish","type":"page","link":"https:\/\/dentalcrnic.com\/en\/ortodoncija\/","title":{"rendered":"Orthodontics"},"content":{"rendered":"<div data-elementor-type=\"wp-page\" data-elementor-id=\"494\" class=\"elementor elementor-494\" data-elementor-settings=\"{&quot;ha_cmc_init_switcher&quot;:&quot;no&quot;}\" data-elementor-post-type=\"page\">\n\t\t\t\t<div class=\"elementor-element elementor-element-4f20a2b e-flex e-con-boxed e-con e-parent\" data-id=\"4f20a2b\" data-element_type=\"container\" data-e-type=\"container\" data-settings=\"{&quot;_ha_eqh_enable&quot;:false}\">\n\t\t\t\t\t<div class=\"e-con-inner\">\n\t\t\t\t<div class=\"elementor-element elementor-element-fdb1376 elementor-widget elementor-widget-heading\" data-id=\"fdb1376\" data-element_type=\"widget\" data-e-type=\"widget\" data-widget_type=\"heading.default\">\n\t\t\t\t<div class=\"elementor-widget-container\">\n\t\t\t\t\t<h2 class=\"elementor-heading-title elementor-size-default\">Service<\/h2>\t\t\t\t<\/div>\n\t\t\t\t<\/div>\n\t\t\t\t<div class=\"elementor-element elementor-element-e131c2a elementor-widget elementor-widget-heading\" data-id=\"e131c2a\" data-element_type=\"widget\" data-e-type=\"widget\" data-widget_type=\"heading.default\">\n\t\t\t\t<div class=\"elementor-widget-container\">\n\t\t\t\t\t<h1 class=\"elementor-heading-title elementor-size-default\">Orthodontics<\/h1>\t\t\t\t<\/div>\n\t\t\t\t<\/div>\n\t\t\t\t<div class=\"elementor-element elementor-element-c3f13bb elementor-widget elementor-widget-image\" data-id=\"c3f13bb\" data-element_type=\"widget\" data-e-type=\"widget\" data-widget_type=\"image.default\">\n\t\t\t\t<div class=\"elementor-widget-container\">\n\t\t\t\t\t\t\t\t\t\t\t\t\t\t\t<img fetchpriority=\"high\" decoding=\"async\" width=\"800\" height=\"530\" src=\"https:\/\/dentalcrnic.com\/wp-content\/uploads\/2024\/02\/shutterstock_573952750-rsz-1024x678.jpg\" class=\"attachment-large size-large wp-image-1472\" alt=\"ortodoncija - pregled zuba zena ljubicatse rukavice\" srcset=\"https:\/\/dentalcrnic.com\/wp-content\/uploads\/2024\/02\/shutterstock_573952750-rsz-1024x678.jpg 1024w, https:\/\/dentalcrnic.com\/wp-content\/uploads\/2024\/02\/shutterstock_573952750-rsz-300x199.jpg 300w, https:\/\/dentalcrnic.com\/wp-content\/uploads\/2024\/02\/shutterstock_573952750-rsz-768x509.jpg 768w, https:\/\/dentalcrnic.com\/wp-content\/uploads\/2024\/02\/shutterstock_573952750-rsz-1536x1018.jpg 1536w, https:\/\/dentalcrnic.com\/wp-content\/uploads\/2024\/02\/shutterstock_573952750-rsz.jpg 1600w\" sizes=\"(max-width: 800px) 100vw, 800px\" title=\"\">\t\t\t\t\t\t\t\t\t\t\t\t\t\t\t<\/div>\n\t\t\t\t<\/div>\n\t\t\t\t<div class=\"elementor-element elementor-element-99a1137 elementor-widget elementor-widget-text-editor\" data-id=\"99a1137\" data-element_type=\"widget\" data-e-type=\"widget\" data-widget_type=\"text-editor.default\">\n\t\t\t\t<div class=\"elementor-widget-container\">\n\t\t\t\t\t\t\t\t\t<p>Orthodontics \u2013 An increasingly popular branch of dentistry. \"Straight, beautiful teeth\" and proper occlusion are not just matters of <strong>aesthetics<\/strong>&nbsp;but also of <strong>jaw joint health<\/strong> and the ability <strong>to maintain good oral hygiene<\/strong> (crowded teeth are more prone to contact caries). <strong>The first examination is recommended during preschool age.<\/strong> At this stage, minor irregularities can be corrected, and future issues can be anticipated.<\/p><p>There are\u00a0<strong>removable and fixed orthodontic appliances, as well as clear aligners<\/strong>. Depending on the patient's age and the complexity of the situation in the mouth, we determine with the patient which appliance is most suitable.<\/p><p><strong>Modern dentistry utilizes fixed orthodontic appliances<\/strong> to correct occlusion in adult patients who have lost some teeth and experienced shifting. Previously, such teeth would often be targeted for grinding and shortening to accommodate an implant or bridge. However, we now offer <strong>a more modern, quality solution that preserves the adjacent teeth<\/strong> \u2013 a fixed appliance that creates space for the missing tooth, which can later be restored.<\/p><p>Fixed orthodontic appliances come in the form of <strong>metal brackets and white (aesthetic) brackets<\/strong>. The patient decides which type of brackets they prefer.<\/p><p><strong>The first orthodontic examination<\/strong> includes a discussion with the patient, during which the patient expresses their wishes and goals.<\/p><p>If therapy is initiated, impressions and occlusion are taken, and the patient\u2019s teeth and oral situation are photographed.<\/p><p>A crucial step before applying the appliance is <strong>the treatment of any caries in the mouth, as well as cleaning tartar and sandblasting<\/strong>. All teeth must be treated (healed), and the gums must be healthy before the appliance is placed. The patient also receives <strong>instructions on maintaining oral hygiene adapted for fixed appliances,<\/strong> which is important to adhere to throughout the therapy.<\/p><p>After the appliance is affixed, the patient is scheduled for regular check-ups and receives <strong>our full support<\/strong> throughout the treatment process.<\/p><p>The duration of therapy is<strong> individualized<\/strong>.<\/p>\t\t\t\t\t\t\t\t<\/div>\n\t\t\t\t<\/div>\n\t\t\t\t<div class=\"elementor-element elementor-element-0f5a664 elementor-widget elementor-widget-gallery\" data-id=\"0f5a664\" data-element_type=\"widget\" data-e-type=\"widget\" data-settings=\"{&quot;columns&quot;:3,&quot;lazyload&quot;:&quot;yes&quot;,&quot;gallery_layout&quot;:&quot;grid&quot;,&quot;columns_tablet&quot;:2,&quot;columns_mobile&quot;:1,&quot;gap&quot;:{&quot;unit&quot;:&quot;px&quot;,&quot;size&quot;:10,&quot;sizes&quot;:[]},&quot;gap_tablet&quot;:{&quot;unit&quot;:&quot;px&quot;,&quot;size&quot;:10,&quot;sizes&quot;:[]},&quot;gap_mobile&quot;:{&quot;unit&quot;:&quot;px&quot;,&quot;size&quot;:10,&quot;sizes&quot;:[]},&quot;link_to&quot;:&quot;file&quot;,&quot;aspect_ratio&quot;:&quot;3:2&quot;,&quot;overlay_background&quot;:&quot;yes&quot;,&quot;content_hover_animation&quot;:&quot;fade-in&quot;}\" data-widget_type=\"gallery.default\">\n\t\t\t\t<div class=\"elementor-widget-container\">\n\t\t\t\t\t\t\t<div class=\"elementor-gallery__container\">\n\t\t\t\t\t\t\t<a class=\"e-gallery-item elementor-gallery-item elementor-animated-content\" href=\"https:\/\/dentalcrnic.com\/wp-content\/uploads\/2024\/02\/OrdinacijaCrnic34.jpg\" data-elementor-open-lightbox=\"yes\" data-elementor-lightbox-slideshow=\"0f5a664\" data-elementor-lightbox-title=\"OrdinacijaCrnic(34)\" data-e-action-hash=\"#elementor-action%3Aaction%3Dlightbox%26settings%3DeyJpZCI6MTc4MSwidXJsIjoiaHR0cHM6XC9cL2RlbnRhbGNybmljLmNvbVwvd3AtY29udGVudFwvdXBsb2Fkc1wvMjAyNFwvMDJcL09yZGluYWNpamFDcm5pYzM0LmpwZyIsInNsaWRlc2hvdyI6IjBmNWE2NjQifQ%3D%3D\">\n\t\t\t\t\t<div class=\"e-gallery-image elementor-gallery-item__image\" data-thumbnail=\"https:\/\/dentalcrnic.com\/wp-content\/uploads\/2024\/02\/OrdinacijaCrnic34-300x200.jpg\" data-width=\"300\" data-height=\"200\" aria-label=\"\" role=\"img\" ><\/div>\n\t\t\t\t\t\t\t\t\t\t\t<div class=\"elementor-gallery-item__overlay\"><\/div>\n\t\t\t\t\t\t\t\t\t\t\t\t\t\t<\/a>\n\t\t\t\t\t\t\t<a class=\"e-gallery-item elementor-gallery-item elementor-animated-content\" href=\"https:\/\/dentalcrnic.com\/wp-content\/uploads\/2024\/02\/OrdinacijaCrnic126-scaled.jpg\" data-elementor-open-lightbox=\"yes\" data-elementor-lightbox-slideshow=\"0f5a664\" data-elementor-lightbox-title=\"OrdinacijaCrnic(126)\" data-e-action-hash=\"#elementor-action%3Aaction%3Dlightbox%26settings%3DeyJpZCI6MTc2NiwidXJsIjoiaHR0cHM6XC9cL2RlbnRhbGNybmljLmNvbVwvd3AtY29udGVudFwvdXBsb2Fkc1wvMjAyNFwvMDJcL09yZGluYWNpamFDcm5pYzEyNi1zY2FsZWQuanBnIiwic2xpZGVzaG93IjoiMGY1YTY2NCJ9\">\n\t\t\t\t\t<div class=\"e-gallery-image elementor-gallery-item__image\" data-thumbnail=\"https:\/\/dentalcrnic.com\/wp-content\/uploads\/2024\/02\/OrdinacijaCrnic126-200x300.jpg\" data-width=\"200\" data-height=\"300\" aria-label=\"\" role=\"img\" ><\/div>\n\t\t\t\t\t\t\t\t\t\t\t<div class=\"elementor-gallery-item__overlay\"><\/div>\n\t\t\t\t\t\t\t\t\t\t\t\t\t\t<\/a>\n\t\t\t\t\t\t\t<a class=\"e-gallery-item elementor-gallery-item elementor-animated-content\" href=\"https:\/\/dentalcrnic.com\/wp-content\/uploads\/2024\/02\/OrdinacijaCrnic121.jpg\" data-elementor-open-lightbox=\"yes\" data-elementor-lightbox-slideshow=\"0f5a664\" data-elementor-lightbox-title=\"OrdinacijaCrnic(121)\" data-e-action-hash=\"#elementor-action%3Aaction%3Dlightbox%26settings%3DeyJpZCI6MTc2NSwidXJsIjoiaHR0cHM6XC9cL2RlbnRhbGNybmljLmNvbVwvd3AtY29udGVudFwvdXBsb2Fkc1wvMjAyNFwvMDJcL09yZGluYWNpamFDcm5pYzEyMS5qcGciLCJzbGlkZXNob3ciOiIwZjVhNjY0In0%3D\">\n\t\t\t\t\t<div class=\"e-gallery-image elementor-gallery-item__image\" data-thumbnail=\"https:\/\/dentalcrnic.com\/wp-content\/uploads\/2024\/02\/OrdinacijaCrnic121-300x200.jpg\" data-width=\"300\" data-height=\"200\" aria-label=\"\" role=\"img\" ><\/div>\n\t\t\t\t\t\t\t\t\t\t\t<div class=\"elementor-gallery-item__overlay\"><\/div>\n\t\t\t\t\t\t\t\t\t\t\t\t\t\t<\/a>\n\t\t\t\t\t<\/div>\n\t\t\t\t\t<\/div>\n\t\t\t\t<\/div>\n\t\t\t\t\t<\/div>\n\t\t\t\t<\/div>\n\t\t\t\t<\/div>","protected":false},"excerpt":{"rendered":"<p>Usluga Ortodoncija &#8211; Sve popularnija grana stomatologije. \u201eRavni, lijepi zubi\u201c i dobar zagriz nije samo stvar estetike, ve\u0107 i zdravlja \u010deljusnog zgloba i mogu\u0107nosti odr\u017eavanja dobre oralne higijene (prenagurani zubi su skloniji kontaktnim karijesima). Prvi pregled preporu\u010da se u pred\u0161kolskoj dobi. Tada se ve\u0107 mogu ispravljati manje nepravilnosti, te predvidjeti budu\u0107e nepravilnosti. Postoje\u00a0mobilni i fiksni [&hellip;]<\/p>\n","protected":false},"author":1,"featured_media":0,"parent":0,"menu_order":0,"comment_status":"closed","ping_status":"closed","template":"","meta":{"_acf_changed":false,"footnotes":""},"class_list":["post-494","page","type-page","status-publish","hentry"],"acf":[],"_links":{"self":[{"href":"https:\/\/dentalcrnic.com\/en\/wp-json\/wp\/v2\/pages\/494","targetHints":{"allow":["GET"]}}],"collection":[{"href":"https:\/\/dentalcrnic.com\/en\/wp-json\/wp\/v2\/pages"}],"about":[{"href":"https:\/\/dentalcrnic.com\/en\/wp-json\/wp\/v2\/types\/page"}],"author":[{"embeddable":true,"href":"https:\/\/dentalcrnic.com\/en\/wp-json\/wp\/v2\/users\/1"}],"replies":[{"embeddable":true,"href":"https:\/\/dentalcrnic.com\/en\/wp-json\/wp\/v2\/comments?post=494"}],"version-history":[{"count":37,"href":"https:\/\/dentalcrnic.com\/en\/wp-json\/wp\/v2\/pages\/494\/revisions"}],"predecessor-version":[{"id":2432,"href":"https:\/\/dentalcrnic.com\/en\/wp-json\/wp\/v2\/pages\/494\/revisions\/2432"}],"wp:attachment":[{"href":"https:\/\/dentalcrnic.com\/en\/wp-json\/wp\/v2\/media?parent=494"}],"curies":[{"name":"wp","href":"https:\/\/api.w.org\/{rel}","templated":true}]}}