{"id":499,"date":"2023-12-21T15:56:53","date_gmt":"2023-12-21T14:56:53","guid":{"rendered":"https:\/\/dentalcrnic.com\/?page_id=499"},"modified":"2025-05-09T09:32:42","modified_gmt":"2025-05-09T07:32:42","slug":"estetika-lica","status":"publish","type":"page","link":"https:\/\/dentalcrnic.com\/en\/estetika-lica\/","title":{"rendered":"Facial Aesthetics"},"content":{"rendered":"<div data-elementor-type=\"wp-page\" data-elementor-id=\"499\" class=\"elementor elementor-499\" data-elementor-settings=\"{&quot;ha_cmc_init_switcher&quot;:&quot;no&quot;}\" data-elementor-post-type=\"page\">\n\t\t\t\t<div class=\"elementor-element elementor-element-bc7c512 e-flex e-con-boxed e-con e-parent\" data-id=\"bc7c512\" data-element_type=\"container\" data-e-type=\"container\" data-settings=\"{&quot;_ha_eqh_enable&quot;:false}\">\n\t\t\t\t\t<div class=\"e-con-inner\">\n\t\t\t\t<div class=\"elementor-element elementor-element-4ce2681 elementor-widget elementor-widget-heading\" data-id=\"4ce2681\" data-element_type=\"widget\" data-e-type=\"widget\" data-widget_type=\"heading.default\">\n\t\t\t\t<div class=\"elementor-widget-container\">\n\t\t\t\t\t<h2 class=\"elementor-heading-title elementor-size-default\">Service<\/h2>\t\t\t\t<\/div>\n\t\t\t\t<\/div>\n\t\t\t\t<div class=\"elementor-element elementor-element-f84f781 elementor-widget elementor-widget-heading\" data-id=\"f84f781\" data-element_type=\"widget\" data-e-type=\"widget\" data-widget_type=\"heading.default\">\n\t\t\t\t<div class=\"elementor-widget-container\">\n\t\t\t\t\t<h1 class=\"elementor-heading-title elementor-size-default\">Facial Aesthetics<\/h1>\t\t\t\t<\/div>\n\t\t\t\t<\/div>\n\t\t\t\t<div class=\"elementor-element elementor-element-8463086 elementor-widget elementor-widget-image\" data-id=\"8463086\" data-element_type=\"widget\" data-e-type=\"widget\" data-widget_type=\"image.default\">\n\t\t\t\t<div class=\"elementor-widget-container\">\n\t\t\t\t\t\t\t\t\t\t\t\t\t\t\t<img fetchpriority=\"high\" decoding=\"async\" width=\"800\" height=\"534\" src=\"https:\/\/dentalcrnic.com\/wp-content\/uploads\/2024\/02\/shutterstock_1179164458-rsz-1024x683.jpg\" class=\"attachment-large size-large wp-image-1478\" alt=\"Estetika lica\" srcset=\"https:\/\/dentalcrnic.com\/wp-content\/uploads\/2024\/02\/shutterstock_1179164458-rsz-1024x683.jpg 1024w, https:\/\/dentalcrnic.com\/wp-content\/uploads\/2024\/02\/shutterstock_1179164458-rsz-300x200.jpg 300w, https:\/\/dentalcrnic.com\/wp-content\/uploads\/2024\/02\/shutterstock_1179164458-rsz-768x512.jpg 768w, https:\/\/dentalcrnic.com\/wp-content\/uploads\/2024\/02\/shutterstock_1179164458-rsz-1536x1024.jpg 1536w, https:\/\/dentalcrnic.com\/wp-content\/uploads\/2024\/02\/shutterstock_1179164458-rsz.jpg 1600w\" sizes=\"(max-width: 800px) 100vw, 800px\" title=\"\">\t\t\t\t\t\t\t\t\t\t\t\t\t\t\t<\/div>\n\t\t\t\t<\/div>\n\t\t\t\t<div class=\"elementor-element elementor-element-878705f elementor-widget elementor-widget-text-editor\" data-id=\"878705f\" data-element_type=\"widget\" data-e-type=\"widget\" data-widget_type=\"text-editor.default\">\n\t\t\t\t<div class=\"elementor-widget-container\">\n\t\t\t\t\t\t\t\t\t<p><strong>Facial Aesthetics \u2013 Facial mesotherapy<\/strong>\u00a0is a treatment used for <strong>skin regeneration<\/strong> \u2013 restoring elasticity and radiance, as well as improving skin tone. The foundation of mesotherapy is mesococktails, which are injected into the upper layers of the skin. <strong>These mesococktails<\/strong> contain various <strong>amino acids, vitamins, and ceramides<\/strong>. They promote <strong>skin revitalization, reduce hyperpigmentation<\/strong>, stimulate <strong>collagen production<\/strong>, renew skin cells, provide <strong>deep hydration<\/strong>, minimize enlarged pores, and prevent the formation of wrinkles. It is recommended to perform the treatment <strong>three times at two-week intervals,<\/strong> and subsequently based on the patient's desires and needs.<\/p><p><strong>Skin boosters\u00a0<\/strong>contain hyaluronic acid, which is much less concentrated and less viscous than that found in dermal fillers, resulting in <strong>enhanced subcutaneous hydration&nbsp;<\/strong>without <strong>altering facial contours<\/strong>. The treatment is <strong>painless and quick<\/strong>. The skin appears fresher, healthier, and nourished. Similar to mesotherapy, it is recommended to perform this treatment <strong>three times at two-week intervals<\/strong>, and later as per the patient's preferences.<\/p><p><strong>Hyaluronic dermal fillers<\/strong>\u00a0are increasingly popular dermatological products used to alleviate fine and deeper wrinkles, scars, enhance and contour the lips, and <strong>revitalize the skin<\/strong>. Hyaluronic acid is their primary ingredient, giving the skin <strong>elasticity and a youthful \"fresh\" appearance<\/strong>. As skin ages, it loses hyaluronic acid, leading to dry skin and wrinkle formation. The application of fillers is quick and straightforward, with immediate visible results.<\/p><p><strong>Botox\u00a0<\/strong>is used to reduce forehead wrinkles, crow's feet around the eyes, and fine lines around the mouth. Its main ingredient is a natural protein produced by the bacterium Clostridium botulinum.<\/p><p>It is injected into the targeted muscle responsible for facial wrinkles, alleviating movement in that muscle and thus reducing the formation of dynamic wrinkles.<\/p><p>It is recommended to start treatment at the first signs of wrinkles, after the age of 30. In this case, it is applied in smaller doses (<strong>Baby Botox<\/strong>), achieving a preventive effect by preventing the deepening of existing wrinkles and the formation of new ones. For optimal results, it is advised to have <strong>2-3 treatments per year.<\/strong><\/p>\t\t\t\t\t\t\t\t<\/div>\n\t\t\t\t<\/div>\n\t\t\t\t\t<\/div>\n\t\t\t\t<\/div>\n\t\t\t\t<\/div>","protected":false},"excerpt":{"rendered":"<p>Usluga Estetika lica &#8211; Mezoterapija lica\u00a0je tretman koji se primjenjuje u svrhu regeneracije ko\u017ee \u2013 vra\u0107anja elasti\u010dnosti i sjaja te pobolj\u0161anja tonusa ko\u017ee. Temelj mezoterapije su mezokokteli koji se ubrizgavaju u gornje slojeve ko\u017ee. Mezokokteli sadr\u017ee razli\u010dite aminokiseline, vitamine, te ceramide. Poti\u010de revitalizaciju ko\u017ee, smanjuje hiperpigmentacije, poti\u010de stvaranje kolagena, obnavlja stanice ko\u017ee, daje dubinsku hidrataciju, [&hellip;]<\/p>\n","protected":false},"author":1,"featured_media":0,"parent":0,"menu_order":0,"comment_status":"closed","ping_status":"closed","template":"","meta":{"_acf_changed":false,"footnotes":""},"class_list":["post-499","page","type-page","status-publish","hentry"],"acf":[],"_links":{"self":[{"href":"https:\/\/dentalcrnic.com\/en\/wp-json\/wp\/v2\/pages\/499","targetHints":{"allow":["GET"]}}],"collection":[{"href":"https:\/\/dentalcrnic.com\/en\/wp-json\/wp\/v2\/pages"}],"about":[{"href":"https:\/\/dentalcrnic.com\/en\/wp-json\/wp\/v2\/types\/page"}],"author":[{"embeddable":true,"href":"https:\/\/dentalcrnic.com\/en\/wp-json\/wp\/v2\/users\/1"}],"replies":[{"embeddable":true,"href":"https:\/\/dentalcrnic.com\/en\/wp-json\/wp\/v2\/comments?post=499"}],"version-history":[{"count":44,"href":"https:\/\/dentalcrnic.com\/en\/wp-json\/wp\/v2\/pages\/499\/revisions"}],"predecessor-version":[{"id":2411,"href":"https:\/\/dentalcrnic.com\/en\/wp-json\/wp\/v2\/pages\/499\/revisions\/2411"}],"wp:attachment":[{"href":"https:\/\/dentalcrnic.com\/en\/wp-json\/wp\/v2\/media?parent=499"}],"curies":[{"name":"wp","href":"https:\/\/api.w.org\/{rel}","templated":true}]}}