{"id":1337,"date":"2024-01-31T13:32:08","date_gmt":"2024-01-31T12:32:08","guid":{"rendered":"https:\/\/dentalcrnic.com\/?page_id=1337"},"modified":"2025-04-14T15:52:15","modified_gmt":"2025-04-14T13:52:15","slug":"pomladivanje-koze-krvnom-plazmom-prgf","status":"publish","type":"page","link":"https:\/\/dentalcrnic.com\/sl\/pomladivanje-koze-krvnom-plazmom-prgf\/","title":{"rendered":"Obnova ko\u017ee s krvno plazmo (PRGF)"},"content":{"rendered":"<div data-elementor-type=\"wp-page\" data-elementor-id=\"1337\" class=\"elementor elementor-1337\" data-elementor-settings=\"{&quot;ha_cmc_init_switcher&quot;:&quot;no&quot;}\" data-elementor-post-type=\"page\">\n\t\t\t\t<div class=\"elementor-element elementor-element-0352043 e-flex e-con-boxed e-con e-parent\" data-id=\"0352043\" data-element_type=\"container\" data-e-type=\"container\" data-settings=\"{&quot;_ha_eqh_enable&quot;:false}\">\n\t\t\t\t\t<div class=\"e-con-inner\">\n\t\t\t\t<div class=\"elementor-element elementor-element-628d1d7 elementor-widget elementor-widget-heading\" data-id=\"628d1d7\" data-element_type=\"widget\" data-e-type=\"widget\" data-widget_type=\"heading.default\">\n\t\t\t\t<div class=\"elementor-widget-container\">\n\t\t\t\t\t<div class=\"elementor-heading-title elementor-size-default\">Usluga<\/div>\t\t\t\t<\/div>\n\t\t\t\t<\/div>\n\t\t\t\t<div class=\"elementor-element elementor-element-afd4819 elementor-widget elementor-widget-heading\" data-id=\"afd4819\" data-element_type=\"widget\" data-e-type=\"widget\" data-widget_type=\"heading.default\">\n\t\t\t\t<div class=\"elementor-widget-container\">\n\t\t\t\t\t<div class=\"elementor-heading-title elementor-size-default\">Obnova ko\u017ee s krvno plazmo (PRGF)<\/div>\t\t\t\t<\/div>\n\t\t\t\t<\/div>\n\t\t\t\t<div class=\"elementor-element elementor-element-b77fe8f elementor-widget elementor-widget-image\" data-id=\"b77fe8f\" data-element_type=\"widget\" data-e-type=\"widget\" data-widget_type=\"image.default\">\n\t\t\t\t<div class=\"elementor-widget-container\">\n\t\t\t\t\t\t\t\t\t\t\t\t\t\t\t<img fetchpriority=\"high\" decoding=\"async\" width=\"800\" height=\"534\" src=\"https:\/\/dentalcrnic.com\/wp-content\/uploads\/2024\/02\/shutterstock_1391758715-rsz-1024x683.jpg\" class=\"attachment-large size-large wp-image-1474\" alt=\"\" srcset=\"https:\/\/dentalcrnic.com\/wp-content\/uploads\/2024\/02\/shutterstock_1391758715-rsz-1024x683.jpg 1024w, https:\/\/dentalcrnic.com\/wp-content\/uploads\/2024\/02\/shutterstock_1391758715-rsz-300x200.jpg 300w, https:\/\/dentalcrnic.com\/wp-content\/uploads\/2024\/02\/shutterstock_1391758715-rsz-768x512.jpg 768w, https:\/\/dentalcrnic.com\/wp-content\/uploads\/2024\/02\/shutterstock_1391758715-rsz-1536x1024.jpg 1536w, https:\/\/dentalcrnic.com\/wp-content\/uploads\/2024\/02\/shutterstock_1391758715-rsz.jpg 1600w\" sizes=\"(max-width: 800px) 100vw, 800px\" title=\"\">\t\t\t\t\t\t\t\t\t\t\t\t\t\t\t<\/div>\n\t\t\t\t<\/div>\n\t\t\t\t<div class=\"elementor-element elementor-element-4608a6b elementor-widget elementor-widget-text-editor\" data-id=\"4608a6b\" data-element_type=\"widget\" data-e-type=\"widget\" data-widget_type=\"text-editor.default\">\n\t\t\t\t<div class=\"elementor-widget-container\">\n\t\t\t\t\t\t\t\t\t<strong>Najnovej\u0161a tehnologija <\/strong>za pomlajevanje ko\u017ee na obrazu \u2013 Pomlajevanje ko\u017ee s krvno plazmo.\n\n<strong>To je popolnoma naravno zdravljenje,&nbsp;<\/strong>pri katerem se uporablja plazma, pridobljena iz le krvi pacienta, kar naredi PRGF <strong>najbolj kompatibilno estetsko zdravljenje ko\u017ee.&nbsp;<\/strong>Po odvzemu pacientove krvi lo\u010dimo plazmo bogato z rastnimi dejavniki s centrifugiranjem in jo takoj uporabimo <strong>v obliki mezoterapije<\/strong> na ko\u017ei obraza. Ta metoda je <strong>presegla zdaj zastarelo metodo PRP<\/strong> in pokazala <strong>veliko bolj\u0161e in dolgoro\u010dne rezultate<\/strong>.\n\n<ul>\n \t<li>Zdravljenje s PRGF plazmo ne vklju\u010duje levkocitov, ki obi\u010dajno povzro\u010dajo vnetje, kar vodi do skoraj <strong>brez stranskih u\u010dinkov&nbsp;<\/strong>in bolj\u0161ih rezultatov.<\/li>\n \t<li><strong>Zmanj\u0161uje pojav vnetne akne in \u010drnih pik<\/strong> (zato je priporo\u010dena tudi mlaj\u0161im pacientom v najstni\u0161kih letih, ki imajo te\u017eave z vnetno akno, \u010drnimi pikami in mozolji).<\/li>\n \t<li><strong>Spodbuja in pospe\u0161uje regeneracijo tkiva,&nbsp;<\/strong>s \u010dimer zmanj\u0161uje gubice.<\/li>\n \t<li><strong>Spodbuja proizvodnjo kolagena,&nbsp;<\/strong>ki se po tridesetem letu hitro zmanj\u0161uje.<\/li>\n \t<li><strong>Izena\u010duje ton ko\u017ee.<\/strong><\/li>\n \t<li><strong>Odpravlja hiperpigmentacijo.<\/strong><\/li>\n \t<li><strong>Zdru\u017eljiv je z drugimi estetskimi tretmaji obraza.<\/strong><\/li>\n \t<li>Neguje, vla\u017ei in <strong>u\u010dvrsti ko\u017eo.<\/strong><\/li>\n<\/ul>\n\nPRGF mezoterapija s krvno plazmo nima u\u010dinka polnil, kar pomeni, da <strong>ne spreminja volumna<\/strong> ali oblike obraza, ampak <strong>samo ko\u017eo u\u010dvrsti in izbolj\u0161a njeno kakovost.&nbsp;<\/strong>Priporo\u010damo jo kot <strong>primarno zdravljenje pred katerim koli drugim estetskim postopkom.&nbsp;<\/strong>Za najbolj\u0161e rezultate svetujemo <strong>tri seje, ki so razporejene v dveh tednih&nbsp;<\/strong>pozneje pa glede na \u017eelje in potrebe pacienta.\n\t\t\t\t\t\t\t\t<\/div>\n\t\t\t\t<\/div>\n\t\t\t\t<div class=\"elementor-element elementor-element-5a8919b elementor-widget elementor-widget-gallery\" data-id=\"5a8919b\" data-element_type=\"widget\" data-e-type=\"widget\" data-settings=\"{&quot;columns&quot;:2,&quot;lazyload&quot;:&quot;yes&quot;,&quot;gallery_layout&quot;:&quot;grid&quot;,&quot;columns_tablet&quot;:2,&quot;columns_mobile&quot;:1,&quot;gap&quot;:{&quot;unit&quot;:&quot;px&quot;,&quot;size&quot;:10,&quot;sizes&quot;:[]},&quot;gap_tablet&quot;:{&quot;unit&quot;:&quot;px&quot;,&quot;size&quot;:10,&quot;sizes&quot;:[]},&quot;gap_mobile&quot;:{&quot;unit&quot;:&quot;px&quot;,&quot;size&quot;:10,&quot;sizes&quot;:[]},&quot;link_to&quot;:&quot;file&quot;,&quot;aspect_ratio&quot;:&quot;3:2&quot;,&quot;overlay_background&quot;:&quot;yes&quot;,&quot;content_hover_animation&quot;:&quot;fade-in&quot;}\" data-widget_type=\"gallery.default\">\n\t\t\t\t<div class=\"elementor-widget-container\">\n\t\t\t\t\t\t\t<div class=\"elementor-gallery__container\">\n\t\t\t\t\t\t\t<a class=\"e-gallery-item elementor-gallery-item elementor-animated-content\" href=\"https:\/\/dentalcrnic.com\/wp-content\/uploads\/2024\/02\/OrdinacijaCrnic138-scaled.jpg\" data-elementor-open-lightbox=\"yes\" data-elementor-lightbox-slideshow=\"5a8919b\" data-elementor-lightbox-title=\"OrdinacijaCrnic(138)\" data-e-action-hash=\"#elementor-action%3Aaction%3Dlightbox%26settings%3DeyJpZCI6MTc3MCwidXJsIjoiaHR0cHM6XC9cL2RlbnRhbGNybmljLmNvbVwvd3AtY29udGVudFwvdXBsb2Fkc1wvMjAyNFwvMDJcL09yZGluYWNpamFDcm5pYzEzOC1zY2FsZWQuanBnIiwic2xpZGVzaG93IjoiNWE4OTE5YiJ9\">\n\t\t\t\t\t<div class=\"e-gallery-image elementor-gallery-item__image\" data-thumbnail=\"https:\/\/dentalcrnic.com\/wp-content\/uploads\/2024\/02\/OrdinacijaCrnic138-scaled.jpg\" data-width=\"1067\" data-height=\"1600\" aria-label=\"\" role=\"img\" ><\/div>\n\t\t\t\t\t\t\t\t\t\t\t<div class=\"elementor-gallery-item__overlay\"><\/div>\n\t\t\t\t\t\t\t\t\t\t\t\t\t\t<\/a>\n\t\t\t\t\t\t\t<a class=\"e-gallery-item elementor-gallery-item elementor-animated-content\" href=\"https:\/\/dentalcrnic.com\/wp-content\/uploads\/2024\/02\/OrdinacijaCrnic132-scaled.jpg\" data-elementor-open-lightbox=\"yes\" data-elementor-lightbox-slideshow=\"5a8919b\" data-elementor-lightbox-title=\"OrdinacijaCrnic(132)\" data-e-action-hash=\"#elementor-action%3Aaction%3Dlightbox%26settings%3DeyJpZCI6MTc2NywidXJsIjoiaHR0cHM6XC9cL2RlbnRhbGNybmljLmNvbVwvd3AtY29udGVudFwvdXBsb2Fkc1wvMjAyNFwvMDJcL09yZGluYWNpamFDcm5pYzEzMi1zY2FsZWQuanBnIiwic2xpZGVzaG93IjoiNWE4OTE5YiJ9\">\n\t\t\t\t\t<div class=\"e-gallery-image elementor-gallery-item__image\" data-thumbnail=\"https:\/\/dentalcrnic.com\/wp-content\/uploads\/2024\/02\/OrdinacijaCrnic132-scaled.jpg\" data-width=\"1067\" data-height=\"1600\" aria-label=\"\" role=\"img\" ><\/div>\n\t\t\t\t\t\t\t\t\t\t\t<div class=\"elementor-gallery-item__overlay\"><\/div>\n\t\t\t\t\t\t\t\t\t\t\t\t\t\t<\/a>\n\t\t\t\t\t<\/div>\n\t\t\t\t\t<\/div>\n\t\t\t\t<\/div>\n\t\t\t\t\t<\/div>\n\t\t\t\t<\/div>\n\t\t\t\t<\/div>","protected":false},"excerpt":{"rendered":"<p>Usluga Najnovija tehnologija za pomla\u0111ivanje ko\u017ee lica. &#8211; Pomla\u0111ivanje ko\u017ee krvnom plazmom Potpuno je prirodan tretman, pacijentu se aplicira plazma iz isklju\u010divo njegove krvi, \u0161to \u010dini PRGF najkompatibilnijim mogu\u0107im estetskim tretmanom ko\u017ee. Nakon \u0161to izvadimo pacijentu krv, centrifugiranjem odvajamo plazmu punu faktorima rasta i odmah ju primijenimo u obliku tretmana mezoterapije u ko\u017eu lica. Ova [&hellip;]<\/p>\n","protected":false},"author":1,"featured_media":0,"parent":0,"menu_order":0,"comment_status":"closed","ping_status":"closed","template":"elementor_header_footer","meta":{"_acf_changed":false,"footnotes":""},"class_list":["post-1337","page","type-page","status-publish","hentry"],"acf":[],"_links":{"self":[{"href":"https:\/\/dentalcrnic.com\/sl\/wp-json\/wp\/v2\/pages\/1337","targetHints":{"allow":["GET"]}}],"collection":[{"href":"https:\/\/dentalcrnic.com\/sl\/wp-json\/wp\/v2\/pages"}],"about":[{"href":"https:\/\/dentalcrnic.com\/sl\/wp-json\/wp\/v2\/types\/page"}],"author":[{"embeddable":true,"href":"https:\/\/dentalcrnic.com\/sl\/wp-json\/wp\/v2\/users\/1"}],"replies":[{"embeddable":true,"href":"https:\/\/dentalcrnic.com\/sl\/wp-json\/wp\/v2\/comments?post=1337"}],"version-history":[{"count":19,"href":"https:\/\/dentalcrnic.com\/sl\/wp-json\/wp\/v2\/pages\/1337\/revisions"}],"predecessor-version":[{"id":2355,"href":"https:\/\/dentalcrnic.com\/sl\/wp-json\/wp\/v2\/pages\/1337\/revisions\/2355"}],"wp:attachment":[{"href":"https:\/\/dentalcrnic.com\/sl\/wp-json\/wp\/v2\/media?parent=1337"}],"curies":[{"name":"wp","href":"https:\/\/api.w.org\/{rel}","templated":true}]}}