{"id":1341,"date":"2024-01-31T13:32:29","date_gmt":"2024-01-31T12:32:29","guid":{"rendered":"https:\/\/dentalcrnic.com\/?page_id=1341"},"modified":"2025-05-09T10:00:00","modified_gmt":"2025-05-09T08:00:00","slug":"biostimulatori-koze-sunekos-performa-mezoterapija-lica","status":"publish","type":"page","link":"https:\/\/dentalcrnic.com\/sl\/biostimulatori-koze-sunekos-performa-mezoterapija-lica\/","title":{"rendered":"Sunekos ko\u017eni biostimulatorji \u2013 Sunekos Performa (mezoterapija obraza)"},"content":{"rendered":"<div data-elementor-type=\"wp-page\" data-elementor-id=\"1341\" class=\"elementor elementor-1341\" data-elementor-settings=\"{&quot;ha_cmc_init_switcher&quot;:&quot;no&quot;}\" data-elementor-post-type=\"page\">\n\t\t\t\t<div class=\"elementor-element elementor-element-da1f1be e-flex e-con-boxed e-con e-parent\" data-id=\"da1f1be\" data-element_type=\"container\" data-e-type=\"container\" data-settings=\"{&quot;_ha_eqh_enable&quot;:false}\">\n\t\t\t\t\t<div class=\"e-con-inner\">\n\t\t\t\t<div class=\"elementor-element elementor-element-a78904d elementor-widget elementor-widget-heading\" data-id=\"a78904d\" data-element_type=\"widget\" data-e-type=\"widget\" data-widget_type=\"heading.default\">\n\t\t\t\t<div class=\"elementor-widget-container\">\n\t\t\t\t\t<div class=\"elementor-heading-title elementor-size-default\">Usluga<\/div>\t\t\t\t<\/div>\n\t\t\t\t<\/div>\n\t\t\t\t<div class=\"elementor-element elementor-element-5526565 elementor-widget elementor-widget-heading\" data-id=\"5526565\" data-element_type=\"widget\" data-e-type=\"widget\" data-widget_type=\"heading.default\">\n\t\t\t\t<div class=\"elementor-widget-container\">\n\t\t\t\t\t<div class=\"elementor-heading-title elementor-size-default\">Sunekos ko\u017eni biostimulatorji \u2013 Sunekos Performa (mezoterapija obraza)<\/div>\t\t\t\t<\/div>\n\t\t\t\t<\/div>\n\t\t\t\t<div class=\"elementor-element elementor-element-83f76ee elementor-widget elementor-widget-image\" data-id=\"83f76ee\" data-element_type=\"widget\" data-e-type=\"widget\" data-widget_type=\"image.default\">\n\t\t\t\t<div class=\"elementor-widget-container\">\n\t\t\t\t\t\t\t\t\t\t\t\t\t\t\t<img fetchpriority=\"high\" decoding=\"async\" width=\"800\" height=\"534\" src=\"https:\/\/dentalcrnic.com\/wp-content\/uploads\/2024\/02\/shutterstock_2080362577-rsz-1024x683.jpg\" class=\"attachment-large size-large wp-image-1479\" alt=\"Biostimulatori ko\u017ee\" srcset=\"https:\/\/dentalcrnic.com\/wp-content\/uploads\/2024\/02\/shutterstock_2080362577-rsz-1024x683.jpg 1024w, https:\/\/dentalcrnic.com\/wp-content\/uploads\/2024\/02\/shutterstock_2080362577-rsz-300x200.jpg 300w, https:\/\/dentalcrnic.com\/wp-content\/uploads\/2024\/02\/shutterstock_2080362577-rsz-768x512.jpg 768w, https:\/\/dentalcrnic.com\/wp-content\/uploads\/2024\/02\/shutterstock_2080362577-rsz-1536x1024.jpg 1536w, https:\/\/dentalcrnic.com\/wp-content\/uploads\/2024\/02\/shutterstock_2080362577-rsz.jpg 1600w\" sizes=\"(max-width: 800px) 100vw, 800px\" title=\"\">\t\t\t\t\t\t\t\t\t\t\t\t\t\t\t<\/div>\n\t\t\t\t<\/div>\n\t\t\t\t<div class=\"elementor-element elementor-element-e701f26 elementor-widget elementor-widget-text-editor\" data-id=\"e701f26\" data-element_type=\"widget\" data-e-type=\"widget\" data-widget_type=\"text-editor.default\">\n\t\t\t\t<div class=\"elementor-widget-container\">\n\t\t\t\t\t\t\t\t\tKo\u017eni biostimulatorji (Sunekos Performa) <strong>so koktel aminokislin in hialuronske kisline,<\/strong> namenjen izbolj\u0161anju kakovosti ko\u017ee. Gre za \u0161e en <strong>inovativen<\/strong> <strong>in visokokakovosten izdelek za ko\u017eo,<\/strong> ki resni\u010dno navdu\u0161i. Odlikuje ga <strong>popoln odstotek aminokislin in hialuronske kisline nizke molekulske te\u017ee<\/strong> kar omogo\u010da <strong>dalj\u0161i u\u010dinek in izbolj\u0161ano u\u010dinkovitost<\/strong> z zmanj\u0161anjem razgradnje hialuronske kisline.\n<ul>\n \t<li>Performa spodbuja <strong>proizvodnjo elastina in kolagena.<\/strong><\/li>\n \t<li><strong>Zmanj\u0161uje gubice<\/strong> in u\u010dvrsti ko\u017eo.<\/li>\n \t<li>Lahko se uporablja za zdravljenje <strong>celotnega obraza,<\/strong> vklju\u010dno z <strong>obstojnimi temnimi kolobarji.<\/strong><\/li>\n \t<li>Zdru\u017eljiv je z drugimi estetskimi tretmaji obraza.<\/li>\n \t<li>Priporo\u010dljivo je za\u010deti pri 30. letu, ko se za\u010dinje zni\u017eevati proizvodnja kolagena v telesu.<\/li>\n \t<li>Aplikacija poteka <strong>v obliki mezoterapije<\/strong> &#8211; <strong><strong>postopek je blag, brez bole\u010din in brez zapletov.<\/strong><\/strong><\/li>\n<\/ul>\nPostopek obsega <strong>tri seje, ki so razporejene v dveh tednih.<\/strong>\t\t\t\t\t\t\t\t<\/div>\n\t\t\t\t<\/div>\n\t\t\t\t\t<\/div>\n\t\t\t\t<\/div>\n\t\t\t\t<\/div>","protected":false},"excerpt":{"rendered":"<p>Usluga Biostimulatori ko\u017ee (Sunekos \u00ae Performa) je koktel aminokiselina i hijaluronske kiseline za bolju kvalitetu ko\u017ee. Jo\u0161 jedan inovativan i kvalitetan proizvod za ko\u017eu koji jednostavno odu\u0161evljava. Specifi\u010dan je po savr\u0161enom omjeru aminokiselina i niskomolekularne hijaluronske kiseline zbog \u010dega du\u017ee traje i bolje djeluje jer smanjuje razgradnju hijaluronske kiseline. Performa poti\u010de stvaranje elastina i kolagena [&hellip;]<\/p>\n","protected":false},"author":1,"featured_media":0,"parent":0,"menu_order":0,"comment_status":"closed","ping_status":"closed","template":"elementor_header_footer","meta":{"_acf_changed":false,"footnotes":""},"class_list":["post-1341","page","type-page","status-publish","hentry"],"acf":[],"_links":{"self":[{"href":"https:\/\/dentalcrnic.com\/sl\/wp-json\/wp\/v2\/pages\/1341","targetHints":{"allow":["GET"]}}],"collection":[{"href":"https:\/\/dentalcrnic.com\/sl\/wp-json\/wp\/v2\/pages"}],"about":[{"href":"https:\/\/dentalcrnic.com\/sl\/wp-json\/wp\/v2\/types\/page"}],"author":[{"embeddable":true,"href":"https:\/\/dentalcrnic.com\/sl\/wp-json\/wp\/v2\/users\/1"}],"replies":[{"embeddable":true,"href":"https:\/\/dentalcrnic.com\/sl\/wp-json\/wp\/v2\/comments?post=1341"}],"version-history":[{"count":26,"href":"https:\/\/dentalcrnic.com\/sl\/wp-json\/wp\/v2\/pages\/1341\/revisions"}],"predecessor-version":[{"id":2417,"href":"https:\/\/dentalcrnic.com\/sl\/wp-json\/wp\/v2\/pages\/1341\/revisions\/2417"}],"wp:attachment":[{"href":"https:\/\/dentalcrnic.com\/sl\/wp-json\/wp\/v2\/media?parent=1341"}],"curies":[{"name":"wp","href":"https:\/\/api.w.org\/{rel}","templated":true}]}}