{"id":2103,"date":"2024-02-20T13:54:04","date_gmt":"2024-02-20T12:54:04","guid":{"rendered":"https:\/\/dentalcrnic.com\/?page_id=2103"},"modified":"2025-05-12T13:46:01","modified_gmt":"2025-05-12T11:46:01","slug":"uvjeti-koristenja","status":"publish","type":"page","link":"https:\/\/dentalcrnic.com\/sl\/uvjeti-koristenja\/","title":{"rendered":"Pogoji uporabe"},"content":{"rendered":"<div data-elementor-type=\"wp-page\" data-elementor-id=\"2103\" class=\"elementor elementor-2103\" data-elementor-settings=\"{&quot;ha_cmc_init_switcher&quot;:&quot;no&quot;}\" data-elementor-post-type=\"page\">\n\t\t\t\t<div class=\"elementor-element elementor-element-390c4cfa e-flex e-con-boxed e-con e-parent\" data-id=\"390c4cfa\" data-element_type=\"container\" data-e-type=\"container\" data-settings=\"{&quot;_ha_eqh_enable&quot;:false}\">\n\t\t\t\t\t<div class=\"e-con-inner\">\n\t\t\t\t\t<\/div>\n\t\t\t\t<\/div>\n\t\t<div class=\"elementor-element elementor-element-39aa753e e-flex e-con-boxed e-con e-parent\" data-id=\"39aa753e\" data-element_type=\"container\" data-e-type=\"container\" data-settings=\"{&quot;_ha_eqh_enable&quot;:false}\">\n\t\t\t\t\t<div class=\"e-con-inner\">\n\t\t\t\t<div class=\"elementor-element elementor-element-5124d7f2 elementor-widget elementor-widget-text-editor\" data-id=\"5124d7f2\" data-element_type=\"widget\" data-e-type=\"widget\" data-widget_type=\"text-editor.default\">\n\t\t\t\t<div class=\"elementor-widget-container\">\n\t\t\t\t\t\t\t\t\t<p>Pogoji uporabe se uporabljajo za vse vsebine in storitve na tej spletni strani. Z uporabo katerega koli dela te spletne strani in vseh njenih delov se \u0161teje, da so uporabniki seznanjeni s temi pogoji in vsemi tveganji, ki izhajajo iz uporabe te spletne strani, ter sprejemajo uporabo vsebine te spletne strani izklju\u010dno za osebno rabo in na lastno odgovornost<\/p><p>Dokumenti, podatki in informacije, objavljeni na tej spletni strani, se ne smejo reproducirati, distribuirati ali na kakr\u0161en koli na\u010din uporabljati v komercialne namene brez izrecnega soglasja imetnika pravic te spletne strani ali na kakr\u0161en koli na\u010din, ki lahko povzro\u010di \u0161kodo tej ali katerikoli tretji strani.<\/p><p>Prepovedano je javno prikazovanje, objavljanje, prenos, spreminjanje, reproduciranje, sodelovanje pri prenosu ali prodaji, distribucija, izdelava kopij, nalaganje ter vsaka druga vrsta uporabe vsebine teh strani ali enega njihovih delov ter izbira in usklajevanje njihove vsebine, brez izrecnega predhodnega pisnega dovoljenja imetnika pravic te spletne strani in drugih lastnikov avtorskih pravic.<\/p><p>Neavtorizirana uporaba katerega koli dela spletne strani, brez dovoljenja lastnika avtorskih pravic, se \u0161teje za kr\u0161itev avtorskih pravic imetnika pravic te spletne strani in je lahko predmet to\u017ebe.<\/p><p>Trudimo se zagotoviti verodostojnost in a\u017eurnost podatkov, vsebovanih na tej spletni strani, vendar ne prevzemamo nobene odgovornosti za morebitne napake in opustitve v zvezi z uporabo podatkov in vsebine te spletne strani, niti za morebitno nastalo \u0161kodo zaradi zgoraj omenjenih napak in opustitev.<\/p><p>Z uporabo vsebine te spletne strani uporabnik sprejema vsa tveganja, ki izhajajo iz uporabe te spletne strani, ter sprejema uporabo vsebine te spletne strani izklju\u010dno za osebno rabo in na lastno odgovornost. Trudili se bomo za\u0161\u010dititi to spletno stran pred virusi in drugimi zlonamernimi in \u0161kodljivimi programski opremami, vendar ne jam\u010dimo za njihovo popolno odsotnost. V zvezi s tem uporabnike te spletne strani opozarjamo, naj sprejmejo potrebne za\u0161\u010ditne ukrepe, kot je na primer uporaba lastnih antivirusnih programov.<\/p><p>Uporaba spletne strani vklju\u010duje tudi posredovanje osebnih podatkov uporabnikov, pa tudi zbiranje podatkov, kot so va\u0161a IP naslov, nastavitve jezika, vrsta brskalnika, oznaka datuma in \u010dasa, ponudnik internetnih storitev, operacijski sistem. Ti podatki se zbirajo z namenom izbolj\u0161anja spletne strani, za zagotavljanje kakovostnej\u0161ih informacij o vsebini na strani, njenih storitvah in izdelkih. Zbrani podatki se shranijo v dnevni\u0161ke datoteke na va\u0161em ra\u010dunalniku.<\/p><p>Vse informacije, ki se zberejo ob va\u0161i obisku spletnih strani, se uporabljajo izklju\u010dno za analizo trendov, upravljanje strani, zbiranje demografskih podatkov in spremljanje vedenja obiskovalcev na na\u0161ih straneh z namenom izbolj\u0161anja storitev, izdelkov in vsebine strani. Z uporabo spletne strani, njenega sadr\u017eaja, storitev in izdelkov dajete lastno soglasje za zbiranje zgoraj omenjenih podatkov in se strinjate s temi Pogoji uporabe.<\/p><p>Na tej spletni strani podstran 'kontakt' zbira va\u0161e osebne podatke (ime, priimek, telefonska \u0161tevilka\/mobilni telefon, e-po\u0161tni naslov), ki jih nam prostovoljno posredujete, ko izpolnite ustrezni obrazec na tej spletni strani. Ti podatki se bodo uporabili za stik z vami, odgovarjanje na va\u0161e poizvedbe, zagotavljanje informacij na va\u0161o zahtevo in evidenco uporabnikov te spletne strani, kar je nujno, da vam lahko odgovorimo na va\u0161o poizvedbo in zagotovimo storitev. Ve\u010d o zasebnosti preberite v Politiki zasebnosti.<\/p><p>Ta spletna stran uporablja storitev tretje osebe Google Analytics, ki se uporablja za spremljanje obiskovalcev na na\u0161i spletni strani. S pomo\u010djo te storitve se analizira uporaba spletne strani, zbirajo se podatki o obiskanosti, uporabi dolo\u010denih strani, aplikacij, ter na podlagi zbranih podatkov pripravljajo poro\u010dila, da bi izbolj\u0161ali delovanje same spletne strani in omogo\u010dili uporabnikom la\u017eje uporabo na\u0161e spletne strani.<\/p>\t\t\t\t\t\t\t\t<\/div>\n\t\t\t\t<\/div>\n\t\t\t\t<div class=\"elementor-element elementor-element-ac26ba4 elementor-widget elementor-widget-text-editor\" data-id=\"ac26ba4\" data-element_type=\"widget\" data-e-type=\"widget\" id=\"kolacici\" data-widget_type=\"text-editor.default\">\n\t\t\t\t<div class=\"elementor-widget-container\">\n\t\t\t\t\t\t\t\t\t<p>Z uporabo vsebine te spletne strani uporabnik sprejema, da ta spletna stran lahko uporablja Google Analytics, storitev analize interneta, ki jo nudi Google Inc. (\"Google\"). Google Analytics uporablja tako imenovane pi\u0161kotke (\"cookies\"), besedilne datoteke, ki so shranjene na va\u0161em ra\u010dunalniku in omogo\u010dajo analizo va\u0161e uporabe te spletne strani. Storitev Google, Google Analytics, skraj\u0161a va\u0161 IP naslov v dr\u017eavah \u010dlanicah Evropske unije, in ta IP naslov se uporablja izklju\u010dno za spremljanje obiskanosti in navad na na\u0161i spletni strani. Informacije, ki jih ustvarijo pi\u0161kotki o tem, kako uporabljate to stran (vklju\u010dno z va\u0161im IP naslovom), se po\u0161ljejo na Google stre\u017enik v ZDA in tam shranijo. Google lahko te informacije uporabi za oceno va\u0161e uporabe spletne strani, pripravo poro\u010dil o aktivnosti na strani za upravljavca strani in za zagotavljanje drugih storitev, povezanih z uporabo strani in interneta. Google lahko te informacije prenese tudi tretjim stranem, \u010de je to zakonsko potrebno ali \u010de te tretje strani obdelujejo podatke v skladu s pogodbo s podjetjem Google.<\/p><p>Pod nobenimi pogoji Google ne bo povezal va\u0161ega IP naslova z drugimi podatki Google-a. Namestitev pi\u0161kotkov lahko prepre\u010dite tako, da prilagodite nastavitve programske opreme va\u0161ega brskalnika; vendar vas moramo obvestiti, da v tem primeru ne boste mogli v celoti uporabljati vseh funkcij te spletne strani. Z uporabo te spletne strani izjavljujete, da se strinjate z obdelavo podatkov, ki jih Google zbere o vas, na zgoraj opisani na\u010din in za zgoraj navedene namene. \u010ce \u017eelite onemogo\u010diti shranjevanje pi\u0161kotkov s strani te storitve, jih lahko onemogo\u010dite na naslednjem povezavi: Google Analytics \u2013 https:\/\/tools.google.com\/dlpage\/gaoptout<\/p><p>Zadr\u017eujemo si pravico do spremembe teh Pogojev uporabe kadarkoli in ne odgovarjamo za morebitne posledice, ki izhajajo iz takih sprememb.<\/p>\t\t\t\t\t\t\t\t<\/div>\n\t\t\t\t<\/div>\n\t\t\t\t\t<\/div>\n\t\t\t\t<\/div>\n\t\t\t\t<\/div>","protected":false},"excerpt":{"rendered":"<p>Uvjeti kori\u0161tenja primjenjuju se na sve sadr\u017eaje i usluge s ove web stranice. Kori\u0161tenjem bilo kojeg dijela ove web stranice te svih njezinih dijelova smatra se da su korisnici upoznati s ovim uvjetima i svim rizicima koji nastaju iz kori\u0161tenja ove web stranice te prihva\u0107aju koristiti sadr\u017eaj ove web stranice isklju\u010divo za osobnu uporabu i [&hellip;]<\/p>\n","protected":false},"author":1,"featured_media":0,"parent":0,"menu_order":0,"comment_status":"closed","ping_status":"closed","template":"elementor_header_footer","meta":{"_acf_changed":false,"footnotes":""},"class_list":["post-2103","page","type-page","status-publish","hentry"],"acf":[],"_links":{"self":[{"href":"https:\/\/dentalcrnic.com\/sl\/wp-json\/wp\/v2\/pages\/2103","targetHints":{"allow":["GET"]}}],"collection":[{"href":"https:\/\/dentalcrnic.com\/sl\/wp-json\/wp\/v2\/pages"}],"about":[{"href":"https:\/\/dentalcrnic.com\/sl\/wp-json\/wp\/v2\/types\/page"}],"author":[{"embeddable":true,"href":"https:\/\/dentalcrnic.com\/sl\/wp-json\/wp\/v2\/users\/1"}],"replies":[{"embeddable":true,"href":"https:\/\/dentalcrnic.com\/sl\/wp-json\/wp\/v2\/comments?post=2103"}],"version-history":[{"count":10,"href":"https:\/\/dentalcrnic.com\/sl\/wp-json\/wp\/v2\/pages\/2103\/revisions"}],"predecessor-version":[{"id":2487,"href":"https:\/\/dentalcrnic.com\/sl\/wp-json\/wp\/v2\/pages\/2103\/revisions\/2487"}],"wp:attachment":[{"href":"https:\/\/dentalcrnic.com\/sl\/wp-json\/wp\/v2\/media?parent=2103"}],"curies":[{"name":"wp","href":"https:\/\/api.w.org\/{rel}","templated":true}]}}