{"id":2333,"date":"2025-03-17T09:37:21","date_gmt":"2025-03-17T08:37:21","guid":{"rendered":"https:\/\/dentalcrnic.com\/?page_id=2333"},"modified":"2026-04-10T11:50:56","modified_gmt":"2026-04-10T09:50:56","slug":"tretman-egzosomima","status":"publish","type":"page","link":"https:\/\/dentalcrnic.com\/sl\/tretman-egzosomima\/","title":{"rendered":"TRETMAN EGZOSOMIMA"},"content":{"rendered":"<div data-elementor-type=\"wp-page\" data-elementor-id=\"2333\" class=\"elementor elementor-2333\" data-elementor-settings=\"{&quot;ha_cmc_init_switcher&quot;:&quot;no&quot;}\" data-elementor-post-type=\"page\">\n\t\t\t\t<div class=\"elementor-element elementor-element-9555510 e-flex e-con-boxed e-con e-parent\" data-id=\"9555510\" data-element_type=\"container\" data-e-type=\"container\" data-settings=\"{&quot;_ha_eqh_enable&quot;:false}\">\n\t\t\t\t\t<div class=\"e-con-inner\">\n\t\t\t\t<div class=\"elementor-element elementor-element-e279d57 elementor-widget elementor-widget-heading\" data-id=\"e279d57\" data-element_type=\"widget\" data-e-type=\"widget\" data-widget_type=\"heading.default\">\n\t\t\t\t<div class=\"elementor-widget-container\">\n\t\t\t\t\t<div class=\"elementor-heading-title elementor-size-default\">Usluga<\/div>\t\t\t\t<\/div>\n\t\t\t\t<\/div>\n\t\t\t\t<div class=\"elementor-element elementor-element-8c1fabf elementor-widget elementor-widget-heading\" data-id=\"8c1fabf\" data-element_type=\"widget\" data-e-type=\"widget\" data-widget_type=\"heading.default\">\n\t\t\t\t<div class=\"elementor-widget-container\">\n\t\t\t\t\t<div class=\"elementor-heading-title elementor-size-default\">Zdravljenje z eksosomi <\/div>\t\t\t\t<\/div>\n\t\t\t\t<\/div>\n\t\t\t\t<div class=\"elementor-element elementor-element-ac941b8 elementor-widget elementor-widget-image\" data-id=\"ac941b8\" data-element_type=\"widget\" data-e-type=\"widget\" data-widget_type=\"image.default\">\n\t\t\t\t<div class=\"elementor-widget-container\">\n\t\t\t\t\t\t\t\t\t\t\t\t\t\t\t<img fetchpriority=\"high\" decoding=\"async\" width=\"800\" height=\"533\" src=\"https:\/\/dentalcrnic.com\/wp-content\/uploads\/2025\/03\/2149374054-1-1024x682.jpg\" class=\"attachment-large size-large wp-image-2340\" alt=\"\" srcset=\"https:\/\/dentalcrnic.com\/wp-content\/uploads\/2025\/03\/2149374054-1-1024x682.jpg 1024w, https:\/\/dentalcrnic.com\/wp-content\/uploads\/2025\/03\/2149374054-1-300x200.jpg 300w, https:\/\/dentalcrnic.com\/wp-content\/uploads\/2025\/03\/2149374054-1-768x512.jpg 768w, https:\/\/dentalcrnic.com\/wp-content\/uploads\/2025\/03\/2149374054-1-1536x1024.jpg 1536w, https:\/\/dentalcrnic.com\/wp-content\/uploads\/2025\/03\/2149374054-1.jpg 2000w\" sizes=\"(max-width: 800px) 100vw, 800px\" title=\"\">\t\t\t\t\t\t\t\t\t\t\t\t\t\t\t<\/div>\n\t\t\t\t<\/div>\n\t\t\t\t<div class=\"elementor-element elementor-element-2158e20 elementor-widget elementor-widget-text-editor\" data-id=\"2158e20\" data-element_type=\"widget\" data-e-type=\"widget\" data-widget_type=\"text-editor.default\">\n\t\t\t\t<div class=\"elementor-widget-container\">\n\t\t\t\t\t\t\t\t\t<p>Zdravljenje z eksosomi je eden <strong>najbolj priljubljenih postopkov pomlajevanja<\/strong> ki se trenutno uporablja v regenerativni medicini.<\/p>\n<p>Zdravljenja z eksosomi so primerna za <strong>vse tipe ko\u017ee<\/strong>.<\/p>\n<p>Imajo <strong>protivnetne u\u010dinke<\/strong>, spodbujajo <strong>proizvodnjo kolagena<\/strong>, krepijo ko\u017eno oviro, spodbujajo <strong>regeneracijo ko\u017ee<\/strong>, <strong>zmanj\u0161ujejo gubice, brazgotine od aken in pore,<\/strong>&nbsp;izbolj\u0161ujejo tonus ko\u017ee ter <strong>zmanj\u0161ujejo hiperpigmentacijo.<\/strong><\/p>\n<p>Eksosomi so <strong>klju\u010dne komponente v obnovi celic,\u00a0<\/strong>saj spodbujajo ko\u017eo k ustvarjanju hidratacije od znotraj, kar vodi do obnovljene, zdrave in mladostne ko\u017ee.<\/p>\n<p>V na\u0161i kliniki izvajamo <strong>mikronajedanje z eksosomi. <\/strong>Ta postopek predstavlja inovativno kombinacijo tehnologije mikronajedanja in eksosomov za dosego bolj zdrave, pomlajene in sijo\u010de ko\u017ee na neinvaziven na\u010din.<\/p>\n<p><strong>Kako delujejo eksosomi?<\/strong><\/p>\n<ul>\n<li>Imajo protivnetne u\u010dinke.<\/li>\n<li>Spodbujajo proizvodnjo kolagena.<\/li>\n<li>Zmanj\u0161ujejo gubice, brazgotine in pore.<\/li>\n<li>Omilijo hiperpigmentacijo.<\/li>\n<li>Spodbujajo obnovo ko\u017ee.<\/li>\n<li>Krepijo ko\u017eno oviro.<\/li>\n<li>Izbolj\u0161ujejo tonus ko\u017ee.<\/li>\n<li>Imajo mo\u010dan anti-aging u\u010dinek.<\/li>\n<li>Pomagajo pri nadzoru izgube vode iz ko\u017ee.<\/li>\n<\/ul>\n<p><strong>Indikacije za uporabo eksosomov:<\/strong><\/p>\n<ul>\n<li>Ko\u017ea nagnjena k aknam z brazgotinami od aken.<\/li>\n<li>Ob\u010dutljiva, tanka ko\u017ea, nagnjena k dra\u017eenju.<\/li>\n<li>Rde\u010dica ko\u017ee.<\/li>\n<li>Ko\u017ea, ki je izgubila elasti\u010dnost.<\/li>\n<li>Gubasta ko\u017ea.<\/li>\n<li>Hrapava in suha ko\u017ea.<\/li>\n<li>Raz\u0161irjene pore.<\/li>\n<li>Ko\u017ea z nizkimi regenerativnimi procesi.<\/li>\n<\/ul>\n<p>Priporo\u010deno je minimum <strong>treh zdravljenj<\/strong>, za dosego maksimalnih rezultatov pa priporo\u010damo \u0161tiri do pet zdravljenj:<\/p>\n<ul>\n<li>1. do 3. zdravljenje: <strong>vsakih dva tedna.<\/strong><\/li>\n<li>4. in 5. zdravljenje: v enemmese\u010dnih intervalih.<\/li>\n<li>&nbsp;<\/li>\n<\/ul>\n<div>\n<p data-start=\"129\" data-end=\"446\">Cijena tretmana egzosomima (microneedling) iznosi 300 \u20ac po tretmanu, dok paket od 3 tretmana iznosi 800 \u20ac.<br data-start=\"243\" data-end=\"246\">Radi postizanja optimalnih i dugoro\u010dnih rezultata, terapija se preporu\u010duje u seriji, uz individualno planiran pristup.<br data-start=\"364\" data-end=\"367\">Zbog visokih standarda rada i personalizirane skrbi, broj termina je ograni\u010den.<\/p>\n<\/div>\t\t\t\t\t\t\t\t<\/div>\n\t\t\t\t<\/div>\n\t\t\t\t\t<\/div>\n\t\t\t\t<\/div>\n\t\t\t\t<\/div>","protected":false},"excerpt":{"rendered":"<p>Usluga Tretman egzosomima Egzosomska terapija jedna je od najpopularnijih terapija pomla\u0111ivanja koja se trenutno primjenjuje u regenerativnoj medicini. Tretmani egzosomima namijenjeni su svim tipovima ko\u017ee. Djeluju protuupalno, poti\u010du stvaranje kolagena, ja\u010daju ko\u017enu barijeru, poti\u010du regeneraciju ko\u017ee, ubla\u017eavaju bore, o\u017eiljke od akni i pore, u\u010dvr\u0161\u0107uju tonus ko\u017ee i ubla\u017eavaju hiperpigmentacije. Egzosomi su klju\u010dni sastojci u obnavljanju [&hellip;]<\/p>\n","protected":false},"author":1,"featured_media":0,"parent":0,"menu_order":0,"comment_status":"closed","ping_status":"closed","template":"","meta":{"_acf_changed":false,"footnotes":""},"class_list":["post-2333","page","type-page","status-publish","hentry"],"acf":[],"_links":{"self":[{"href":"https:\/\/dentalcrnic.com\/sl\/wp-json\/wp\/v2\/pages\/2333","targetHints":{"allow":["GET"]}}],"collection":[{"href":"https:\/\/dentalcrnic.com\/sl\/wp-json\/wp\/v2\/pages"}],"about":[{"href":"https:\/\/dentalcrnic.com\/sl\/wp-json\/wp\/v2\/types\/page"}],"author":[{"embeddable":true,"href":"https:\/\/dentalcrnic.com\/sl\/wp-json\/wp\/v2\/users\/1"}],"replies":[{"embeddable":true,"href":"https:\/\/dentalcrnic.com\/sl\/wp-json\/wp\/v2\/comments?post=2333"}],"version-history":[{"count":25,"href":"https:\/\/dentalcrnic.com\/sl\/wp-json\/wp\/v2\/pages\/2333\/revisions"}],"predecessor-version":[{"id":2834,"href":"https:\/\/dentalcrnic.com\/sl\/wp-json\/wp\/v2\/pages\/2333\/revisions\/2834"}],"wp:attachment":[{"href":"https:\/\/dentalcrnic.com\/sl\/wp-json\/wp\/v2\/media?parent=2333"}],"curies":[{"name":"wp","href":"https:\/\/api.w.org\/{rel}","templated":true}]}}