{"id":375,"date":"2023-12-21T14:30:46","date_gmt":"2023-12-21T13:30:46","guid":{"rendered":"https:\/\/dentalcrnic.com\/?page_id=375"},"modified":"2026-04-01T13:06:28","modified_gmt":"2026-04-01T11:06:28","slug":"o-nama","status":"publish","type":"page","link":"https:\/\/dentalcrnic.com\/sl\/o-nama\/","title":{"rendered":"O nas"},"content":{"rendered":"<div data-elementor-type=\"wp-page\" data-elementor-id=\"375\" class=\"elementor elementor-375\" data-elementor-settings=\"{&quot;ha_cmc_init_switcher&quot;:&quot;no&quot;}\" data-elementor-post-type=\"page\">\n\t\t\t\t<div class=\"elementor-element elementor-element-abf2686 apl-about e-flex e-con-boxed e-con e-parent\" data-id=\"abf2686\" data-element_type=\"container\" data-e-type=\"container\" data-settings=\"{&quot;_ha_eqh_enable&quot;:false}\">\n\t\t\t\t\t<div class=\"e-con-inner\">\n\t\t<div class=\"elementor-element elementor-element-39c849e e-con-full e-flex e-con e-child\" data-id=\"39c849e\" data-element_type=\"container\" data-e-type=\"container\" data-settings=\"{&quot;_ha_eqh_enable&quot;:false}\">\n\t\t\t\t<div class=\"elementor-element elementor-element-a4762f2 elementor-widget elementor-widget-image\" data-id=\"a4762f2\" data-element_type=\"widget\" data-e-type=\"widget\" data-widget_type=\"image.default\">\n\t\t\t\t<div class=\"elementor-widget-container\">\n\t\t\t\t\t\t\t\t\t\t\t\t\t\t\t<img fetchpriority=\"high\" decoding=\"async\" width=\"683\" height=\"1024\" src=\"https:\/\/dentalcrnic.com\/wp-content\/uploads\/2024\/02\/OrdinacijaCrnic144-683x1024.jpg\" class=\"attachment-large size-large wp-image-1771\" alt=\"\" srcset=\"https:\/\/dentalcrnic.com\/wp-content\/uploads\/2024\/02\/OrdinacijaCrnic144-683x1024.jpg 683w, https:\/\/dentalcrnic.com\/wp-content\/uploads\/2024\/02\/OrdinacijaCrnic144-200x300.jpg 200w, https:\/\/dentalcrnic.com\/wp-content\/uploads\/2024\/02\/OrdinacijaCrnic144-768x1152.jpg 768w, https:\/\/dentalcrnic.com\/wp-content\/uploads\/2024\/02\/OrdinacijaCrnic144-1024x1536.jpg 1024w, https:\/\/dentalcrnic.com\/wp-content\/uploads\/2024\/02\/OrdinacijaCrnic144-1366x2048.jpg 1366w, https:\/\/dentalcrnic.com\/wp-content\/uploads\/2024\/02\/OrdinacijaCrnic144-scaled.jpg 1067w\" sizes=\"(max-width: 683px) 100vw, 683px\" title=\"\">\t\t\t\t\t\t\t\t\t\t\t\t\t\t\t<\/div>\n\t\t\t\t<\/div>\n\t\t\t\t<\/div>\n\t\t<div class=\"elementor-element elementor-element-626adb8 e-con-full e-flex e-con e-child\" data-id=\"626adb8\" data-element_type=\"container\" data-e-type=\"container\" data-settings=\"{&quot;_ha_eqh_enable&quot;:false}\">\n\t\t\t\t<div class=\"elementor-element elementor-element-0564000 elementor-widget elementor-widget-text-editor\" data-id=\"0564000\" data-element_type=\"widget\" data-e-type=\"widget\" data-widget_type=\"text-editor.default\">\n\t\t\t\t<div class=\"elementor-widget-container\">\n\t\t\t\t\t\t\t\t\t<p><strong>Kristina Crni\u0107, Doktor dentalne medicine (DMD)<\/strong><\/p><p><em>\u201cVerjamem, da je pristop do pacientov v zobozdravstvu zelo pomemben, prav tako pa tudi mirnost in zbranost pri delu. Med svojim izobra\u017eevanjem in delovnimi izku\u0161njami sem razvil odli\u010dne komunikacijske ve\u0161\u010dine. Verjamem, da so odprta in iskrena komunikacija, razumevanje in obzirnost tako do pacientov kot tudi do sodelavcev klju\u010dnega pomena.<\/em><\/p><p><em>Po naravi sem perfekcionist; zato stremim k natan\u010dnosti in kakovostnemu delu.<\/em><\/p><p><em>Moja strast do zobozdravstvene stroke me nenehno \u017eene naprej in me spodbuja, da postanem bolj\u0161i in bolj spreten zobozdravnik.<\/em><\/p><p><em>\u0160tejem se predvsem za zdravnika, moja naloga pa je, da pomagam pacientom, ter zagotovim, da imajo \u010dim bolj brezbole\u010do in prijetno izku\u0161njo med sedenjem v zobozdravni\u0161ki stol.\u201d<\/em><\/p><p>Kristina Crni\u0107 dr.med.dent.<\/p>\t\t\t\t\t\t\t\t<\/div>\n\t\t\t\t<\/div>\n\t\t\t\t<\/div>\n\t\t\t\t\t<\/div>\n\t\t\t\t<\/div>\n\t\t<div class=\"elementor-element elementor-element-c0c52f6 apl-about e-flex e-con-boxed e-con e-parent\" data-id=\"c0c52f6\" data-element_type=\"container\" data-e-type=\"container\" data-settings=\"{&quot;_ha_eqh_enable&quot;:false}\">\n\t\t\t\t\t<div class=\"e-con-inner\">\n\t\t<div class=\"elementor-element elementor-element-1afb91c e-con-full e-flex e-con e-child\" data-id=\"1afb91c\" data-element_type=\"container\" data-e-type=\"container\" data-settings=\"{&quot;_ha_eqh_enable&quot;:false}\">\n\t\t\t\t<div class=\"elementor-element elementor-element-f871ce4 elementor-widget elementor-widget-image\" data-id=\"f871ce4\" data-element_type=\"widget\" data-e-type=\"widget\" data-widget_type=\"image.default\">\n\t\t\t\t<div class=\"elementor-widget-container\">\n\t\t\t\t\t\t\t\t\t\t\t\t\t\t\t<img decoding=\"async\" width=\"768\" height=\"1024\" src=\"https:\/\/dentalcrnic.com\/wp-content\/uploads\/2024\/06\/IMG-20240626-WA0010-768x1024.jpg\" class=\"attachment-large size-large wp-image-2258\" alt=\"\" srcset=\"https:\/\/dentalcrnic.com\/wp-content\/uploads\/2024\/06\/IMG-20240626-WA0010-768x1024.jpg 768w, https:\/\/dentalcrnic.com\/wp-content\/uploads\/2024\/06\/IMG-20240626-WA0010-225x300.jpg 225w, https:\/\/dentalcrnic.com\/wp-content\/uploads\/2024\/06\/IMG-20240626-WA0010-1152x1536.jpg 1152w, https:\/\/dentalcrnic.com\/wp-content\/uploads\/2024\/06\/IMG-20240626-WA0010.jpg 1200w\" sizes=\"(max-width: 768px) 100vw, 768px\" title=\"\">\t\t\t\t\t\t\t\t\t\t\t\t\t\t\t<\/div>\n\t\t\t\t<\/div>\n\t\t\t\t<\/div>\n\t\t<div class=\"elementor-element elementor-element-9ebb32f e-con-full e-flex e-con e-child\" data-id=\"9ebb32f\" data-element_type=\"container\" data-e-type=\"container\" data-settings=\"{&quot;_ha_eqh_enable&quot;:false}\">\n\t\t\t\t<div class=\"elementor-element elementor-element-8882d7d elementor-widget elementor-widget-text-editor\" data-id=\"8882d7d\" data-element_type=\"widget\" data-e-type=\"widget\" data-widget_type=\"text-editor.default\">\n\t\t\t\t<div class=\"elementor-widget-container\">\n\t\t\t\t\t\t\t\t\t<p><strong>An\u0111elika Vu\u010dkovi\u0107, Doktor dentalne medicine (DMD)<\/strong><\/p><p>Dr. An\u0111elika je zaklju\u010dila Fakulteto za medicino na Univerzi v Splitu. Po tem je pridobila izku\u0161nje z delom kot nadomestna zobozdravnica v praksah splo\u0161ne zobozdravstva v Sinju in Zagrebu, kasneje pa dalj\u0161e obdobje v eni izmed ve\u010djih poliklinik v Zagrebu.<\/p><p>Na\u0161a An\u0111elika je topla in vesela, natan\u010dna in odgovorna zdravnica, pri kateri bodo vse va\u0161e strahove pred zobozdravnikom izginile.<\/p>\t\t\t\t\t\t\t\t<\/div>\n\t\t\t\t<\/div>\n\t\t\t\t<\/div>\n\t\t\t\t\t<\/div>\n\t\t\t\t<\/div>\n\t\t<div class=\"elementor-element elementor-element-5a63b33 apl-about e-flex e-con-boxed e-con e-parent\" data-id=\"5a63b33\" data-element_type=\"container\" data-e-type=\"container\" data-settings=\"{&quot;_ha_eqh_enable&quot;:false}\">\n\t\t\t\t\t<div class=\"e-con-inner\">\n\t\t<div class=\"elementor-element elementor-element-45d611b e-con-full e-flex e-con e-child\" data-id=\"45d611b\" data-element_type=\"container\" data-e-type=\"container\" data-settings=\"{&quot;_ha_eqh_enable&quot;:false}\">\n\t\t\t\t<div class=\"elementor-element elementor-element-9fdbbb0 elementor-widget elementor-widget-image\" data-id=\"9fdbbb0\" data-element_type=\"widget\" data-e-type=\"widget\" data-widget_type=\"image.default\">\n\t\t\t\t<div class=\"elementor-widget-container\">\n\t\t\t\t\t\t\t\t\t\t\t\t\t\t\t<img decoding=\"async\" width=\"683\" height=\"1024\" src=\"https:\/\/dentalcrnic.com\/wp-content\/uploads\/2025\/11\/7.webp\" class=\"attachment-large size-large wp-image-2779\" alt=\"\" srcset=\"https:\/\/dentalcrnic.com\/wp-content\/uploads\/2025\/11\/7.webp 683w, https:\/\/dentalcrnic.com\/wp-content\/uploads\/2025\/11\/7-200x300.webp 200w, https:\/\/dentalcrnic.com\/wp-content\/uploads\/2025\/11\/7-8x12.webp 8w\" sizes=\"(max-width: 683px) 100vw, 683px\" title=\"\">\t\t\t\t\t\t\t\t\t\t\t\t\t\t\t<\/div>\n\t\t\t\t<\/div>\n\t\t\t\t<\/div>\n\t\t<div class=\"elementor-element elementor-element-a3e644f e-con-full e-flex e-con e-child\" data-id=\"a3e644f\" data-element_type=\"container\" data-e-type=\"container\" data-settings=\"{&quot;_ha_eqh_enable&quot;:false}\">\n\t\t\t\t<div class=\"elementor-element elementor-element-a5a50d3 elementor-widget elementor-widget-text-editor\" data-id=\"a5a50d3\" data-element_type=\"widget\" data-e-type=\"widget\" data-widget_type=\"text-editor.default\">\n\t\t\t\t<div class=\"elementor-widget-container\">\n\t\t\t\t\t\t\t\t\t<p><strong>Mirta Kucljak, doktor dentalne medicine<\/strong><\/p><p>Dr. Mirta je diplomirala na Stomatolo\u0161ki fakulteti v Zagrebu, izku\u0161nje pa si je nabrala v zasebni ordinaciji. Je vesela, nasmejana in odgovorna, vedno si prizadeva ustvariti prijetno vzdu\u0161je, v katerem se pacienti po\u010dutijo spro\u0161\u010deno. S svojim pristopom si prizadeva, da bi bil vsak obisk pri zobozdravniku \u010dim bolj prijeten.<\/p>\t\t\t\t\t\t\t\t<\/div>\n\t\t\t\t<\/div>\n\t\t\t\t<\/div>\n\t\t\t\t\t<\/div>\n\t\t\t\t<\/div>\n\t\t\t\t<\/div>","protected":false},"excerpt":{"rendered":"<p>Kristina Crni\u0107, doktor dentalne medicine \u201eSmatram da je u stomatolo\u0161koj profesiji jako bitan pristup pacijentu, te smirenost i stalo\u017eenost pri radu. Tijekom svojeg \u0161kolovanja i radnog sta\u017ea razvila sam odli\u010dne komunikacijske vje\u0161tine. Vjerujem da su otvorena i iskrena komunikacija, razumijevanje i obzirnost prema pacijentima, a i kolegama od klju\u010dne va\u017enosti. Po prirodi sam perfekcionist, pa [&hellip;]<\/p>\n","protected":false},"author":1,"featured_media":0,"parent":0,"menu_order":0,"comment_status":"closed","ping_status":"closed","template":"","meta":{"_acf_changed":false,"footnotes":""},"class_list":["post-375","page","type-page","status-publish","hentry"],"acf":[],"_links":{"self":[{"href":"https:\/\/dentalcrnic.com\/sl\/wp-json\/wp\/v2\/pages\/375","targetHints":{"allow":["GET"]}}],"collection":[{"href":"https:\/\/dentalcrnic.com\/sl\/wp-json\/wp\/v2\/pages"}],"about":[{"href":"https:\/\/dentalcrnic.com\/sl\/wp-json\/wp\/v2\/types\/page"}],"author":[{"embeddable":true,"href":"https:\/\/dentalcrnic.com\/sl\/wp-json\/wp\/v2\/users\/1"}],"replies":[{"embeddable":true,"href":"https:\/\/dentalcrnic.com\/sl\/wp-json\/wp\/v2\/comments?post=375"}],"version-history":[{"count":55,"href":"https:\/\/dentalcrnic.com\/sl\/wp-json\/wp\/v2\/pages\/375\/revisions"}],"predecessor-version":[{"id":2831,"href":"https:\/\/dentalcrnic.com\/sl\/wp-json\/wp\/v2\/pages\/375\/revisions\/2831"}],"wp:attachment":[{"href":"https:\/\/dentalcrnic.com\/sl\/wp-json\/wp\/v2\/media?parent=375"}],"curies":[{"name":"wp","href":"https:\/\/api.w.org\/{rel}","templated":true}]}}