{"id":449,"date":"2023-12-21T15:36:46","date_gmt":"2023-12-21T14:36:46","guid":{"rendered":"https:\/\/dentalcrnic.com\/?page_id=449"},"modified":"2025-05-09T10:25:16","modified_gmt":"2025-05-09T08:25:16","slug":"preventivna-i-djecja-stomatologija","status":"publish","type":"page","link":"https:\/\/dentalcrnic.com\/sl\/preventivna-i-djecja-stomatologija\/","title":{"rendered":"Preventivna in pediatri\u010dna zobozdravstva"},"content":{"rendered":"<div data-elementor-type=\"wp-page\" data-elementor-id=\"449\" class=\"elementor elementor-449\" data-elementor-settings=\"{&quot;ha_cmc_init_switcher&quot;:&quot;no&quot;}\" data-elementor-post-type=\"page\">\n\t\t\t\t<div class=\"elementor-element elementor-element-cc09042 e-flex e-con-boxed e-con e-parent\" data-id=\"cc09042\" data-element_type=\"container\" data-e-type=\"container\" data-settings=\"{&quot;_ha_eqh_enable&quot;:false}\">\n\t\t\t\t\t<div class=\"e-con-inner\">\n\t\t\t\t<div class=\"elementor-element elementor-element-347615e elementor-widget elementor-widget-heading\" data-id=\"347615e\" data-element_type=\"widget\" data-e-type=\"widget\" data-widget_type=\"heading.default\">\n\t\t\t\t<div class=\"elementor-widget-container\">\n\t\t\t\t\t<div class=\"elementor-heading-title elementor-size-default\">Usluga<\/div>\t\t\t\t<\/div>\n\t\t\t\t<\/div>\n\t\t\t\t<div class=\"elementor-element elementor-element-0e48be4 elementor-widget elementor-widget-heading\" data-id=\"0e48be4\" data-element_type=\"widget\" data-e-type=\"widget\" data-widget_type=\"heading.default\">\n\t\t\t\t<div class=\"elementor-widget-container\">\n\t\t\t\t\t<div class=\"elementor-heading-title elementor-size-default\">Preventivna in pediatri\u010dna zobozdravstva<\/div>\t\t\t\t<\/div>\n\t\t\t\t<\/div>\n\t\t\t\t<div class=\"elementor-element elementor-element-6ecaa5d elementor-widget elementor-widget-image\" data-id=\"6ecaa5d\" data-element_type=\"widget\" data-e-type=\"widget\" data-widget_type=\"image.default\">\n\t\t\t\t<div class=\"elementor-widget-container\">\n\t\t\t\t\t\t\t\t\t\t\t\t\t\t\t<img fetchpriority=\"high\" decoding=\"async\" width=\"800\" height=\"534\" src=\"https:\/\/dentalcrnic.com\/wp-content\/uploads\/2024\/02\/shutterstock_2331223731-rsz-1024x683.jpg\" class=\"attachment-large size-large wp-image-1481\" alt=\"Preventivna i dje\u010dja stomatologija dijete s osimjehom kod zubara\" srcset=\"https:\/\/dentalcrnic.com\/wp-content\/uploads\/2024\/02\/shutterstock_2331223731-rsz-1024x683.jpg 1024w, https:\/\/dentalcrnic.com\/wp-content\/uploads\/2024\/02\/shutterstock_2331223731-rsz-300x200.jpg 300w, https:\/\/dentalcrnic.com\/wp-content\/uploads\/2024\/02\/shutterstock_2331223731-rsz-768x512.jpg 768w, https:\/\/dentalcrnic.com\/wp-content\/uploads\/2024\/02\/shutterstock_2331223731-rsz-1536x1024.jpg 1536w, https:\/\/dentalcrnic.com\/wp-content\/uploads\/2024\/02\/shutterstock_2331223731-rsz.jpg 1600w\" sizes=\"(max-width: 800px) 100vw, 800px\" title=\"\">\t\t\t\t\t\t\t\t\t\t\t\t\t\t\t<\/div>\n\t\t\t\t<\/div>\n\t\t\t\t<div class=\"elementor-element elementor-element-6040e76 elementor-widget elementor-widget-text-editor\" data-id=\"6040e76\" data-element_type=\"widget\" data-e-type=\"widget\" data-widget_type=\"text-editor.default\">\n\t\t\t\t<div class=\"elementor-widget-container\">\n\t\t\t\t\t\t\t\t\t<p>Preventivna in pediatri\u010dna zobozdravstva obsegajo postopke, kot so <strong>zobno \u010di\u0161\u010denje, peskanje, zapiranje trajnih molarjev, poliranje zob in fluoridno zdravljenje.&nbsp;<\/strong>Posebno pozornost posve\u010damo prepre\u010devanju pri otrocih, kar \u0161tejemo za zelo pomembno. <strong>Zdrave navade<\/strong> in <strong>redni obiski zobozdravnika<\/strong> se razvijajo \u017ee od najmlaj\u0161ih let.<\/p><p>Otroci lahko opravijo svoj <strong>prvi pregled<\/strong> \u017ee pri <strong>dveh letih&nbsp;<\/strong>ko so bolj ozave\u0161\u010deni o svojem okolju.<\/p><p>Na\u0161a leta izku\u0161enj z <strong>delom z otroki, vklju\u010dno s tistimi s posebnimi potrebami,<\/strong> so prinesla zelo pozitivne rezultate za na\u0161e najmlaj\u0161e paciente. Ponujamo individualen pristop k navajanju otrok na zobne preglede in postopke brez strahu ali travme. Cilj je dose\u010di zaupanje pri otroku, ki je nato pripravljen igraje sodelovati, pod anestezijo in brez bole\u010din. Seveda jih vedno nagradimo za njihovo pogum!<\/p><p>Pediatri\u010dna zobozdravstva vklju\u010dujejo tudi\u00a0<strong>zdravljenje kariesov v mle\u010dnih in trajnih zobeh z estetskimi zalivkami, prepoznavanje morebitnih ortodontskih anomalij, ekstrakcijo mle\u010dnih zob ter izobra\u017eevanje otrok o \u0161\u010detkanju zob in vzdr\u017eevanju ustne higiene<\/strong>.<\/p><p>Mo\u010dno priporo\u010damo <strong>redne preglede<\/strong> da otroci razvijejo navado obiskovanja zobozdravnika in ga povezujejo z rutino. Najpogostej\u0161a napaka star\u0161ev je, da vzamejo otroka k zobozdravniku le, ko jih boli.<\/p><p>Otroci bi morali imeti preglede na vsakih <strong>3-4 mesece<\/strong>.<\/p><p><strong>Zaprte trajne molarji<\/strong> so priljubljen preventivni postopek, pri katerem nanesemo <strong>za\u0161\u010ditno sredstvo<\/strong> na razpoke (utore) zob (med vrhovi \u2013 najpogostej\u0161e mesto za karies), da <strong>zmanj\u0161amo tveganje za nastanek kariesa pri otrocih.<\/strong> Prvi in najpogostej\u0161i karies se obi\u010dajno pojavi v trajnem prvem molarju. <strong>Trajni molarji&nbsp;<\/strong>se zapirajo lahko pa se zapirajo <strong>tudi premolarji<\/strong>. Idealno bi bilo, da se zob zapre takoj, ko se popolnoma <strong>izraste<\/strong> kronska povr\u0161ina.<\/p>\t\t\t\t\t\t\t\t<\/div>\n\t\t\t\t<\/div>\n\t\t\t\t\t<\/div>\n\t\t\t\t<\/div>\n\t\t\t\t<\/div>","protected":false},"excerpt":{"rendered":"<p>Usluga Preventivna i dje\u010dja stomatologija u stomatologiji obuhva\u0107a zahvate \u010di\u0161\u0107enja zubnog kamenca, pjeskarenje, pe\u010da\u0107enje trajnih mladih zuba, poliranje zubi, te fluoridacija zubi. Poseban naglasak dajemo na preventivu kod djece \u010demu pridajemo veliku va\u017enost. Zdrave navike i redoviti odlazak stomatologu razvijaju se od najmla\u0111e dobi. Na prvi pregled dijete mo\u017ee do\u0107i ve\u0107 s 2 godine, kada [&hellip;]<\/p>\n","protected":false},"author":1,"featured_media":0,"parent":0,"menu_order":0,"comment_status":"closed","ping_status":"closed","template":"elementor_header_footer","meta":{"_acf_changed":false,"footnotes":""},"class_list":["post-449","page","type-page","status-publish","hentry"],"acf":[],"_links":{"self":[{"href":"https:\/\/dentalcrnic.com\/sl\/wp-json\/wp\/v2\/pages\/449","targetHints":{"allow":["GET"]}}],"collection":[{"href":"https:\/\/dentalcrnic.com\/sl\/wp-json\/wp\/v2\/pages"}],"about":[{"href":"https:\/\/dentalcrnic.com\/sl\/wp-json\/wp\/v2\/types\/page"}],"author":[{"embeddable":true,"href":"https:\/\/dentalcrnic.com\/sl\/wp-json\/wp\/v2\/users\/1"}],"replies":[{"embeddable":true,"href":"https:\/\/dentalcrnic.com\/sl\/wp-json\/wp\/v2\/comments?post=449"}],"version-history":[{"count":34,"href":"https:\/\/dentalcrnic.com\/sl\/wp-json\/wp\/v2\/pages\/449\/revisions"}],"predecessor-version":[{"id":2423,"href":"https:\/\/dentalcrnic.com\/sl\/wp-json\/wp\/v2\/pages\/449\/revisions\/2423"}],"wp:attachment":[{"href":"https:\/\/dentalcrnic.com\/sl\/wp-json\/wp\/v2\/media?parent=449"}],"curies":[{"name":"wp","href":"https:\/\/api.w.org\/{rel}","templated":true}]}}