{"id":461,"date":"2023-12-21T15:43:32","date_gmt":"2023-12-21T14:43:32","guid":{"rendered":"https:\/\/dentalcrnic.com\/?page_id=461"},"modified":"2024-02-19T11:22:21","modified_gmt":"2024-02-19T10:22:21","slug":"estetska-stomatologija","status":"publish","type":"page","link":"https:\/\/dentalcrnic.com\/sl\/estetska-stomatologija\/","title":{"rendered":"Estetska zobozdravstva"},"content":{"rendered":"<div data-elementor-type=\"wp-page\" data-elementor-id=\"461\" class=\"elementor elementor-461\" data-elementor-settings=\"{&quot;ha_cmc_init_switcher&quot;:&quot;no&quot;}\" data-elementor-post-type=\"page\">\n\t\t\t\t<div class=\"elementor-element elementor-element-77916c8 e-flex e-con-boxed e-con e-parent\" data-id=\"77916c8\" data-element_type=\"container\" data-e-type=\"container\" data-settings=\"{&quot;_ha_eqh_enable&quot;:false}\">\n\t\t\t\t\t<div class=\"e-con-inner\">\n\t\t\t\t<div class=\"elementor-element elementor-element-d4b6098 elementor-widget elementor-widget-heading\" data-id=\"d4b6098\" data-element_type=\"widget\" data-e-type=\"widget\" data-widget_type=\"heading.default\">\n\t\t\t\t<div class=\"elementor-widget-container\">\n\t\t\t\t\t<h2 class=\"elementor-heading-title elementor-size-default\">Usluga<\/h2>\t\t\t\t<\/div>\n\t\t\t\t<\/div>\n\t\t\t\t<div class=\"elementor-element elementor-element-062ba94 elementor-widget elementor-widget-heading\" data-id=\"062ba94\" data-element_type=\"widget\" data-e-type=\"widget\" data-widget_type=\"heading.default\">\n\t\t\t\t<div class=\"elementor-widget-container\">\n\t\t\t\t\t<h1 class=\"elementor-heading-title elementor-size-default\">Estetska zobozdravstva<\/h1>\t\t\t\t<\/div>\n\t\t\t\t<\/div>\n\t\t\t\t<div class=\"elementor-element elementor-element-057729a elementor-widget elementor-widget-image\" data-id=\"057729a\" data-element_type=\"widget\" data-e-type=\"widget\" data-widget_type=\"image.default\">\n\t\t\t\t<div class=\"elementor-widget-container\">\n\t\t\t\t\t\t\t\t\t\t\t\t\t\t\t<img fetchpriority=\"high\" decoding=\"async\" width=\"800\" height=\"534\" src=\"https:\/\/dentalcrnic.com\/wp-content\/uploads\/2024\/02\/OrdinacijaCrnic61-1024x683.jpg\" class=\"attachment-large size-large wp-image-1756\" alt=\"\" srcset=\"https:\/\/dentalcrnic.com\/wp-content\/uploads\/2024\/02\/OrdinacijaCrnic61-1024x683.jpg 1024w, https:\/\/dentalcrnic.com\/wp-content\/uploads\/2024\/02\/OrdinacijaCrnic61-300x200.jpg 300w, https:\/\/dentalcrnic.com\/wp-content\/uploads\/2024\/02\/OrdinacijaCrnic61-768x512.jpg 768w, https:\/\/dentalcrnic.com\/wp-content\/uploads\/2024\/02\/OrdinacijaCrnic61-1536x1025.jpg 1536w, https:\/\/dentalcrnic.com\/wp-content\/uploads\/2024\/02\/OrdinacijaCrnic61.jpg 1600w\" sizes=\"(max-width: 800px) 100vw, 800px\" title=\"\">\t\t\t\t\t\t\t\t\t\t\t\t\t\t\t<\/div>\n\t\t\t\t<\/div>\n\t\t\t\t<div class=\"elementor-element elementor-element-80378b0 elementor-widget elementor-widget-text-editor\" data-id=\"80378b0\" data-element_type=\"widget\" data-e-type=\"widget\" data-widget_type=\"text-editor.default\">\n\t\t\t\t<div class=\"elementor-widget-container\">\n\t\t\t\t\t\t\t\t\t<p>Estetska zobozdravstvena oskrba \u2013 obsega vse postopke, namenjene doseganju visoke estetike zob in nasmehov, ter maksimiziranju njihovega naravnega videza. To vklju\u010duje <strong>kerami\u010dne krone, veniere, mosti\u010dke, estetske zalivke (\"bele zalivke\"), beljenje zob ter \u010di\u0161\u010denje zobnega kamna, peskanje in poliranje<\/strong>.<\/p><p>Estetiko nasmeha lahko dose\u017eemo tudi z usklajevanjem zob in popravo ugriza ter zobnih lokov s pomo\u010djo <strong>ortodontskih aparatov (fiksnih zobnih aparatov in alignerjev)<\/strong>.<\/p><p><strong>Estetske zalivke<\/strong>\u00a0\u2013 dentalna karies je kroni\u010dna, kompleksna bakterijska oku\u017eba, ki jo je potrebno fizi\u010dno odstraniti in zamenjati z ustreznim materialom, da ohranimo zdravje zob in prepre\u010dimo nadaljnje \u0161irjenje gnilobe. <strong>Z uporabo anestezije in najkakovostnej\u0161ih materialov, <\/strong>priznanih kot najbolj\u0161i na evropskem trgu \u017ee mnogo let, si prizadevamo, da va\u0161e zobe trajno pozdravimo in obnovimo ter dose\u017eemo najve\u010djo podobnost z va\u0161imi naravnimi zobmi.<\/p><p><strong>Beljenje zob<\/strong>\u00a0je estetski zobozdravstveni postopek, ki uporablja specifi\u010dne izdelke za dosego <strong>enega ali ve\u010d odtenkov svetlej\u0161ih zob.&nbsp;<\/strong>Uspeh in dolgotrajnost rezultatov sta individualna in sta odvisna od sestave sklenine ter \u017eivljenjskega sloga in prehranjevalnih navad posameznika. Postopek <strong>ni \u0161kodljiv<\/strong> za zobe.<\/p><p><strong>\u010ci\u0161\u010denje zobnega kamna in plo\u0161\u010de<\/strong>\u00a0je zdravljenje za odstranjevanje zobnega kamna in pigmentacije z uporabo ultrazvo\u010dnega aparata. <strong>Zdravljenje ni bole\u010de.&nbsp;<\/strong>\u010ce so dlesni vnetljive in bole\u010de, zagotovo zagotovimo anestezijo in izvedemo postopek pod anestezijo. Priporo\u010dljivo je, da se ta postopek izvede <strong>vsaj dvakrat na leto,&nbsp;<\/strong>z zdravimi dlesnimi in dobro higieno. V primerih vnetja dlesni, parodontalitisa ali slabe higiene je potrebno postopek izvajati <strong>ve\u010d kot dvakrat na leto.&nbsp;<\/strong>To zdravljenje je pomembno ne le za estetiko, temve\u010d tudi za zdravje dlesni. Zobni kamen pogosto nabira pod dlesnimi, s \u010dimer oku\u017ei in dra\u017ei dlesni, kar pogosto vodi do <strong>gingivitisa <\/strong>(vnetja dlesni in krvavitve med \u0161\u010detkanjem).<\/p><p><strong>Peskanje zob<\/strong>\u00a0je zdravljenje za odstranjevanje manj\u0161ih pigmentacij in made\u017eev na zobeh. <strong>Ni \u0161kodljivo za sklenino.&nbsp;<\/strong>Pogosto ga kombiniramo s \u010di\u0161\u010denjem zobnega kamna in plo\u0161\u010de, saj <strong>nudi odli\u010den \"finishing\" postopek<\/strong> \u2013 dobro polira zobe in daje u\u010dinek belj\u0161ih zob zahvaljujo\u010d odstranitvi pigmentacije.<\/p>\t\t\t\t\t\t\t\t<\/div>\n\t\t\t\t<\/div>\n\t\t\t\t\t<\/div>\n\t\t\t\t<\/div>\n\t\t\t\t<\/div>","protected":false},"excerpt":{"rendered":"<p>Usluga Estetska stomatologija &#8211; ulaze svi zahvati kojima je cilj posti\u0107i visoku estetiku zuba i osmijeha, te \u0161to ve\u0107u prirodnost. Kerami\u010dke krunice, ljuskice, mostovi, estetski ispuni (\u201ebijele plombe\u201c), izbjeljivanje zubi, te \u010di\u0161\u0107enje zubnog kamenca, pjeskarenje i poliranje. Estetiku osmijeha tako\u0111er mo\u017eemo posti\u0107i i ravnanjem zubi i ispravljanjem zagriza i zubnog luka pomo\u0107u ortodontskih aparati\u0107a (fiksni [&hellip;]<\/p>\n","protected":false},"author":1,"featured_media":0,"parent":0,"menu_order":0,"comment_status":"closed","ping_status":"closed","template":"","meta":{"_acf_changed":false,"footnotes":""},"class_list":["post-461","page","type-page","status-publish","hentry"],"acf":[],"_links":{"self":[{"href":"https:\/\/dentalcrnic.com\/sl\/wp-json\/wp\/v2\/pages\/461","targetHints":{"allow":["GET"]}}],"collection":[{"href":"https:\/\/dentalcrnic.com\/sl\/wp-json\/wp\/v2\/pages"}],"about":[{"href":"https:\/\/dentalcrnic.com\/sl\/wp-json\/wp\/v2\/types\/page"}],"author":[{"embeddable":true,"href":"https:\/\/dentalcrnic.com\/sl\/wp-json\/wp\/v2\/users\/1"}],"replies":[{"embeddable":true,"href":"https:\/\/dentalcrnic.com\/sl\/wp-json\/wp\/v2\/comments?post=461"}],"version-history":[{"count":19,"href":"https:\/\/dentalcrnic.com\/sl\/wp-json\/wp\/v2\/pages\/461\/revisions"}],"predecessor-version":[{"id":1870,"href":"https:\/\/dentalcrnic.com\/sl\/wp-json\/wp\/v2\/pages\/461\/revisions\/1870"}],"wp:attachment":[{"href":"https:\/\/dentalcrnic.com\/sl\/wp-json\/wp\/v2\/media?parent=461"}],"curies":[{"name":"wp","href":"https:\/\/api.w.org\/{rel}","templated":true}]}}