{"id":476,"date":"2023-12-21T15:48:43","date_gmt":"2023-12-21T14:48:43","guid":{"rendered":"https:\/\/dentalcrnic.com\/?page_id=476"},"modified":"2025-04-15T09:52:08","modified_gmt":"2025-04-15T07:52:08","slug":"implantologija","status":"publish","type":"page","link":"https:\/\/dentalcrnic.com\/sl\/implantologija\/","title":{"rendered":"Implantologija"},"content":{"rendered":"<div data-elementor-type=\"wp-page\" data-elementor-id=\"476\" class=\"elementor elementor-476\" data-elementor-settings=\"{&quot;ha_cmc_init_switcher&quot;:&quot;no&quot;}\" data-elementor-post-type=\"page\">\n\t\t\t\t<div class=\"elementor-element elementor-element-96e8210 e-flex e-con-boxed e-con e-parent\" data-id=\"96e8210\" data-element_type=\"container\" data-e-type=\"container\" data-settings=\"{&quot;_ha_eqh_enable&quot;:false}\">\n\t\t\t\t\t<div class=\"e-con-inner\">\n\t\t\t\t<div class=\"elementor-element elementor-element-a04366e elementor-widget elementor-widget-heading\" data-id=\"a04366e\" data-element_type=\"widget\" data-e-type=\"widget\" data-widget_type=\"heading.default\">\n\t\t\t\t<div class=\"elementor-widget-container\">\n\t\t\t\t\t<h2 class=\"elementor-heading-title elementor-size-default\">Usluga<\/h2>\t\t\t\t<\/div>\n\t\t\t\t<\/div>\n\t\t\t\t<div class=\"elementor-element elementor-element-f651158 elementor-widget elementor-widget-heading\" data-id=\"f651158\" data-element_type=\"widget\" data-e-type=\"widget\" data-widget_type=\"heading.default\">\n\t\t\t\t<div class=\"elementor-widget-container\">\n\t\t\t\t\t<h1 class=\"elementor-heading-title elementor-size-default\">Implantologija<\/h1>\t\t\t\t<\/div>\n\t\t\t\t<\/div>\n\t\t\t\t<div class=\"elementor-element elementor-element-e1abdf6 elementor-widget elementor-widget-image\" data-id=\"e1abdf6\" data-element_type=\"widget\" data-e-type=\"widget\" data-widget_type=\"image.default\">\n\t\t\t\t<div class=\"elementor-widget-container\">\n\t\t\t\t\t\t\t\t\t\t\t\t\t\t\t<img fetchpriority=\"high\" decoding=\"async\" width=\"800\" height=\"534\" src=\"https:\/\/dentalcrnic.com\/wp-content\/uploads\/2024\/02\/shutterstock_2391711493-rsz-1024x683.jpg\" class=\"attachment-large size-large wp-image-1475\" alt=\"Implantologija\" srcset=\"https:\/\/dentalcrnic.com\/wp-content\/uploads\/2024\/02\/shutterstock_2391711493-rsz-1024x683.jpg 1024w, https:\/\/dentalcrnic.com\/wp-content\/uploads\/2024\/02\/shutterstock_2391711493-rsz-300x200.jpg 300w, https:\/\/dentalcrnic.com\/wp-content\/uploads\/2024\/02\/shutterstock_2391711493-rsz-768x512.jpg 768w, https:\/\/dentalcrnic.com\/wp-content\/uploads\/2024\/02\/shutterstock_2391711493-rsz-1536x1024.jpg 1536w, https:\/\/dentalcrnic.com\/wp-content\/uploads\/2024\/02\/shutterstock_2391711493-rsz.jpg 1600w\" sizes=\"(max-width: 800px) 100vw, 800px\" title=\"\">\t\t\t\t\t\t\t\t\t\t\t\t\t\t\t<\/div>\n\t\t\t\t<\/div>\n\t\t\t\t<div class=\"elementor-element elementor-element-14f23e0 elementor-widget elementor-widget-text-editor\" data-id=\"14f23e0\" data-element_type=\"widget\" data-e-type=\"widget\" data-widget_type=\"text-editor.default\">\n\t\t\t\t<div class=\"elementor-widget-container\">\n\t\t\t\t\t\t\t\t\t<p><strong>Implantologija \u2013 zobni Implantati<\/strong>\u00a0so trajne fiksne nadomestitve za manjkajo\u010de enega ali ve\u010d zob. Slu\u017eijo kot infrastruktura (v kosti, kot nadomestek za koren izgubljenega zoba), medtem ko zobne krone in mosti\u010dki slu\u017eijo kot nadgradnja (vidni del). Implantat se zdru\u017ei z okoli\u0161ko kostjo (osseointegracija), s \u010dimer se stabilizira v \u010deljusti.<\/p><p>\u010ce pride do pomanjkanja kosti in tkiva, uporabljamo <strong>najsodobnej\u0161e tehnike za pove\u010danje tkiva<\/strong> \u2013 kostne presaditve in elevacijo sinusa ter presaditve kosti in vezivnega tkiva, da zagotovimo uspe\u0161no namestitev, stabilnost in dolgotrajnost implantata.<\/p><p>Poleg tega uporabljamo <strong>plazmo bogato s trombociti (PRGF)<\/strong> za <strong>hitrej\u0161e in bolj\u0161e celjenje ran, udobnej\u0161e okrevanje<\/strong>&nbsp;vklju\u010dno s <strong>zmanj\u0161anje pooperativne bole\u010dine<\/strong> in <strong>otekline<\/strong>.<\/p><p>Zobni implantat je <strong>kakovostna in trajna nadomestitev<\/strong> za izgubljen zob, pomembna prednost pa je, da sosednji zobje niso po\u0161kodovani, kar pomeni, da jih ni treba brusiti, kot je potrebno pri mosti\u010dkih.<\/p><p>Pacienti poro\u010dajo o <strong>ob\u010dutku \"kot da bi bil njihov lastni zob\"&nbsp;<\/strong>in se hitro prilagodijo implantatu.<\/p><p>Obstaja\u00a0<strong>metoda za takoj\u0161nje obremenitev implantata<\/strong>\u00a0v <strong>48 urah<\/strong> po namestitvi, \u010de je situacija ugodna. \u010ce situacija ni primerna za to metodo, se lahko pri namestitvi implantata v spodnji \u010deljusti obremenitev nadgradnje <strong>odlo\u017ei za 2-3 mesece.<\/strong> Pri zgornji \u010deljusti v tak\u0161ni situaciji priporo\u010damo \u010dakanje <strong>4-6 mesecev<\/strong> na nadgradnjo.<\/p><p><b>Zobne krone<\/b> <strong>in mosti\u010dki<\/strong> se lahko namestijo na implantate kot fiksna re\u0161itev, medtem ko <strong>proteze<\/strong> slu\u017eijo kot pol-fiksna re\u0161itev.<\/p><p>V primeru bezobrazne \u010deljusti je mo\u017ena trajna fiksna re\u0161itev s pomo\u010djo 4-6 implantatov, na katere se lahko namesti fiksni mosti\u010dek <strong>(All on 4, All on 6).<\/strong><\/p><p>V na\u0161i kliniki uporabljamo <strong>vrhunske BTI-UniCa implantate,<\/strong> ki sodijo v <strong>premium kategorijo implantatov,<\/strong> obogatene s kalcijevimi ioniz na titanu.<\/p><p>Kalcij pripomore k hitrej\u0161i povezanosti z kostjo in izbolj\u0161a \u010disto\u010do povr\u0161ine, ki je <strong>prejela nagrado fundacije CleanImplant<\/strong> za najbolj\u0161o \u010disto\u010do povr\u0161ine zobnih implantatov na trgu.<\/p><p><strong>BTI implantati imajo pomembno prednost<\/strong> pred drugimi sistemi implantatov, saj <strong>prihajajo v kratkih dol\u017einah <\/strong>(5,5 mm), kar nudi odli\u010dno korist za re\u0161itve, ki vklju\u010dujejo pomembno izgubo kosti v zgornji in spodnji \u010deljusti, ter tako izogne dodatnim kirur\u0161kim posegom, ki so predpogoj za namestitev dalj\u0161ih implantatov.<\/p>\t\t\t\t\t\t\t\t<\/div>\n\t\t\t\t<\/div>\n\t\t\t\t<div class=\"elementor-element elementor-element-7d17131 elementor-widget elementor-widget-image\" data-id=\"7d17131\" data-element_type=\"widget\" data-e-type=\"widget\" data-widget_type=\"image.default\">\n\t\t\t\t<div class=\"elementor-widget-container\">\n\t\t\t\t\t\t\t\t\t\t\t\t\t\t\t<img decoding=\"async\" width=\"374\" height=\"277\" src=\"https:\/\/dentalcrnic.com\/wp-content\/uploads\/2023\/12\/Logo-bti.svg\" class=\"attachment-large size-large wp-image-1098\" alt=\"Stomatolo\u0161ka ordinacija roza prica logo bti\" title=\"\">\t\t\t\t\t\t\t\t\t\t\t\t\t\t\t<\/div>\n\t\t\t\t<\/div>\n\t\t\t\t\t<\/div>\n\t\t\t\t<\/div>\n\t\t\t\t<\/div>","protected":false},"excerpt":{"rendered":"<p>Usluga Implantologija &#8211; Zubni implantati\u00a0su trajni fiksni nadomjesci kod gubitka jednog ili vi\u0161e zubi. Oni predstavljaju infrastrukturu(u kosti, kao zamjena za korijen izgubljenog zuba), a zubne krunice i proteze predstavljaju suprastrukturu (vidljivi dio). Implantat sra\u0161tava sa okolnom kosti (oseointegracija) te se taj na\u010din u\u010dvr\u0161\u0107uje u \u010deljusti. Ukoliko postoji nedostatak kosti i tkiva, za uspje\u0161nu ugradnju, [&hellip;]<\/p>\n","protected":false},"author":1,"featured_media":0,"parent":0,"menu_order":0,"comment_status":"closed","ping_status":"closed","template":"","meta":{"_acf_changed":false,"footnotes":""},"class_list":["post-476","page","type-page","status-publish","hentry"],"acf":[],"_links":{"self":[{"href":"https:\/\/dentalcrnic.com\/sl\/wp-json\/wp\/v2\/pages\/476","targetHints":{"allow":["GET"]}}],"collection":[{"href":"https:\/\/dentalcrnic.com\/sl\/wp-json\/wp\/v2\/pages"}],"about":[{"href":"https:\/\/dentalcrnic.com\/sl\/wp-json\/wp\/v2\/types\/page"}],"author":[{"embeddable":true,"href":"https:\/\/dentalcrnic.com\/sl\/wp-json\/wp\/v2\/users\/1"}],"replies":[{"embeddable":true,"href":"https:\/\/dentalcrnic.com\/sl\/wp-json\/wp\/v2\/comments?post=476"}],"version-history":[{"count":28,"href":"https:\/\/dentalcrnic.com\/sl\/wp-json\/wp\/v2\/pages\/476\/revisions"}],"predecessor-version":[{"id":2358,"href":"https:\/\/dentalcrnic.com\/sl\/wp-json\/wp\/v2\/pages\/476\/revisions\/2358"}],"wp:attachment":[{"href":"https:\/\/dentalcrnic.com\/sl\/wp-json\/wp\/v2\/media?parent=476"}],"curies":[{"name":"wp","href":"https:\/\/api.w.org\/{rel}","templated":true}]}}