{"id":486,"date":"2023-12-21T15:52:44","date_gmt":"2023-12-21T14:52:44","guid":{"rendered":"https:\/\/dentalcrnic.com\/?page_id=486"},"modified":"2025-05-09T11:22:45","modified_gmt":"2025-05-09T09:22:45","slug":"parodontologija","status":"publish","type":"page","link":"https:\/\/dentalcrnic.com\/sl\/parodontologija\/","title":{"rendered":"Parodontologija"},"content":{"rendered":"<div data-elementor-type=\"wp-page\" data-elementor-id=\"486\" class=\"elementor elementor-486\" data-elementor-settings=\"{&quot;ha_cmc_init_switcher&quot;:&quot;no&quot;}\" data-elementor-post-type=\"page\">\n\t\t\t\t<div class=\"elementor-element elementor-element-3ea5a3b e-flex e-con-boxed e-con e-parent\" data-id=\"3ea5a3b\" data-element_type=\"container\" data-e-type=\"container\" data-settings=\"{&quot;_ha_eqh_enable&quot;:false}\">\n\t\t\t\t\t<div class=\"e-con-inner\">\n\t\t\t\t<div class=\"elementor-element elementor-element-a74ef57 elementor-widget elementor-widget-heading\" data-id=\"a74ef57\" data-element_type=\"widget\" data-e-type=\"widget\" data-widget_type=\"heading.default\">\n\t\t\t\t<div class=\"elementor-widget-container\">\n\t\t\t\t\t<h2 class=\"elementor-heading-title elementor-size-default\">Usluga<\/h2>\t\t\t\t<\/div>\n\t\t\t\t<\/div>\n\t\t\t\t<div class=\"elementor-element elementor-element-3703855 elementor-widget elementor-widget-heading\" data-id=\"3703855\" data-element_type=\"widget\" data-e-type=\"widget\" data-widget_type=\"heading.default\">\n\t\t\t\t<div class=\"elementor-widget-container\">\n\t\t\t\t\t<h1 class=\"elementor-heading-title elementor-size-default\">Parodontologija<\/h1>\t\t\t\t<\/div>\n\t\t\t\t<\/div>\n\t\t\t\t<div class=\"elementor-element elementor-element-3876a15 elementor-widget elementor-widget-image\" data-id=\"3876a15\" data-element_type=\"widget\" data-e-type=\"widget\" data-widget_type=\"image.default\">\n\t\t\t\t<div class=\"elementor-widget-container\">\n\t\t\t\t\t\t\t\t\t\t\t\t\t\t\t<img fetchpriority=\"high\" decoding=\"async\" width=\"800\" height=\"534\" src=\"https:\/\/dentalcrnic.com\/wp-content\/uploads\/2024\/02\/OrdinacijaCrnic101-1024x683.jpg\" class=\"attachment-large size-large wp-image-1761\" alt=\"\" srcset=\"https:\/\/dentalcrnic.com\/wp-content\/uploads\/2024\/02\/OrdinacijaCrnic101-1024x683.jpg 1024w, https:\/\/dentalcrnic.com\/wp-content\/uploads\/2024\/02\/OrdinacijaCrnic101-300x200.jpg 300w, https:\/\/dentalcrnic.com\/wp-content\/uploads\/2024\/02\/OrdinacijaCrnic101-768x512.jpg 768w, https:\/\/dentalcrnic.com\/wp-content\/uploads\/2024\/02\/OrdinacijaCrnic101-1536x1025.jpg 1536w, https:\/\/dentalcrnic.com\/wp-content\/uploads\/2024\/02\/OrdinacijaCrnic101.jpg 1600w\" sizes=\"(max-width: 800px) 100vw, 800px\" title=\"\">\t\t\t\t\t\t\t\t\t\t\t\t\t\t\t<\/div>\n\t\t\t\t<\/div>\n\t\t\t\t<div class=\"elementor-element elementor-element-ed635fc elementor-widget elementor-widget-text-editor\" data-id=\"ed635fc\" data-element_type=\"widget\" data-e-type=\"widget\" data-widget_type=\"text-editor.default\">\n\t\t\t\t<div class=\"elementor-widget-container\">\n\t\t\t\t\t\t\t\t\t<p>Parodontologija \u2013 veja zobozdravstva, ki se osredoto\u010da na zdravljenje parodontalnih bolezni (dlesni, kost in vlakna, ki dr\u017eijo koren zoba v kosti). Pogosto je genetsko predispozicija. Gingivitis (vnetje dlesni), \u010de se ga ne lotimo, lahko na koncu vodi do parodontalitisa (kroni\u010dne parodontalne bolezni, ki lahko napreduje do izgube zob).<\/p><p>Zelo pomembno je, da se <strong>parodontalna terapija<\/strong> izvede \u010dim prej. Ta terapija vklju\u010duje <strong>podrobno \u010di\u0161\u010denje zobnega kamna in poliranje, strganje zobnih korenin (kuret\u00e1\u017e), ter redne preglede in vzdr\u017eevanje (recall)<\/strong>. Vzdr\u017eevanje ustne higiene pacienta ima pomemben vpliv na napredovanje bolezni.<\/p><p>Parodontolo\u0161ka terapija pomeni <strong>dolgotrajno sodelovanje med zdravnikom in pacientom.<\/strong><\/p><p>Pred za\u010detkom terapije potrebujemo <strong>ortopantomogram (rentgensko sliko celotne \u010deljusti) in klini\u010dni pregled,<\/strong> v katerem pacienta seznanimo s postopkom in na\u010drtom terapije.<\/p><p>Kuret\u00e1\u017e se izvaja <strong>skrbno,<\/strong>&nbsp;pod <strong>lokalno anestezijo,&nbsp;<\/strong>kvadrant po kvadrantu.<\/p><p>Po dogovoru z nami se pacientu dolo\u010dijo <strong>redni pregledi.<\/strong><\/p><p>Z <strong>navodili in nasveti o ustni higieni<\/strong>&nbsp;si prizadevamo <strong>motivirati parodontalne paciente, da kar najbolje ohranijo zdrave dlesni in kost.<\/strong><\/p>\t\t\t\t\t\t\t\t<\/div>\n\t\t\t\t<\/div>\n\t\t\t\t\t<\/div>\n\t\t\t\t<\/div>\n\t\t\t\t<\/div>","protected":false},"excerpt":{"rendered":"<p>Usluga Parodontologija &#8211; Dio stomatologije koji se bavi lije\u010denjem bolesti parodonta (zubno meso, kost i vlakna kojima se korijen zuba dr\u017ei u kosti). \u010cesto je genetski uvjetovan. Gingivitis (upala zubnog mesa), ukoliko se ne sanira, mo\u017ee s vremenom dovesti do parodontitisa (kroni\u010dna bolest parodonta koja mo\u017ee napredovati do gubitka zubi). Bitno je provesti parodontolo\u0161ku terapiju [&hellip;]<\/p>\n","protected":false},"author":1,"featured_media":0,"parent":0,"menu_order":0,"comment_status":"closed","ping_status":"closed","template":"","meta":{"_acf_changed":false,"footnotes":""},"class_list":["post-486","page","type-page","status-publish","hentry"],"acf":[],"_links":{"self":[{"href":"https:\/\/dentalcrnic.com\/sl\/wp-json\/wp\/v2\/pages\/486","targetHints":{"allow":["GET"]}}],"collection":[{"href":"https:\/\/dentalcrnic.com\/sl\/wp-json\/wp\/v2\/pages"}],"about":[{"href":"https:\/\/dentalcrnic.com\/sl\/wp-json\/wp\/v2\/types\/page"}],"author":[{"embeddable":true,"href":"https:\/\/dentalcrnic.com\/sl\/wp-json\/wp\/v2\/users\/1"}],"replies":[{"embeddable":true,"href":"https:\/\/dentalcrnic.com\/sl\/wp-json\/wp\/v2\/comments?post=486"}],"version-history":[{"count":28,"href":"https:\/\/dentalcrnic.com\/sl\/wp-json\/wp\/v2\/pages\/486\/revisions"}],"predecessor-version":[{"id":2438,"href":"https:\/\/dentalcrnic.com\/sl\/wp-json\/wp\/v2\/pages\/486\/revisions\/2438"}],"wp:attachment":[{"href":"https:\/\/dentalcrnic.com\/sl\/wp-json\/wp\/v2\/media?parent=486"}],"curies":[{"name":"wp","href":"https:\/\/api.w.org\/{rel}","templated":true}]}}