{"id":494,"date":"2023-12-21T15:55:36","date_gmt":"2023-12-21T14:55:36","guid":{"rendered":"https:\/\/dentalcrnic.com\/?page_id=494"},"modified":"2025-05-09T11:14:50","modified_gmt":"2025-05-09T09:14:50","slug":"ortodoncija","status":"publish","type":"page","link":"https:\/\/dentalcrnic.com\/sl\/ortodoncija\/","title":{"rendered":"Ortodontija"},"content":{"rendered":"<div data-elementor-type=\"wp-page\" data-elementor-id=\"494\" class=\"elementor elementor-494\" data-elementor-settings=\"{&quot;ha_cmc_init_switcher&quot;:&quot;no&quot;}\" data-elementor-post-type=\"page\">\n\t\t\t\t<div class=\"elementor-element elementor-element-4f20a2b e-flex e-con-boxed e-con e-parent\" data-id=\"4f20a2b\" data-element_type=\"container\" data-e-type=\"container\" data-settings=\"{&quot;_ha_eqh_enable&quot;:false}\">\n\t\t\t\t\t<div class=\"e-con-inner\">\n\t\t\t\t<div class=\"elementor-element elementor-element-fdb1376 elementor-widget elementor-widget-heading\" data-id=\"fdb1376\" data-element_type=\"widget\" data-e-type=\"widget\" data-widget_type=\"heading.default\">\n\t\t\t\t<div class=\"elementor-widget-container\">\n\t\t\t\t\t<h2 class=\"elementor-heading-title elementor-size-default\">Usluga<\/h2>\t\t\t\t<\/div>\n\t\t\t\t<\/div>\n\t\t\t\t<div class=\"elementor-element elementor-element-e131c2a elementor-widget elementor-widget-heading\" data-id=\"e131c2a\" data-element_type=\"widget\" data-e-type=\"widget\" data-widget_type=\"heading.default\">\n\t\t\t\t<div class=\"elementor-widget-container\">\n\t\t\t\t\t<h1 class=\"elementor-heading-title elementor-size-default\">Ortodontija<\/h1>\t\t\t\t<\/div>\n\t\t\t\t<\/div>\n\t\t\t\t<div class=\"elementor-element elementor-element-c3f13bb elementor-widget elementor-widget-image\" data-id=\"c3f13bb\" data-element_type=\"widget\" data-e-type=\"widget\" data-widget_type=\"image.default\">\n\t\t\t\t<div class=\"elementor-widget-container\">\n\t\t\t\t\t\t\t\t\t\t\t\t\t\t\t<img fetchpriority=\"high\" decoding=\"async\" width=\"800\" height=\"530\" src=\"https:\/\/dentalcrnic.com\/wp-content\/uploads\/2024\/02\/shutterstock_573952750-rsz-1024x678.jpg\" class=\"attachment-large size-large wp-image-1472\" alt=\"ortodoncija - pregled zuba zena ljubicatse rukavice\" srcset=\"https:\/\/dentalcrnic.com\/wp-content\/uploads\/2024\/02\/shutterstock_573952750-rsz-1024x678.jpg 1024w, https:\/\/dentalcrnic.com\/wp-content\/uploads\/2024\/02\/shutterstock_573952750-rsz-300x199.jpg 300w, https:\/\/dentalcrnic.com\/wp-content\/uploads\/2024\/02\/shutterstock_573952750-rsz-768x509.jpg 768w, https:\/\/dentalcrnic.com\/wp-content\/uploads\/2024\/02\/shutterstock_573952750-rsz-1536x1018.jpg 1536w, https:\/\/dentalcrnic.com\/wp-content\/uploads\/2024\/02\/shutterstock_573952750-rsz.jpg 1600w\" sizes=\"(max-width: 800px) 100vw, 800px\" title=\"\">\t\t\t\t\t\t\t\t\t\t\t\t\t\t\t<\/div>\n\t\t\t\t<\/div>\n\t\t\t\t<div class=\"elementor-element elementor-element-99a1137 elementor-widget elementor-widget-text-editor\" data-id=\"99a1137\" data-element_type=\"widget\" data-e-type=\"widget\" data-widget_type=\"text-editor.default\">\n\t\t\t\t<div class=\"elementor-widget-container\">\n\t\t\t\t\t\t\t\t\t<p>Ortodontija \u2013 vedno bolj priljubljena ve Branch zobozdravstva. \"Ravni, lepi zobje\" in pravilen ugriz niso le <strong>estetski vpra\u0161anja,&nbsp;<\/strong>ampak tudi <strong>zdravje \u010deljustnega sklepa<\/strong> ter zmo\u017enost <strong>ohranjanja dobre ustne higiene<\/strong> (pretrgani zobje so bolj dovzetni za kontaktnu karies). Priporo\u010dljivo je, da se <strong>prvi pregled izvede v pred\u0161olskem veku.<\/strong> V tej fazi je mogo\u010de popraviti manj\u0161e nepravilnosti in predvideti prihodnje te\u017eave.<\/p><p>Obstajajo\u00a0<strong>snemni in fiksni ortodontski aparati ter prozorne alignerje<\/strong>. Glede na starost pacienta in zapletenost situacije v ustih dolo\u010dimo skupaj s pacientom, kateri aparat je najprimernej\u0161i.<\/p><p><strong>Sodobno zobozdravstvo uporablja fiksne ortodontske aparate<\/strong> za popravo ugriza pri odraslih pacientih, ki so izgubili nekaj zob in do\u017eiveli premike. Prej so bili tak\u0161ni zobje pogosto usmerjeni v bru\u0161enje in kraj\u0161anje, da bi naredili prostor za implantat ali most. Vendar zdaj ponujamo <strong>bolj moderno, kakovostno re\u0161itev, ki ohranja sosednje zobe<\/strong> fiksni aparat, ki ustvari prostor za manjkajo\u010di zob, ki ga je mogo\u010de kasneje obnoviti.<\/p><p>Fiksni ortodontski aparati so na voljo v obliki <strong>kovinskih nosilcev in belih (estetskih) nosilcev.&nbsp;<\/strong>Pacient se odlo\u010di, katero vrsto nosilcev raje izbere.<\/p><p><strong>Prvi ortodontski pregled<\/strong> vklju\u010duje pogovor s pacientom, med katerim pacient izrazi svoje \u017eelje in cilje.<\/p><p>\u010ce se terapija pri\u010dne, se vzamejo odtisi in ugriz ter fotografira zobe in ustno stanje pacienta.<\/p><p>Klju\u010dni korak pred namestitvijo aparata je <strong>zdravljenje morebitnih karies v ustih ter \u010di\u0161\u010denje zobnega kamna in peskanje<\/strong>. Vse zobe je treba zdraviti (pozdraviti), dlesni pa morajo biti zdrave, preden se aparat namesti. Pacient prejme tudi <strong>navodila za vzdr\u017eevanje ustne higiene, prilagojena za fiksne aparate,<\/strong> kar je pomembno upo\u0161tevati skozi celotno terapijo.<\/p><p>Po namestitvi aparata je pacientu dolo\u010den redni pregled in prejme <strong>na\u0161o popolno podporo<\/strong> skozi celoten postopek zdravljenja.<\/p><p>Trajanje terapije je<strong> individualizirano<\/strong>.<\/p>\t\t\t\t\t\t\t\t<\/div>\n\t\t\t\t<\/div>\n\t\t\t\t<div class=\"elementor-element elementor-element-0f5a664 elementor-widget elementor-widget-gallery\" data-id=\"0f5a664\" data-element_type=\"widget\" data-e-type=\"widget\" data-settings=\"{&quot;columns&quot;:3,&quot;lazyload&quot;:&quot;yes&quot;,&quot;gallery_layout&quot;:&quot;grid&quot;,&quot;columns_tablet&quot;:2,&quot;columns_mobile&quot;:1,&quot;gap&quot;:{&quot;unit&quot;:&quot;px&quot;,&quot;size&quot;:10,&quot;sizes&quot;:[]},&quot;gap_tablet&quot;:{&quot;unit&quot;:&quot;px&quot;,&quot;size&quot;:10,&quot;sizes&quot;:[]},&quot;gap_mobile&quot;:{&quot;unit&quot;:&quot;px&quot;,&quot;size&quot;:10,&quot;sizes&quot;:[]},&quot;link_to&quot;:&quot;file&quot;,&quot;aspect_ratio&quot;:&quot;3:2&quot;,&quot;overlay_background&quot;:&quot;yes&quot;,&quot;content_hover_animation&quot;:&quot;fade-in&quot;}\" data-widget_type=\"gallery.default\">\n\t\t\t\t<div class=\"elementor-widget-container\">\n\t\t\t\t\t\t\t<div class=\"elementor-gallery__container\">\n\t\t\t\t\t\t\t<a class=\"e-gallery-item elementor-gallery-item elementor-animated-content\" href=\"https:\/\/dentalcrnic.com\/wp-content\/uploads\/2024\/02\/OrdinacijaCrnic34.jpg\" data-elementor-open-lightbox=\"yes\" data-elementor-lightbox-slideshow=\"0f5a664\" data-elementor-lightbox-title=\"OrdinacijaCrnic(34)\" data-e-action-hash=\"#elementor-action%3Aaction%3Dlightbox%26settings%3DeyJpZCI6MTc4MSwidXJsIjoiaHR0cHM6XC9cL2RlbnRhbGNybmljLmNvbVwvd3AtY29udGVudFwvdXBsb2Fkc1wvMjAyNFwvMDJcL09yZGluYWNpamFDcm5pYzM0LmpwZyIsInNsaWRlc2hvdyI6IjBmNWE2NjQifQ%3D%3D\">\n\t\t\t\t\t<div class=\"e-gallery-image elementor-gallery-item__image\" data-thumbnail=\"https:\/\/dentalcrnic.com\/wp-content\/uploads\/2024\/02\/OrdinacijaCrnic34-300x200.jpg\" data-width=\"300\" data-height=\"200\" aria-label=\"\" role=\"img\" ><\/div>\n\t\t\t\t\t\t\t\t\t\t\t<div class=\"elementor-gallery-item__overlay\"><\/div>\n\t\t\t\t\t\t\t\t\t\t\t\t\t\t<\/a>\n\t\t\t\t\t\t\t<a class=\"e-gallery-item elementor-gallery-item elementor-animated-content\" href=\"https:\/\/dentalcrnic.com\/wp-content\/uploads\/2024\/02\/OrdinacijaCrnic126-scaled.jpg\" data-elementor-open-lightbox=\"yes\" data-elementor-lightbox-slideshow=\"0f5a664\" data-elementor-lightbox-title=\"OrdinacijaCrnic(126)\" data-e-action-hash=\"#elementor-action%3Aaction%3Dlightbox%26settings%3DeyJpZCI6MTc2NiwidXJsIjoiaHR0cHM6XC9cL2RlbnRhbGNybmljLmNvbVwvd3AtY29udGVudFwvdXBsb2Fkc1wvMjAyNFwvMDJcL09yZGluYWNpamFDcm5pYzEyNi1zY2FsZWQuanBnIiwic2xpZGVzaG93IjoiMGY1YTY2NCJ9\">\n\t\t\t\t\t<div class=\"e-gallery-image elementor-gallery-item__image\" data-thumbnail=\"https:\/\/dentalcrnic.com\/wp-content\/uploads\/2024\/02\/OrdinacijaCrnic126-200x300.jpg\" data-width=\"200\" data-height=\"300\" aria-label=\"\" role=\"img\" ><\/div>\n\t\t\t\t\t\t\t\t\t\t\t<div class=\"elementor-gallery-item__overlay\"><\/div>\n\t\t\t\t\t\t\t\t\t\t\t\t\t\t<\/a>\n\t\t\t\t\t\t\t<a class=\"e-gallery-item elementor-gallery-item elementor-animated-content\" href=\"https:\/\/dentalcrnic.com\/wp-content\/uploads\/2024\/02\/OrdinacijaCrnic121.jpg\" data-elementor-open-lightbox=\"yes\" data-elementor-lightbox-slideshow=\"0f5a664\" data-elementor-lightbox-title=\"OrdinacijaCrnic(121)\" data-e-action-hash=\"#elementor-action%3Aaction%3Dlightbox%26settings%3DeyJpZCI6MTc2NSwidXJsIjoiaHR0cHM6XC9cL2RlbnRhbGNybmljLmNvbVwvd3AtY29udGVudFwvdXBsb2Fkc1wvMjAyNFwvMDJcL09yZGluYWNpamFDcm5pYzEyMS5qcGciLCJzbGlkZXNob3ciOiIwZjVhNjY0In0%3D\">\n\t\t\t\t\t<div class=\"e-gallery-image elementor-gallery-item__image\" data-thumbnail=\"https:\/\/dentalcrnic.com\/wp-content\/uploads\/2024\/02\/OrdinacijaCrnic121-300x200.jpg\" data-width=\"300\" data-height=\"200\" aria-label=\"\" role=\"img\" ><\/div>\n\t\t\t\t\t\t\t\t\t\t\t<div class=\"elementor-gallery-item__overlay\"><\/div>\n\t\t\t\t\t\t\t\t\t\t\t\t\t\t<\/a>\n\t\t\t\t\t<\/div>\n\t\t\t\t\t<\/div>\n\t\t\t\t<\/div>\n\t\t\t\t\t<\/div>\n\t\t\t\t<\/div>\n\t\t\t\t<\/div>","protected":false},"excerpt":{"rendered":"<p>Usluga Ortodoncija &#8211; Sve popularnija grana stomatologije. \u201eRavni, lijepi zubi\u201c i dobar zagriz nije samo stvar estetike, ve\u0107 i zdravlja \u010deljusnog zgloba i mogu\u0107nosti odr\u017eavanja dobre oralne higijene (prenagurani zubi su skloniji kontaktnim karijesima). Prvi pregled preporu\u010da se u pred\u0161kolskoj dobi. Tada se ve\u0107 mogu ispravljati manje nepravilnosti, te predvidjeti budu\u0107e nepravilnosti. Postoje\u00a0mobilni i fiksni [&hellip;]<\/p>\n","protected":false},"author":1,"featured_media":0,"parent":0,"menu_order":0,"comment_status":"closed","ping_status":"closed","template":"","meta":{"_acf_changed":false,"footnotes":""},"class_list":["post-494","page","type-page","status-publish","hentry"],"acf":[],"_links":{"self":[{"href":"https:\/\/dentalcrnic.com\/sl\/wp-json\/wp\/v2\/pages\/494","targetHints":{"allow":["GET"]}}],"collection":[{"href":"https:\/\/dentalcrnic.com\/sl\/wp-json\/wp\/v2\/pages"}],"about":[{"href":"https:\/\/dentalcrnic.com\/sl\/wp-json\/wp\/v2\/types\/page"}],"author":[{"embeddable":true,"href":"https:\/\/dentalcrnic.com\/sl\/wp-json\/wp\/v2\/users\/1"}],"replies":[{"embeddable":true,"href":"https:\/\/dentalcrnic.com\/sl\/wp-json\/wp\/v2\/comments?post=494"}],"version-history":[{"count":37,"href":"https:\/\/dentalcrnic.com\/sl\/wp-json\/wp\/v2\/pages\/494\/revisions"}],"predecessor-version":[{"id":2432,"href":"https:\/\/dentalcrnic.com\/sl\/wp-json\/wp\/v2\/pages\/494\/revisions\/2432"}],"wp:attachment":[{"href":"https:\/\/dentalcrnic.com\/sl\/wp-json\/wp\/v2\/media?parent=494"}],"curies":[{"name":"wp","href":"https:\/\/api.w.org\/{rel}","templated":true}]}}