{"id":499,"date":"2023-12-21T15:56:53","date_gmt":"2023-12-21T14:56:53","guid":{"rendered":"https:\/\/dentalcrnic.com\/?page_id=499"},"modified":"2025-05-09T09:32:42","modified_gmt":"2025-05-09T07:32:42","slug":"estetika-lica","status":"publish","type":"page","link":"https:\/\/dentalcrnic.com\/sl\/estetika-lica\/","title":{"rendered":"Facialna estetika"},"content":{"rendered":"<div data-elementor-type=\"wp-page\" data-elementor-id=\"499\" class=\"elementor elementor-499\" data-elementor-settings=\"{&quot;ha_cmc_init_switcher&quot;:&quot;no&quot;}\" data-elementor-post-type=\"page\">\n\t\t\t\t<div class=\"elementor-element elementor-element-bc7c512 e-flex e-con-boxed e-con e-parent\" data-id=\"bc7c512\" data-element_type=\"container\" data-e-type=\"container\" data-settings=\"{&quot;_ha_eqh_enable&quot;:false}\">\n\t\t\t\t\t<div class=\"e-con-inner\">\n\t\t\t\t<div class=\"elementor-element elementor-element-4ce2681 elementor-widget elementor-widget-heading\" data-id=\"4ce2681\" data-element_type=\"widget\" data-e-type=\"widget\" data-widget_type=\"heading.default\">\n\t\t\t\t<div class=\"elementor-widget-container\">\n\t\t\t\t\t<h2 class=\"elementor-heading-title elementor-size-default\">Usluga<\/h2>\t\t\t\t<\/div>\n\t\t\t\t<\/div>\n\t\t\t\t<div class=\"elementor-element elementor-element-f84f781 elementor-widget elementor-widget-heading\" data-id=\"f84f781\" data-element_type=\"widget\" data-e-type=\"widget\" data-widget_type=\"heading.default\">\n\t\t\t\t<div class=\"elementor-widget-container\">\n\t\t\t\t\t<h1 class=\"elementor-heading-title elementor-size-default\">Facialna estetika<\/h1>\t\t\t\t<\/div>\n\t\t\t\t<\/div>\n\t\t\t\t<div class=\"elementor-element elementor-element-8463086 elementor-widget elementor-widget-image\" data-id=\"8463086\" data-element_type=\"widget\" data-e-type=\"widget\" data-widget_type=\"image.default\">\n\t\t\t\t<div class=\"elementor-widget-container\">\n\t\t\t\t\t\t\t\t\t\t\t\t\t\t\t<img fetchpriority=\"high\" decoding=\"async\" width=\"800\" height=\"534\" src=\"https:\/\/dentalcrnic.com\/wp-content\/uploads\/2024\/02\/shutterstock_1179164458-rsz-1024x683.jpg\" class=\"attachment-large size-large wp-image-1478\" alt=\"Estetika lica\" srcset=\"https:\/\/dentalcrnic.com\/wp-content\/uploads\/2024\/02\/shutterstock_1179164458-rsz-1024x683.jpg 1024w, https:\/\/dentalcrnic.com\/wp-content\/uploads\/2024\/02\/shutterstock_1179164458-rsz-300x200.jpg 300w, https:\/\/dentalcrnic.com\/wp-content\/uploads\/2024\/02\/shutterstock_1179164458-rsz-768x512.jpg 768w, https:\/\/dentalcrnic.com\/wp-content\/uploads\/2024\/02\/shutterstock_1179164458-rsz-1536x1024.jpg 1536w, https:\/\/dentalcrnic.com\/wp-content\/uploads\/2024\/02\/shutterstock_1179164458-rsz.jpg 1600w\" sizes=\"(max-width: 800px) 100vw, 800px\" title=\"\">\t\t\t\t\t\t\t\t\t\t\t\t\t\t\t<\/div>\n\t\t\t\t<\/div>\n\t\t\t\t<div class=\"elementor-element elementor-element-878705f elementor-widget elementor-widget-text-editor\" data-id=\"878705f\" data-element_type=\"widget\" data-e-type=\"widget\" data-widget_type=\"text-editor.default\">\n\t\t\t\t<div class=\"elementor-widget-container\">\n\t\t\t\t\t\t\t\t\t<p><strong>Facialna estetika \u2013 Mezoterapija obraza<\/strong>\u00a0je zdravljenje, ki se uporablja za <strong>regeneracijo ko\u017ee&nbsp;<\/strong> obnavljanje elasti\u010dnosti in sijaja ter izbolj\u0161anje tonusa ko\u017ee. Temelj mezoterapije so mezokokteli, ki se injicirajo v zgornje plasti ko\u017ee. Ti <strong>mezokokteli<\/strong> vsebujejo razli\u010dne <strong>aminokisline, vitamine in ceramide.<\/strong>&nbsp;Spodbujajo <strong>revitalizacijo ko\u017ee, zmanj\u0161ujejo hiperpigmentacijo<\/strong>, stimulirajo <strong>proizvodnjo kolagena<\/strong>, obnavljajo ko\u017ene celice, zagotavljajo <strong>globoko vla\u017enost<\/strong>, zmanj\u0161ujejo raz\u0161irjene pore in prepre\u010dujejo nastanek gub. Priporo\u010dljivo je izvesti zdravljenje <strong>trikrat v razmikih dveh tednov,<\/strong> nato pa glede na \u017eelje in potrebe pacienta.<\/p><p><strong>Ko\u017eni boosterji\u00a0<\/strong>vsebujejo hialuronsko kislino, ki je veliko manj koncentrirana in manj viskozna kot tista, ki se uporablja v dermalnih polnilih, kar omogo\u010da okrepljeno podko\u017eno vla\u017enost <strong>brez spreminjanja obraznih kontur.&nbsp;<\/strong>Zdravljenje je brez bole\u010din in hitro. Ko\u017ea se zdi <strong>bolj sve\u017ea, zdrava in negovana.&nbsp;<\/strong>Tako kot pri mezoterapiji je <strong>priporo\u010dljivo<\/strong>&nbsp;izvesti to zdravljenje <strong>trikrat v razmikih dveh tednov<\/strong>, kasneje pa glede na preference pacienta.<\/p><p><strong>Hialuronska dermalna polnila<\/strong>\u00a0so vse bolj priljubljeni dermatolo\u0161ki izdelki, ki se uporabljajo za zmanj\u0161anje finih in globljih gub, brazgotin, oblikovanje in konturiranje ustnic ter <strong>revitalizacijo ko\u017ee<\/strong>. Hialuronska kislina je njihova osnovna sestavina, ki daje ko\u017ei <strong>elasti\u010dnost in mladosten \"sve\u017e\" videz.<\/strong>&nbsp;S staranjem ko\u017ee se izgublja hialuronska kislina, kar vodi do suhe ko\u017ee in nastanka gub. Aplikacija polnil je hitra in preprosta, z neposrednimi vidnimi rezultati.<\/p><p><strong>Botox\u00a0<\/strong>se uporablja za zmanj\u0161anje gub na \u010delu, sme\u0161nih gub okoli o\u010di in finih linij okoli ust. Njegova glavna sestavina je naravni protein, ki ga proizvaja bakterija Clostridium botulinum.<\/p><p>Vbrizga se v ciljni mi\u0161ici, odgovorni za obrazne gube, kar omili gibanje te mi\u0161ice in s tem zmanj\u0161a nastanek dinami\u010dnih gub.<\/p><p>Priporo\u010dljivo je za\u010deti zdravljenje ob prvih znakih gub, po 30. letu. V tem primeru se aplikacija izvede v manj\u0161ih odmerkih&nbsp;<strong>(Baby Botox)<\/strong>&nbsp;kar dose\u017ee preventivni u\u010dinek s prepre\u010devanjem poglabljanja obstoje\u010dih gub in nastanka novih. Za optimalne rezultate je priporo\u010dljivo imeti <strong>2-3 tretmajev na leto.<\/strong><\/p>\t\t\t\t\t\t\t\t<\/div>\n\t\t\t\t<\/div>\n\t\t\t\t\t<\/div>\n\t\t\t\t<\/div>\n\t\t\t\t<\/div>","protected":false},"excerpt":{"rendered":"<p>Usluga Estetika lica &#8211; Mezoterapija lica\u00a0je tretman koji se primjenjuje u svrhu regeneracije ko\u017ee \u2013 vra\u0107anja elasti\u010dnosti i sjaja te pobolj\u0161anja tonusa ko\u017ee. Temelj mezoterapije su mezokokteli koji se ubrizgavaju u gornje slojeve ko\u017ee. Mezokokteli sadr\u017ee razli\u010dite aminokiseline, vitamine, te ceramide. Poti\u010de revitalizaciju ko\u017ee, smanjuje hiperpigmentacije, poti\u010de stvaranje kolagena, obnavlja stanice ko\u017ee, daje dubinsku hidrataciju, [&hellip;]<\/p>\n","protected":false},"author":1,"featured_media":0,"parent":0,"menu_order":0,"comment_status":"closed","ping_status":"closed","template":"","meta":{"_acf_changed":false,"footnotes":""},"class_list":["post-499","page","type-page","status-publish","hentry"],"acf":[],"_links":{"self":[{"href":"https:\/\/dentalcrnic.com\/sl\/wp-json\/wp\/v2\/pages\/499","targetHints":{"allow":["GET"]}}],"collection":[{"href":"https:\/\/dentalcrnic.com\/sl\/wp-json\/wp\/v2\/pages"}],"about":[{"href":"https:\/\/dentalcrnic.com\/sl\/wp-json\/wp\/v2\/types\/page"}],"author":[{"embeddable":true,"href":"https:\/\/dentalcrnic.com\/sl\/wp-json\/wp\/v2\/users\/1"}],"replies":[{"embeddable":true,"href":"https:\/\/dentalcrnic.com\/sl\/wp-json\/wp\/v2\/comments?post=499"}],"version-history":[{"count":44,"href":"https:\/\/dentalcrnic.com\/sl\/wp-json\/wp\/v2\/pages\/499\/revisions"}],"predecessor-version":[{"id":2411,"href":"https:\/\/dentalcrnic.com\/sl\/wp-json\/wp\/v2\/pages\/499\/revisions\/2411"}],"wp:attachment":[{"href":"https:\/\/dentalcrnic.com\/sl\/wp-json\/wp\/v2\/media?parent=499"}],"curies":[{"name":"wp","href":"https:\/\/api.w.org\/{rel}","templated":true}]}}